{"id":11094,"date":"2025-06-21T06:03:29","date_gmt":"2025-06-21T06:03:29","guid":{"rendered":"https:\/\/govisaglobal.com\/zasady-pouzivani-souboru-cookie\/"},"modified":"2025-07-13T18:53:23","modified_gmt":"2025-07-13T18:53:23","slug":"zasady-pouzivani-souboru-cookie","status":"publish","type":"page","link":"https:\/\/govisaglobal.com\/cs\/zasady-pouzivani-souboru-cookie\/","title":{"rendered":"Z\u00e1sady pou\u017e\u00edv\u00e1n\u00ed soubor\u016f cookie"},"content":{"rendered":"\t\t<div data-elementor-type=\"wp-page\" data-elementor-id=\"11094\" class=\"elementor elementor-11094 elementor-1742\" data-elementor-post-type=\"page\">\n\t\t\t\t<div class=\"elementor-element elementor-element-6005376 e-flex e-con-boxed e-con e-parent\" data-id=\"6005376\" data-element_type=\"container\" data-e-type=\"container\">\n\t\t\t\t\t<div class=\"e-con-inner\">\n\t\t<div class=\"elementor-element elementor-element-1b6ff59 e-con-full e-flex e-con e-child\" data-id=\"1b6ff59\" data-element_type=\"container\" data-e-type=\"container\">\n\t\t<div class=\"elementor-element elementor-element-9a256bc e-con-full e-flex e-con e-child\" data-id=\"9a256bc\" data-element_type=\"container\" data-e-type=\"container\" data-settings=\"{&quot;background_background&quot;:&quot;classic&quot;}\">\n\t\t\t\t<div class=\"elementor-element elementor-element-2b6ce32 elementor-widget elementor-widget-post-info\" data-id=\"2b6ce32\" data-element_type=\"widget\" data-e-type=\"widget\" data-widget_type=\"post-info.default\">\n\t\t\t\t<div class=\"elementor-widget-container\">\n\t\t\t\t\t\t\t<ul class=\"elementor-inline-items elementor-icon-list-items elementor-post-info\">\n\t\t\t\t\t\t\t\t<li class=\"elementor-icon-list-item elementor-repeater-item-40ac0bb elementor-inline-item\">\n\t\t\t\t\t\t\t\t\t\t\t\t\t<span class=\"elementor-icon-list-text elementor-post-info__item elementor-post-info__item--type-custom\">\n\t\t\t\t\t\t\t\t\t\tPosledn\u00ed aktualizace: 13 \u010dervence 2025\t\t\t\t\t<\/span>\n\t\t\t\t\t\t\t\t<\/li>\n\t\t\t\t<\/ul>\n\t\t\t\t\t\t<\/div>\n\t\t\t\t<\/div>\n\t\t\t\t<div class=\"elementor-element elementor-element-479a149 elementor-widget elementor-widget-spacer\" data-id=\"479a149\" data-element_type=\"widget\" data-e-type=\"widget\" data-widget_type=\"spacer.default\">\n\t\t\t\t<div class=\"elementor-widget-container\">\n\t\t\t\t\t\t\t<div class=\"elementor-spacer\">\n\t\t\t<div class=\"elementor-spacer-inner\"><\/div>\n\t\t<\/div>\n\t\t\t\t\t\t<\/div>\n\t\t\t\t<\/div>\n\t\t\t\t<div class=\"elementor-element elementor-element-08b9d0c elementor-widget elementor-widget-text-editor\" data-id=\"08b9d0c\" data-element_type=\"widget\" data-e-type=\"widget\" data-widget_type=\"text-editor.default\">\n\t\t\t\t<div class=\"elementor-widget-container\">\n\t\t\t\t\t\t\t\t\t<p><em>Na tomto webu pou\u017e\u00edv\u00e1me soubory cookie. N\u00ed\u017ee naleznete podrobn\u00e9 informace o typech na\u0161ich soubor\u016f cookie, jejich \u00fa\u010delech a va\u0161em pr\u00e1vu na spr\u00e1vu soubor\u016f cookie. <\/em><\/p>\t\t\t\t\t\t\t\t<\/div>\n\t\t\t\t<\/div>\n\t\t\t\t<div class=\"elementor-element elementor-element-d964092 elementor-widget-mobile__width-inherit elementor-widget elementor-widget-text-editor\" data-id=\"d964092\" data-element_type=\"widget\" data-e-type=\"widget\" data-widget_type=\"text-editor.default\">\n\t\t\t\t<div class=\"elementor-widget-container\">\n\t\t\t\t\t\t\t\t\t<p>1. KDO JE ODPOV\u011aDN\u00dd ZA COOKIES NA UKETASUPPORT.COM?<\/p><p>2. CO BYSTE M\u011aLI V\u011aD\u011aT O COOKIES?<\/p><p>3. JAK\u00c9 COOKIES POU\u017d\u00cdV\u00c1ME?<\/p><p>4. SOUHLAS S COOKIES<\/p><p>5. JAK VYPNOUT COOKIES?<\/p><p>6. REKLAMA NA Z\u00c1KLAD\u011a Z\u00c1JM\u016e<\/p><p>7. GOOGLE ANALYTICS<\/p><p>8. GOOGLE reCAPCHA<\/p><p>9. FACEBOOK CUSTOM AUDIENCE<\/p><p>10. KONTAKT<\/p><p><a name=\"_Toc\"><\/a><strong>1. KDO JE ODPOV\u011aDN\u00dd ZA COOKIES NA STR\u00c1NK\u00c1CH UKETASUPPORT.COM?<\/strong><\/p><p>Spr\u00e1vcem osobn\u00edch \u00fadaj\u016f, kter\u00fd je odpov\u011bdn\u00fd za zpracov\u00e1n\u00ed osobn\u00edch \u00fadaj\u016f prost\u0159ednictv\u00edm webov\u00fdch str\u00e1nek <a href=\"https:\/\/govisaglobal.com\">https:\/\/govisaglobal.com<\/a>, souvisej\u00edc\u00edch dom\u00e9nov\u00fdch jmen, softwaru a slu\u017eeb (souhrnn\u011b \u201e<strong>uketasupport.com<\/strong>\u201c), v\u010detn\u011b umis\u0165ov\u00e1n\u00ed cookies prvn\u00ed strany, je TRAVEL MUNDO \u2013 FZCO s licen\u010dn\u00edm \u010d\u00edslem 28833 (\u201e<strong>my<\/strong>\u201c, \u201e<strong>n\u00e1s<\/strong>\u201c nebo \u201e<strong>na\u0161e<\/strong>\u201c).<\/p><p><a name=\"_Toc1\"><\/a><strong>2. CO BYSTE M\u011aLI V\u011aD\u011aT O COOKIES?<\/strong><\/p><p>Cookie je mal\u00fd soubor dat, kter\u00fd se obvykle skl\u00e1d\u00e1 z p\u00edsmen a \u010d\u00edsel. Kdy\u017e nav\u0161t\u00edv\u00edte webovou str\u00e1nku, m\u016f\u017ee v\u00e1m tato str\u00e1nka do va\u0161eho prohl\u00ed\u017ee\u010de odeslat cookie. Prohl\u00ed\u017ee\u010d pot\u00e9 m\u016f\u017ee cookie na ur\u010ditou dobu ulo\u017eit do va\u0161eho po\u010d\u00edta\u010de nebo mobiln\u00edho za\u0159\u00edzen\u00ed (datum vypr\u0161en\u00ed platnosti cookie z\u00e1vis\u00ed na jeho typu). Soubory cookie se pou\u017e\u00edvaj\u00ed k rozpozn\u00e1n\u00ed va\u0161eho za\u0159\u00edzen\u00ed a shroma\u017e\u010fov\u00e1n\u00ed ur\u010dit\u00fdch informac\u00ed o va\u0161em pou\u017e\u00edv\u00e1n\u00ed webov\u00fdch str\u00e1nek. Soubory cookie tak v pr\u016fb\u011bhu \u010dasu umo\u017e\u0148uj\u00ed webov\u00fdm str\u00e1nk\u00e1m \u201ezapamatovat si\u201c va\u0161e akce a preference. Existuje n\u011bkolik typ\u016f soubor\u016f cookie, a to (i) trval\u00e9 soubory cookie, kter\u00e9 z\u016fst\u00e1vaj\u00ed platn\u00e9, dokud je nevyma\u017eete, (ii) soubory cookie, kter\u00e9 z\u016fst\u00e1vaj\u00ed platn\u00e9 a\u017e do data vypr\u0161en\u00ed jejich platnosti, a (iii) soubory cookie relace, kter\u00e9 jsou ulo\u017eeny ve webov\u00e9m prohl\u00ed\u017ee\u010di a z\u016fst\u00e1vaj\u00ed platn\u00e9 a\u017e do okam\u017eiku uzav\u0159en\u00ed prohl\u00ed\u017ee\u010de. Soubory cookie mohou b\u00fdt tak\u00e9 (i) soubory cookie prvn\u00ed strany (nastaven\u00e9 samotnou p\u016fvodn\u00ed webovou str\u00e1nkou) a (ii) soubory cookie t\u0159et\u00ed strany (um\u00edst\u011bn\u00e9 webov\u00fdmi str\u00e1nkami t\u0159et\u00edch stran).<\/p><p><a name=\"_Toc2\"><\/a><strong>3. JAK\u00c9 COOKIES POU\u017d\u00cdV\u00c1ME?<\/strong><\/p><p>Na str\u00e1nk\u00e1ch uketasupport.com m\u016f\u017eeme pou\u017e\u00edvat r\u016fzn\u00e9 typy cookies, v\u010detn\u011b:<\/p><ul><li><strong>Nezbytn\u00e9 technick\u00e9 cookies <\/strong>, kter\u00e9 jsou nezbytn\u011b nutn\u00e9 pro spr\u00e1vn\u00e9 fungov\u00e1n\u00ed str\u00e1nek uketasupport.com a poskytov\u00e1n\u00ed slu\u017eeb, kter\u00e9 po\u017eadujete;<\/li><li><strong>Preferen\u010dn\u00ed soubory cookie<\/strong>, kter\u00e9 n\u00e1m umo\u017e\u0148uj\u00ed ukl\u00e1dat a uchov\u00e1vat va\u0161e preference;<\/li><li><strong>Marketingov\u00e9 soubory cookie<\/strong>, kter\u00e9 n\u00e1m umo\u017e\u0148uj\u00ed vytv\u00e1\u0159et, realizovat a vyhodnocovat na\u0161e marketingov\u00e9 kampan\u011b. Tyto soubory cookie n\u00e1m umo\u017e\u0148uj\u00ed oslovit spr\u00e1vn\u00e9 z\u00e1kazn\u00edky, analyzovat produktivitu na\u0161ich marketingov\u00fdch kampan\u00ed a nab\u00edzet v\u00e1m personalizovanou reklamu; a<\/li><li><strong>Statistick\u00e9 soubory cookie<\/strong>, kter\u00e9 n\u00e1m umo\u017e\u0148uj\u00ed vytv\u00e1\u0159et statistick\u00e9 zpr\u00e1vy o tom, jak pou\u017e\u00edv\u00e1te web uketasupport.com.<\/li><\/ul><p><a name=\"_Toc3\"><\/a><strong>4. SOUHLAS S POU\u017d\u00cdV\u00c1N\u00cdM SOUBOR\u016e COOKIE<\/strong><\/p><p>P\u0159i n\u00e1v\u0161t\u011bv\u011b webu uketasupport.com v\u00e1s prost\u0159ednictv\u00edm banneru s souhlasem s pou\u017e\u00edv\u00e1n\u00edm soubor\u016f cookie po\u017e\u00e1d\u00e1me o souhlas s pou\u017e\u00edv\u00e1n\u00edm v\u0161ech soubor\u016f cookie. Pokud sv\u016fj souhlas neud\u011bl\u00edte, nebudeme v\u00e1m poskytovat na\u0161e nepovinn\u00e9 soubory cookie (statistick\u00e9 a marketingov\u00e9). Vezm\u011bte pros\u00edm na v\u011bdom\u00ed, \u017ee pokud nebudou povoleny v\u0161echny soubory cookie, nemus\u00edme v\u00e1m b\u00fdt schopni poskytnout nejlep\u0161\u00ed mo\u017enou u\u017eivatelskou zku\u0161enost na webu uketasupport.com.<\/p><p><a name=\"_Toc4\"><\/a><strong>5. JAK VYPNOUT SOUBORY COOKIE?<\/strong><\/p><p>Kdy\u017e v\u00e1s po\u017e\u00e1d\u00e1me o souhlas s pou\u017e\u00edv\u00e1n\u00edm nepovinn\u00fdch soubor\u016f cookie, m\u016f\u017eete tento souhlas odm\u00edtnout. Pokud chcete pozd\u011bji odm\u00edtnout pou\u017e\u00edv\u00e1n\u00ed nepovinn\u00fdch soubor\u016f cookie, m\u016f\u017eete tak u\u010dinit kdykoli v nastaven\u00ed sv\u00e9ho prohl\u00ed\u017ee\u010de nebo za\u0159\u00edzen\u00ed. Dal\u0161\u00ed informace naleznete v pokynech pro spr\u00e1vu soubor\u016f cookie ve sv\u00e9m prohl\u00ed\u017ee\u010di:<\/p><ul><li><strong>Apple Safari:<\/strong> <a href=\"https:\/\/support.apple.com\/en-gb\/guide\/safari\/manage-cookies-and-website-data-sfri11471\/mac\">https:\/\/support.apple.com\/en-gb\/guide\/safari\/manage-cookies-and-website-data-sfri11471\/mac<\/a><\/li><li><strong>Google Chrome: <\/strong><a href=\"https:\/\/support.google.com\/chrome\/answer\/95647\">https:\/\/support.google.com\/chrome\/answer\/95647<\/a><\/li><li><strong>Firefox:<\/strong> <a href=\"https:\/\/support.mozilla.org\/en-US\/kb\/enable-and-disable-cookies-website-preferences\">https:\/\/support.mozilla.org\/en-US\/kb\/enable-and-disable-cookies-website-preferences<\/a><\/li><li><strong>Opera:<\/strong> <a href=\"https:\/\/blogs.opera.com\/news\/2015\/08\/how-to-manage-cookies-in-opera\/\">https:\/\/blogs.opera.com\/news\/2015\/08\/how-to-manage-cookies-in-opera\/<\/a><\/li><li><strong>Microsoft Edge:<\/strong> <a href=\"https:\/\/support.microsoft.com\/en-us\/help\/4468242\/microsoft-edge-browsing-data-and-privacy-microsoft-privacy\">https:\/\/support.microsoft.com\/en-us\/help\/4468242\/microsoft-edge-browsing-data-and-privacy-microsoft-privacy<\/a><\/li><\/ul><p><a name=\"_Toc5\"><\/a><strong>6. REKLAMA ZALO\u017dEN\u00c1 NA Z\u00c1JMECH<\/strong><\/p><p>M\u016f\u017eete se setkat s c\u00edlenou reklamou zalo\u017eenou na va\u0161em pou\u017e\u00edv\u00e1n\u00ed webu uketasupport.com a dal\u0161\u00edch webov\u00fdch str\u00e1nek na internetu. V p\u0159\u00edpad\u011b pot\u0159eby v\u00e1s po\u017e\u00e1d\u00e1me o souhlas. Zp\u016fsob zobrazov\u00e1n\u00ed takov\u00e9 reklamy m\u016f\u017eete ovl\u00e1dat nebo se z c\u00edlen\u00e9 reklamy odhl\u00e1sit pomoc\u00ed pr\u016fvodce poskytovan\u00e9ho organizac\u00ed Digital Advertising Alliance, kter\u00fd je k dispozici na adrese https:\/\/youradchoices.com. Dal\u0161\u00ed informace o odhl\u00e1\u0161en\u00ed z reklamn\u00edch funkc\u00ed na va\u0161em za\u0159\u00edzen\u00ed naleznete na adrese <a href=\"https:\/\/www.networkadvertising.org\/\">https:\/\/www.networkadvertising.org<\/a>.<\/p><p><a name=\"_Toc6\"><\/a><strong>7. GOOGLE ANALYTICS<\/strong><\/p><p>Pou\u017e\u00edv\u00e1me Google Analytics, slu\u017ebu pro anal\u00fdzu webov\u00e9ho provozu poskytovanou spole\u010dnost\u00ed Google LLC se s\u00eddlem 1600 Amphitheatre Parkway, Mountain View, CA 94043, USA (\u201e<strong>Google<\/strong>\u201c). Google pomoc\u00ed soubor\u016f cookie generuje statistick\u00e9 informace a vytv\u00e1\u0159\u00ed zpr\u00e1vy o va\u0161em pou\u017e\u00edv\u00e1n\u00ed webu uketasupport.com. Soubory cookie pou\u017e\u00edvan\u00e9 spole\u010dnost\u00ed Google jsou anonymn\u00ed soubory prvn\u00ed strany, kter\u00e9 n\u00e1m neumo\u017e\u0148uj\u00ed v\u00e1s jak\u00fdmkoli zp\u016fsobem identifikovat. Informace generovan\u00e9 soubory cookie budou p\u0159ed\u00e1ny a ulo\u017eeny spole\u010dnost\u00ed Google na serverech v USA. Aby byla zaji\u0161t\u011bna ochrana va\u0161eho soukrom\u00ed, bude va\u0161e IP adresa anonymizov\u00e1na a spole\u010dnost Google ji nebude spojovat s jin\u00fdmi informacemi, kter\u00e9 o v\u00e1s m\u00e1 k dispozici. Spole\u010dnost Google v\u00e1s tedy nebude moci identifikovat. V ur\u010dit\u00fdch p\u0159\u00edpadech (nap\u0159. pokud to vy\u017eaduje z\u00e1kon nebo pokud t\u0159et\u00ed strany poskytuj\u00ed slu\u017eby jm\u00e9nem spole\u010dnosti Google) m\u016f\u017ee spole\u010dnost Google p\u0159edat tyto informace t\u0159et\u00edm stran\u00e1m. Dal\u0161\u00ed informace o z\u00e1sad\u00e1ch ochrany osobn\u00edch \u00fadaj\u016f slu\u017eby Google Analytics naleznete na adrese <a href=\"https:\/\/support.google.com\/analytics\/answer\/6004245\">https:\/\/support.google.com\/analytics\/answer\/6004245<\/a>. Pokud si p\u0159ejete slu\u017ebu Google Analytics deaktivovat, m\u016f\u017eete tak u\u010dinit instalac\u00ed dopl\u0148ku prohl\u00ed\u017ee\u010de pro deaktivaci slu\u017eby Google Analytics, kter\u00fd je k dispozici na adrese <a href=\"https:\/\/tools.google.com\/dlpage\/gaoptout?hl=en\">https:\/\/tools.google.com\/dlpage\/gaoptout?hl=en<\/a>.<\/p><p><a name=\"_Toc7\"><\/a><strong>8. GOOGLE reCAPCHA<\/strong><\/p><p>K ov\u011b\u0159en\u00ed, zda jste \u010dlov\u011bk a ne robot, pou\u017e\u00edv\u00e1me slu\u017ebu reCAPCHA poskytovanou spole\u010dnost\u00ed Google. Pom\u00e1h\u00e1 chr\u00e1nit uketasupport.com p\u0159ed spamem a zneu\u017eit\u00edm. Anal\u00fdza reCAPTCHA prob\u00edh\u00e1 na pozad\u00ed. Kdy\u017e pou\u017e\u00edv\u00e1te reCAPCHA, Google shroma\u017e\u010fuje n\u011bkter\u00e9 va\u0161e osobn\u00ed a neosobn\u00ed \u00fadaje, jako nap\u0159\u00edklad:<\/p><ul><li>V\u0161echny soubory cookie, kter\u00e9 Google ulo\u017eil do va\u0161eho prohl\u00ed\u017ee\u010de za posledn\u00edch 6 m\u011bs\u00edc\u016f;<\/li><li>Informace o kliknut\u00edch my\u0161\u00ed;<\/li><li>Informace o CSS;<\/li><li>Datum;<\/li><li>Jazyk prohl\u00ed\u017ee\u010de;<\/li><li>Ve\u0161ker\u00e9 pluginy nainstalovan\u00e9 v prohl\u00ed\u017ee\u010di; a<\/li><li>Objekty Javascriptu.<\/li><\/ul><p>V\u00fd\u0161e uveden\u00e9 \u00fadaje budou odesl\u00e1ny spole\u010dnosti Google se s\u00eddlem ve Spojen\u00fdch st\u00e1tech. M\u00e1me opr\u00e1vn\u011bn\u00fd z\u00e1jem chr\u00e1nit web uketasupport.com p\u0159ed zneu\u017e\u00edv\u00e1n\u00edm automatizovan\u00e9ho proch\u00e1zen\u00ed a spamem. Dal\u0161\u00ed informace o slu\u017eb\u011b Google reCAPTCHA a z\u00e1sad\u00e1ch ochrany osobn\u00edch \u00fadaj\u016f spole\u010dnosti Google naleznete na n\u00e1sleduj\u00edc\u00edch odkazech: <a href=\"https:\/\/www.google.com\/intl\/de\/policies\/privacy\/\">https:\/\/www.google.com\/intl\/de\/policies\/privacy\/<\/a> a <a href=\"https:\/\/www.google.com\/recaptcha\/intro\/v3.html\">https:\/\/www.google.com\/recaptcha\/intro\/v3.html<\/a> .<\/p><p><a name=\"_Toc8\"><\/a><strong>9. FACEBOOK CUSTOM AUDIENCE<\/strong><\/p><p>Pou\u017e\u00edv\u00e1me Facebook Custom Audience a Remarketing. Jedn\u00e1 se o slu\u017ebu re-marketingu a behavior\u00e1ln\u00edho c\u00edlen\u00ed poskytovanou spole\u010dnost\u00ed Meta Platforms, Inc. se s\u00eddlem ve Spojen\u00fdch st\u00e1tech, kter\u00e1 propojuje va\u0161i aktivitu na uketasupport.com s reklamn\u00ed s\u00edt\u00ed Facebook. Informace, kter\u00e9 mohou b\u00fdt o v\u00e1s shroma\u017e\u010fov\u00e1ny, jsou va\u0161e \u00fadaje souvisej\u00edc\u00ed s cookies a e-mailov\u00e1 adresa. V p\u0159\u00edpad\u011b pot\u0159eby v\u00e1s po\u017e\u00e1d\u00e1me o souhlas s pou\u017e\u00edv\u00e1n\u00edm tohoto n\u00e1stroje nebo cookies souvisej\u00edc\u00edch s t\u00edmto n\u00e1strojem. Pou\u017eit\u00ed tohoto n\u00e1stroje n\u00e1m umo\u017e\u0148uje zobrazovat reklamy zalo\u017een\u00e9 na z\u00e1jmech, kdy\u017e nav\u0161t\u00edv\u00edte soci\u00e1ln\u00ed s\u00ed\u0165 Facebook nebo jin\u00e9 webov\u00e9 str\u00e1nky, kter\u00e9 tak\u00e9 pou\u017e\u00edvaj\u00ed tento n\u00e1stroj. T\u00edmto zp\u016fsobem m\u016f\u017eete vid\u011bt reklamy, kter\u00e9 mohou b\u00fdt pro v\u00e1s relevantn\u00ed nebo zaj\u00edmav\u00e9. Zobrazov\u00e1n\u00ed t\u011bchto reklam m\u016f\u017eete zak\u00e1zat \u00fapravou nastaven\u00ed soubor\u016f cookie. Dal\u0161\u00ed informace o kontrole reklamy zalo\u017een\u00e9 na z\u00e1jmech naleznete v odd\u00edle 6 t\u011bchto z\u00e1sad pou\u017e\u00edv\u00e1n\u00ed soubor\u016f cookie.<\/p><p><a name=\"_Toc9\"><\/a><strong>10. KONTAKT<\/strong><\/p><p>M\u00e1te-li jak\u00e9koli dotazy t\u00fdkaj\u00edc\u00ed se t\u011bchto z\u00e1sad pou\u017e\u00edv\u00e1n\u00ed soubor\u016f cookie nebo na\u0161ich postup\u016f v oblasti ochrany osobn\u00edch \u00fadaj\u016f, kontaktujte n\u00e1s pros\u00edm pomoc\u00ed n\u00e1sleduj\u00edc\u00edch kontaktn\u00edch \u00fadaj\u016f:<\/p><p><strong>E-mail: <\/strong><a href=\"mailto:info@uketasupport.com\">info@uketasupport.com<\/a><\/p>\t\t\t\t\t\t\t\t<\/div>\n\t\t\t\t<\/div>\n\t\t\t\t<\/div>\n\t\t\t\t<\/div>\n\t\t\t\t\t<\/div>\n\t\t\t\t<\/div>\n\t\t\t\t<\/div>\n\t\t","protected":false},"excerpt":{"rendered":"<p>Na tomto webu pou\u017e\u00edv\u00e1me soubory cookie. N\u00ed\u017ee naleznete podrobn\u00e9 informace o typech na\u0161ich soubor\u016f cookie, jejich \u00fa\u010delech a va\u0161em pr\u00e1vu na spr\u00e1vu soubor\u016f cookie. 1. KDO JE ODPOV\u011aDN\u00dd ZA COOKIES NA UKETASUPPORT.COM? 2. CO BYSTE M\u011aLI V\u011aD\u011aT O COOKIES? 3. JAK\u00c9 COOKIES POU\u017d\u00cdV\u00c1ME? 4. SOUHLAS S COOKIES 5. JAK VYPNOUT COOKIES? 6. REKLAMA NA Z\u00c1KLAD\u011a [&hellip;]<\/p>\n","protected":false},"author":3,"featured_media":0,"parent":0,"menu_order":0,"comment_status":"closed","ping_status":"closed","template":"elementor_header_footer","meta":{"footnotes":""},"class_list":["post-11094","page","type-page","status-publish","hentry"],"aioseo_notices":[],"_links":{"self":[{"href":"https:\/\/govisaglobal.com\/cs\/wp-json\/wp\/v2\/pages\/11094","targetHints":{"allow":["GET"]}}],"collection":[{"href":"https:\/\/govisaglobal.com\/cs\/wp-json\/wp\/v2\/pages"}],"about":[{"href":"https:\/\/govisaglobal.com\/cs\/wp-json\/wp\/v2\/types\/page"}],"author":[{"embeddable":true,"href":"https:\/\/govisaglobal.com\/cs\/wp-json\/wp\/v2\/users\/3"}],"replies":[{"embeddable":true,"href":"https:\/\/govisaglobal.com\/cs\/wp-json\/wp\/v2\/comments?post=11094"}],"version-history":[{"count":4,"href":"https:\/\/govisaglobal.com\/cs\/wp-json\/wp\/v2\/pages\/11094\/revisions"}],"predecessor-version":[{"id":12524,"href":"https:\/\/govisaglobal.com\/cs\/wp-json\/wp\/v2\/pages\/11094\/revisions\/12524"}],"wp:attachment":[{"href":"https:\/\/govisaglobal.com\/cs\/wp-json\/wp\/v2\/media?parent=11094"}],"curies":[{"name":"wp","href":"https:\/\/api.w.org\/{rel}","templated":true}]}}