{"id":11230,"date":"2025-06-16T10:17:06","date_gmt":"2025-06-16T10:17:06","guid":{"rendered":"https:\/\/govisaglobal.com\/kontakt\/"},"modified":"2025-09-04T14:26:05","modified_gmt":"2025-09-04T14:26:05","slug":"kontakt","status":"publish","type":"page","link":"https:\/\/govisaglobal.com\/cs\/kontakt\/","title":{"rendered":"Kontakt"},"content":{"rendered":"\t\t<div data-elementor-type=\"wp-page\" data-elementor-id=\"11230\" class=\"elementor elementor-11230 elementor-728\" data-elementor-post-type=\"page\">\n\t\t\t\t<div class=\"elementor-element elementor-element-2041826 e-flex e-con-boxed e-con e-parent\" data-id=\"2041826\" data-element_type=\"container\" data-e-type=\"container\">\n\t\t\t\t\t<div class=\"e-con-inner\">\n\t\t<div class=\"elementor-element elementor-element-c13b6df e-con-full e-flex e-con e-child\" data-id=\"c13b6df\" data-element_type=\"container\" data-e-type=\"container\" data-settings=\"{&quot;background_background&quot;:&quot;classic&quot;}\">\n\t\t<div class=\"elementor-element elementor-element-b85a2e1 e-con-full e-flex e-con e-child\" data-id=\"b85a2e1\" data-element_type=\"container\" data-e-type=\"container\">\n\t\t<div class=\"elementor-element elementor-element-8ae4686 e-con-full e-flex e-con e-child\" data-id=\"8ae4686\" data-element_type=\"container\" data-e-type=\"container\">\n\t\t\t\t<div class=\"elementor-element elementor-element-b3f6f21 elementor-widget elementor-widget-text-editor\" data-id=\"b3f6f21\" data-element_type=\"widget\" data-e-type=\"widget\" data-widget_type=\"text-editor.default\">\n\t\t\t\t<div class=\"elementor-widget-container\">\n\t\t\t\t\t\t\t\t\t<p>Kontaktujte n\u00e1s a promluvte si s na\u0161imi nez\u00e1visl\u00fdmi poradci, kte\u0159\u00ed v\u00e1m mohou pomoci se v\u0161emi ot\u00e1zkami t\u00fdkaj\u00edc\u00edmi se elektronick\u00e9ho cestovn\u00edho povolen\u00ed ve Spojen\u00e9m kr\u00e1lovstv\u00ed.<\/p>\t\t\t\t\t\t\t\t<\/div>\n\t\t\t\t<\/div>\n\t\t\t\t<div class=\"elementor-element elementor-element-40e8a9b elementor-mobile-align-justify elementor-widget-mobile__width-inherit elementor-widget elementor-widget-button\" data-id=\"40e8a9b\" data-element_type=\"widget\" data-e-type=\"widget\" data-widget_type=\"button.default\">\n\t\t\t\t<div class=\"elementor-widget-container\">\n\t\t\t\t\t\t\t\t\t<div class=\"elementor-button-wrapper\">\n\t\t\t\t\t<a class=\"elementor-button elementor-button-link elementor-size-sm\" href=\"https:\/\/govisaglobal.com\/cs\/aplikace-eta-ve-velke-britanii\/\">\n\t\t\t\t\t\t<span class=\"elementor-button-content-wrapper\">\n\t\t\t\t\t\t<span class=\"elementor-button-icon\">\n\t\t\t\t<svg xmlns=\"http:\/\/www.w3.org\/2000\/svg\" width=\"16\" height=\"16\" viewBox=\"0 0 16 16\" fill=\"none\"><path fill-rule=\"evenodd\" clip-rule=\"evenodd\" d=\"M4.96967 13.5303C4.67678 13.2374 4.67678 12.7626 4.96967 12.4697L9.4393 8L4.96967 3.53033C4.67678 3.23744 4.67678 2.76256 4.96967 2.46967C5.26256 2.17678 5.73744 2.17678 6.0303 2.46967L11.0303 7.4697C11.171 7.6103 11.25 7.8011 11.25 8C11.25 8.1989 11.171 8.3897 11.0303 8.5303L6.0303 13.5303C5.73744 13.8232 5.26256 13.8232 4.96967 13.5303Z\" fill=\"#FFF\"><\/path><\/svg>\t\t\t<\/span>\n\t\t\t\t\t\t\t\t\t<span class=\"elementor-button-text\">P\u0159ihlaste se nyn\u00ed<\/span>\n\t\t\t\t\t<\/span>\n\t\t\t\t\t<\/a>\n\t\t\t\t<\/div>\n\t\t\t\t\t\t\t\t<\/div>\n\t\t\t\t<\/div>\n\t\t\t\t<\/div>\n\t\t<div class=\"elementor-element elementor-element-2880fa6 e-con-full e-flex e-con e-child\" data-id=\"2880fa6\" data-element_type=\"container\" data-e-type=\"container\">\n\t\t\t\t<div class=\"elementor-element elementor-element-ad318b3 elementor-widget__width-initial elementor-widget elementor-widget-wpforms\" data-id=\"ad318b3\" data-element_type=\"widget\" data-e-type=\"widget\" data-widget_type=\"wpforms.default\">\n\t\t\t\t<div class=\"elementor-widget-container\">\n\t\t\t\t\t<style id=\"wpforms-css-vars-elementor-widget-ad318b3\">\n\t\t\t\t.elementor-widget-wpforms.elementor-element-ad318b3 {\n\t\t\t\t--wpforms-button-border-radius: 12px;\n--wpforms-button-background-color: #002C8F;\n--wpforms-field-text-color: #13161F;\n\t\t\t}\n\t\t\t<\/style><div class=\"wpforms-container wpforms-container-full wpforms-render-modern\" id=\"wpforms-12108\"><form id=\"wpforms-form-12108\" class=\"wpforms-validate wpforms-form wpforms-ajax-form\" data-formid=\"12108\" method=\"post\" enctype=\"multipart\/form-data\" action=\"\/cs\/wp-json\/wp\/v2\/pages\/11230\" data-token=\"f895f91f6f3812725c90164e741d0511\" data-token-time=\"1778169692\"><noscript class=\"wpforms-error-noscript\">Chcete-li vyplnit tento formul\u00e1\u0159, pros\u00edm povolte v prohl\u00ed\u017ee\u010di JavaScript.<\/noscript><div id=\"wpforms-error-noscript\" style=\"display: none;\">Chcete-li vyplnit tento formul\u00e1\u0159, pros\u00edm povolte v prohl\u00ed\u017ee\u010di JavaScript.<\/div><div class=\"wpforms-field-container\"><div id=\"wpforms-12108-field_1-container\" class=\"wpforms-field wpforms-field-name\" data-field-id=\"1\"><fieldset><legend class=\"wpforms-field-label\">Jm\u00e9no <span class=\"wpforms-required-label\" aria-hidden=\"true\">*<\/span><\/legend><div class=\"wpforms-field-row wpforms-field-large\"><div class=\"wpforms-field-row-block wpforms-first wpforms-one-half\"><input type=\"text\" id=\"wpforms-12108-field_1\" class=\"wpforms-field-name-first wpforms-field-required\" name=\"wpforms[fields][1][first]\" placeholder=\"John\" aria-errormessage=\"wpforms-12108-field_1-error\" required><label for=\"wpforms-12108-field_1\" class=\"wpforms-field-sublabel after\">Prvn\u00ed<\/label><\/div><div class=\"wpforms-field-row-block wpforms-one-half\"><input type=\"text\" id=\"wpforms-12108-field_1-last\" class=\"wpforms-field-name-last wpforms-field-required\" name=\"wpforms[fields][1][last]\" placeholder=\"Srna\" aria-errormessage=\"wpforms-12108-field_1-last-error\" required><label for=\"wpforms-12108-field_1-last\" class=\"wpforms-field-sublabel after\">Posledn\u00ed<\/label><\/div><\/div><\/fieldset><\/div>\t\t<div id=\"wpforms-12108-field_4-container\"\n\t\t\tclass=\"wpforms-field wpforms-field-text\"\n\t\t\tdata-field-type=\"text\"\n\t\t\tdata-field-id=\"4\"\n\t\t\t>\n\t\t\t<label class=\"wpforms-field-label\" for=\"wpforms-12108-field_4\" >Va\u0161e Jm\u00e9no zpr\u00e1va<\/label>\n\t\t\t<input type=\"text\" id=\"wpforms-12108-field_4\" class=\"wpforms-field-medium\" name=\"wpforms[fields][4]\" >\n\t\t<\/div>\n\t\t<div id=\"wpforms-12108-field_2-container\" class=\"wpforms-field wpforms-field-email\" data-field-id=\"2\"><label class=\"wpforms-field-label\" for=\"wpforms-12108-field_2\">E-mail <span class=\"wpforms-required-label\" aria-hidden=\"true\">*<\/span><\/label><input type=\"email\" id=\"wpforms-12108-field_2\" class=\"wpforms-field-large wpforms-field-required\" name=\"wpforms[fields][2]\" placeholder=\"example@gmail.com\" spellcheck=\"false\" aria-errormessage=\"wpforms-12108-field_2-error\" required><\/div><div id=\"wpforms-12108-field_3-container\" class=\"wpforms-field wpforms-field-textarea\" data-field-id=\"3\"><label class=\"wpforms-field-label\" for=\"wpforms-12108-field_3\">Va\u0161e zpr\u00e1va<\/label><textarea id=\"wpforms-12108-field_3\" class=\"wpforms-field-medium\" name=\"wpforms[fields][3]\" placeholder=\"Va\u0161e zpr\u00e1va\" aria-errormessage=\"wpforms-12108-field_3-error\" ><\/textarea><\/div><script>\n\t\t\t\t( function() {\n\t\t\t\t\tconst style = document.createElement( 'style' );\n\t\t\t\t\tstyle.appendChild( document.createTextNode( '#wpforms-12108-field_4-container { position: absolute !important; overflow: hidden !important; display: inline !important; height: 1px !important; width: 1px !important; z-index: -1000 !important; padding: 0 !important; } #wpforms-12108-field_4-container input { visibility: hidden; } #wpforms-conversational-form-page #wpforms-12108-field_4-container label { counter-increment: none; }' ) );\n\t\t\t\t\tdocument.head.appendChild( style );\n\t\t\t\t\tdocument.currentScript?.remove();\n\t\t\t\t} )();\n\t\t\t<\/script><\/div><!-- .wpforms-field-container --><div class=\"wpforms-submit-container\" ><input type=\"hidden\" name=\"wpforms[id]\" value=\"12108\"><input type=\"hidden\" name=\"page_title\" value=\"\"><input type=\"hidden\" name=\"page_url\" value=\"https:\/\/govisaglobal.com\/cs\/wp-json\/wp\/v2\/pages\/11230\"><input type=\"hidden\" name=\"url_referer\" value=\"\"><button type=\"submit\" name=\"wpforms[submit]\" id=\"wpforms-submit-12108\" class=\"wpforms-submit\" data-alt-text=\"Pos\u00edl\u00e1n\u00ed...\" data-submit-text=\"Odeslat zpr\u00e1vu\" aria-live=\"assertive\" value=\"wpforms-submit\">Odeslat zpr\u00e1vu<\/button><img decoding=\"async\" src=\"https:\/\/govisaglobal.com\/wp-content\/plugins\/wpforms-lite\/assets\/images\/submit-spin.svg\" class=\"wpforms-submit-spinner\" style=\"display: none;\" width=\"26\" height=\"26\" alt=\"Na\u010d\u00edt\u00e1n\u00ed\"><\/div><\/form><\/div>  <!-- .wpforms-container -->\t\t\t\t<\/div>\n\t\t\t\t<\/div>\n\t\t\t\t<div class=\"elementor-element elementor-element-c2f2333 elementor-position-inline-start elementor-mobile-position-inline-start elementor-view-default elementor-widget elementor-widget-icon-box\" data-id=\"c2f2333\" data-element_type=\"widget\" data-e-type=\"widget\" data-widget_type=\"icon-box.default\">\n\t\t\t\t<div class=\"elementor-widget-container\">\n\t\t\t\t\t\t\t<div class=\"elementor-icon-box-wrapper\">\n\n\t\t\t\t\t\t<div class=\"elementor-icon-box-icon\">\n\t\t\t\t<a href=\"mailto:info@uketa.com\" class=\"elementor-icon\" tabindex=\"-1\">\n\t\t\t\t<svg xmlns=\"http:\/\/www.w3.org\/2000\/svg\" width=\"24\" height=\"24\" viewBox=\"0 0 24 24\" fill=\"none\"><path d=\"M6 8L9.7812 10.5208C11.1248 11.4165 12.8752 11.4165 14.2188 10.5208L18 8M6 21H18C20.2091 21 22 19.2091 22 17V7C22 4.79086 20.2091 3 18 3H6C3.79086 3 2 4.79086 2 7V17C2 19.2091 3.79086 21 6 21Z\" stroke=\"#12181D\" stroke-width=\"1.5\" stroke-linecap=\"round\" stroke-linejoin=\"round\"><\/path><\/svg>\t\t\t\t<\/a>\n\t\t\t<\/div>\n\t\t\t\n\t\t\t\t\t\t<div class=\"elementor-icon-box-content\">\n\n\t\t\t\t\n\t\t\t\t\t\t\t\t\t<p class=\"elementor-icon-box-description\">\n\t\t\t\t\t\tinfo@uketasupport.com\t\t\t\t\t<\/p>\n\t\t\t\t\n\t\t\t<\/div>\n\t\t\t\n\t\t<\/div>\n\t\t\t\t\t\t<\/div>\n\t\t\t\t<\/div>\n\t\t\t\t<\/div>\n\t\t\t\t<\/div>\n\t\t\t\t<\/div>\n\t\t\t\t\t<\/div>\n\t\t\t\t<\/div>\n\t\t\t\t<\/div>\n\t\t","protected":false},"excerpt":{"rendered":"<p>Kontaktujte n\u00e1s a promluvte si s na\u0161imi nez\u00e1visl\u00fdmi poradci, kte\u0159\u00ed v\u00e1m mohou pomoci se v\u0161emi ot\u00e1zkami t\u00fdkaj\u00edc\u00edmi se elektronick\u00e9ho cestovn\u00edho povolen\u00ed ve Spojen\u00e9m kr\u00e1lovstv\u00ed. P\u0159ihlaste se nyn\u00ed Please enable JavaScript in your browser to complete this form.Please enable JavaScript in your browser to complete this form. Name * FirstLast Email *Your Message Send Message info@uketasupport.com<\/p>\n","protected":false},"author":3,"featured_media":0,"parent":0,"menu_order":0,"comment_status":"closed","ping_status":"closed","template":"elementor_header_footer","meta":{"footnotes":""},"class_list":["post-11230","page","type-page","status-publish","hentry"],"aioseo_notices":[],"_links":{"self":[{"href":"https:\/\/govisaglobal.com\/cs\/wp-json\/wp\/v2\/pages\/11230","targetHints":{"allow":["GET"]}}],"collection":[{"href":"https:\/\/govisaglobal.com\/cs\/wp-json\/wp\/v2\/pages"}],"about":[{"href":"https:\/\/govisaglobal.com\/cs\/wp-json\/wp\/v2\/types\/page"}],"author":[{"embeddable":true,"href":"https:\/\/govisaglobal.com\/cs\/wp-json\/wp\/v2\/users\/3"}],"replies":[{"embeddable":true,"href":"https:\/\/govisaglobal.com\/cs\/wp-json\/wp\/v2\/comments?post=11230"}],"version-history":[{"count":5,"href":"https:\/\/govisaglobal.com\/cs\/wp-json\/wp\/v2\/pages\/11230\/revisions"}],"predecessor-version":[{"id":13182,"href":"https:\/\/govisaglobal.com\/cs\/wp-json\/wp\/v2\/pages\/11230\/revisions\/13182"}],"wp:attachment":[{"href":"https:\/\/govisaglobal.com\/cs\/wp-json\/wp\/v2\/media?parent=11230"}],"curies":[{"name":"wp","href":"https:\/\/api.w.org\/{rel}","templated":true}]}}