{"id":7403,"date":"2025-06-21T06:03:29","date_gmt":"2025-06-21T06:03:29","guid":{"rendered":"https:\/\/govisaglobal.com\/cookie-politik\/"},"modified":"2025-07-13T18:51:45","modified_gmt":"2025-07-13T18:51:45","slug":"cookie-politik","status":"publish","type":"page","link":"https:\/\/govisaglobal.com\/da\/cookie-politik\/","title":{"rendered":"Cookie-politik"},"content":{"rendered":"\t\t<div data-elementor-type=\"wp-page\" data-elementor-id=\"7403\" class=\"elementor elementor-7403 elementor-1742\" data-elementor-post-type=\"page\">\n\t\t\t\t<div class=\"elementor-element elementor-element-6005376 e-flex e-con-boxed e-con e-parent\" data-id=\"6005376\" data-element_type=\"container\" data-e-type=\"container\">\n\t\t\t\t\t<div class=\"e-con-inner\">\n\t\t<div class=\"elementor-element elementor-element-1b6ff59 e-con-full e-flex e-con e-child\" data-id=\"1b6ff59\" data-element_type=\"container\" data-e-type=\"container\">\n\t\t<div class=\"elementor-element elementor-element-9a256bc e-con-full e-flex e-con e-child\" data-id=\"9a256bc\" data-element_type=\"container\" data-e-type=\"container\" data-settings=\"{&quot;background_background&quot;:&quot;classic&quot;}\">\n\t\t\t\t<div class=\"elementor-element elementor-element-2b6ce32 elementor-widget elementor-widget-post-info\" data-id=\"2b6ce32\" data-element_type=\"widget\" data-e-type=\"widget\" data-widget_type=\"post-info.default\">\n\t\t\t\t<div class=\"elementor-widget-container\">\n\t\t\t\t\t\t\t<ul class=\"elementor-inline-items elementor-icon-list-items elementor-post-info\">\n\t\t\t\t\t\t\t\t<li class=\"elementor-icon-list-item elementor-repeater-item-40ac0bb elementor-inline-item\">\n\t\t\t\t\t\t\t\t\t\t\t\t\t<span class=\"elementor-icon-list-text elementor-post-info__item elementor-post-info__item--type-custom\">\n\t\t\t\t\t\t\t\t\t\tSidst opdateret: 13 juli 2025\t\t\t\t\t<\/span>\n\t\t\t\t\t\t\t\t<\/li>\n\t\t\t\t<\/ul>\n\t\t\t\t\t\t<\/div>\n\t\t\t\t<\/div>\n\t\t\t\t<div class=\"elementor-element elementor-element-479a149 elementor-widget elementor-widget-spacer\" data-id=\"479a149\" data-element_type=\"widget\" data-e-type=\"widget\" data-widget_type=\"spacer.default\">\n\t\t\t\t<div class=\"elementor-widget-container\">\n\t\t\t\t\t\t\t<div class=\"elementor-spacer\">\n\t\t\t<div class=\"elementor-spacer-inner\"><\/div>\n\t\t<\/div>\n\t\t\t\t\t\t<\/div>\n\t\t\t\t<\/div>\n\t\t\t\t<div class=\"elementor-element elementor-element-08b9d0c elementor-widget elementor-widget-text-editor\" data-id=\"08b9d0c\" data-element_type=\"widget\" data-e-type=\"widget\" data-widget_type=\"text-editor.default\">\n\t\t\t\t<div class=\"elementor-widget-container\">\n\t\t\t\t\t\t\t\t\t<p><em>Vi bruger cookies p\u00e5 denne hjemmeside. Nedenfor kan du finde detaljerede oplysninger om typerne af vores cookies, deres form\u00e5l og din ret til at administrere cookies. <\/em><\/p>\t\t\t\t\t\t\t\t<\/div>\n\t\t\t\t<\/div>\n\t\t\t\t<div class=\"elementor-element elementor-element-d964092 elementor-widget-mobile__width-inherit elementor-widget elementor-widget-text-editor\" data-id=\"d964092\" data-element_type=\"widget\" data-e-type=\"widget\" data-widget_type=\"text-editor.default\">\n\t\t\t\t<div class=\"elementor-widget-container\">\n\t\t\t\t\t\t\t\t\t<p>1. HVEM ER ANSVARLIG FOR COOKIES P\u00c5 UKETASUPPORT.COM?<\/p><p>2. HVAD SKAL DU VIDE OM COOKIES?<\/p><p>3. HVILKE COOKIES BRUGER VI?<\/p><p>4. SAMTYKKE TIL COOKIES<\/p><p>5. HVORDAN DEAKTIVERES COOKIES?<\/p><p>6. INTERESSEBASERET ANNONCERING<\/p><p>7. GOOGLE ANALYTICS<\/p><p>8. GOOGLE reCAPCHA<\/p><p>9. FACEBOOK CUSTOM AUDIENCE<\/p><p>10. KONTAKT<\/p><p><a name=\"_Toc\"><\/a><strong>1. HVEM ER ANSVARLIG FOR COOKIES P\u00c5 UKETASUPPORT.COM?<\/strong><\/p><p>Den dataansvarlige, der er ansvarlig for behandlingen af personoplysninger via hjemmesiden <a href=\"https:\/\/govisaglobal.com\">https:\/\/govisaglobal.com<\/a>, de tilknyttede dom\u00e6nenavne, software og tjenester (samlet ben\u00e6vnt \u00bb<strong>uketasupport.com<\/strong>\u00ab), herunder placering af f\u00f8rstepartscookies, er TRAVEL MUNDO \u2013 FZCO med licensnr. 28833 (\u00bb<strong>vi<\/strong>\u00ab, \u00bb<strong>os<\/strong>\u00ab eller \u00bb<strong>vores<\/strong>\u00ab).<\/p><p><a name=\"_Toc1\"><\/a><strong>2. HVAD SKAL DU VIDE OM COOKIES?<\/strong><\/p><p>En cookie er en lille fil, der typisk best\u00e5r af bogstaver og tal. N\u00e5r du bes\u00f8ger et websted, kan det websted sende en cookie til din browser. Derefter kan browseren gemme cookien p\u00e5 din computer eller mobilenhed i et stykke tid (cookiens udl\u00f8bsdato afh\u00e6nger af typen). Cookies bruges til at genkende din enhed og indsamle visse oplysninger om din brug af websteder. Over tid giver cookies s\u00e5ledes websteder mulighed for at \u00bbhuske\u00ab dine handlinger og pr\u00e6ferencer. Der findes flere typer cookies, nemlig (i) permanente cookies, som forbliver gyldige, indtil du sletter dem, (ii) cookies, der forbliver gyldige indtil deres udl\u00f8bsdato, og (iii) sessionscookies, der gemmes i en webbrowser og forbliver gyldige, indtil browseren lukkes. Cookies kan ogs\u00e5 v\u00e6re (i) f\u00f8rstepartscookies (indstillet af det oprindelige websted selv) og (ii) tredjepartscookies (placeret af tredjepartswebsteder).<\/p><p><a name=\"_Toc2\"><\/a><strong>3. HVILKE COOKIES BRUGER VI?<\/strong><\/p><p>Vi kan bruge forskellige typer cookies p\u00e5 uketasupport.com, herunder:<\/p><ul><li><strong>V\u00e6sentlige tekniske cookies <\/strong>, der er strengt n\u00f8dvendige for at sikre, at uketasupport.com fungerer korrekt og leverer de tjenester, du har anmodet om;<\/li><li><strong>Pr\u00e6ferencecookies<\/strong>, der giver os mulighed for at gemme og bevare dine pr\u00e6ferencer;<\/li><li><strong>Marketingcookies<\/strong>, der giver os mulighed for at oprette, implementere og unders\u00f8ge vores marketingkampagner. S\u00e5danne cookies giver os mulighed for at n\u00e5 de rigtige kunder, analysere produktiviteten af vores marketingkampagner og tilbyde dig personlig reklame; og<\/li><li><strong>Statistikcookies<\/strong>, der giver os mulighed for at generere statistiske rapporter om, hvordan du bruger uketasupport.com.<\/li><\/ul><p><a name=\"_Toc3\"><\/a><strong>4. SAMTYKKE TIL COOKIES<\/strong><\/p><p>N\u00e5r du bes\u00f8ger uketasupport.com, beder vi dig om at give dit samtykke til vores brug af alle cookies via et cookie-samtykkebanner. Hvis du ikke giver dit samtykke, vil vi ikke bruge vores ikke-v\u00e6sentlige cookies (statistik og marketing). Bem\u00e6rk, at vi muligvis ikke kan give dig den bedst mulige brugeroplevelse p\u00e5 uketasupport.com, hvis ikke alle cookies er aktiveret.<\/p><p><a name=\"_Toc4\"><\/a><strong>5. HVORDAN DEAKTIVERES COOKIES?<\/strong><\/p><p>N\u00e5r vi beder dig om at give dit samtykke til vores brug af ikke-v\u00e6sentlige cookies, har du frihed til ikke at give et s\u00e5dant samtykke. Hvis du senere \u00f8nsker at afvise vores brug af ikke-v\u00e6sentlige cookies, kan du til enhver tid g\u00f8re dette ved at afvise cookies i din browser eller p\u00e5 din enhed. For mere information kan du l\u00e6se vejledningen til cookieadministration i din browser:<\/p><ul><li><strong>Apple Safari:<\/strong> <a href=\"https:\/\/support.apple.com\/en-gb\/guide\/safari\/manage-cookies-and-website-data-sfri11471\/mac\">https:\/\/support.apple.com\/en-gb\/guide\/safari\/manage-cookies-and-website-data-sfri11471\/mac<\/a><\/li><li><strong>Google Chrome: <\/strong><a href=\"https:\/\/support.google.com\/chrome\/answer\/95647\">https:\/\/support.google.com\/chrome\/answer\/95647<\/a><\/li><li><strong>Firefox:<\/strong> <a href=\"https:\/\/support.mozilla.org\/en-US\/kb\/enable-and-disable-cookies-website-preferences\">https:\/\/support.mozilla.org\/en-US\/kb\/enable-and-disable-cookies-website-preferences<\/a><\/li><li><strong>Opera:<\/strong> <a href=\"https:\/\/blogs.opera.com\/news\/2015\/08\/how-to-manage-cookies-in-opera\/\">https:\/\/blogs.opera.com\/news\/2015\/08\/how-to-manage-cookies-in-opera\/<\/a><\/li><li><strong>Microsoft Edge:<\/strong> <a href=\"https:\/\/support.microsoft.com\/en-us\/help\/4468242\/microsoft-edge-browsing-data-and-privacy-microsoft-privacy\">https:\/\/support.microsoft.com\/en-us\/help\/4468242\/microsoft-edge-browsing-data-and-privacy-microsoft-privacy<\/a><\/li><\/ul><p><a name=\"_Toc5\"><\/a><strong>6. INTERESSEBASERET ANNONCERING<\/strong><\/p><p>Du kan st\u00f8de p\u00e5 m\u00e5lrettet interessebaseret annoncering baseret p\u00e5 din brug af uketasupport.com og andre websteder p\u00e5 internettet. Hvor det er n\u00f8dvendigt, vil vi indhente dit samtykke. Du kan kontrollere, hvordan s\u00e5danne reklamer vises for dig, eller frav\u00e6lge m\u00e5lrettede reklamer ved at l\u00e6se vejledningen fra Digital Advertising Alliance, som findes p\u00e5 https:\/\/youradchoices.com. For mere information om, hvordan du frav\u00e6lger reklamefunktioner p\u00e5 din enhed, skal du bes\u00f8ge <a href=\"https:\/\/www.networkadvertising.org\/\">https:\/\/www.networkadvertising.org<\/a>.<\/p><p><a name=\"_Toc6\"><\/a><strong>7. GOOGLE ANALYTICS<\/strong><\/p><p>Vi bruger Google Analytics, en webanalysetjeneste leveret af Google LLC, der er registreret p\u00e5 1600 Amphitheatre Parkway, Mountain View, CA 94043, USA (\u00bb<strong>Google<\/strong>\u00ab). Google genererer statistiske oplysninger ved hj\u00e6lp af cookies og udarbejder rapporter om din brug af uketasupport.com. De cookies, der bruges af Google, er anonyme f\u00f8rstepartscookies, som ikke giver os mulighed for at identificere dig p\u00e5 nogen m\u00e5de. De oplysninger, der genereres af cookies, overf\u00f8res til og gemmes af Google p\u00e5 servere i USA. For at sikre dit privatliv anonymiseres din IP-adresse, og Google kombinerer ikke din IP-adresse med andre oplysninger, som Google har om dig. Google kan derfor ikke identificere dig. I visse tilf\u00e6lde (f.eks. n\u00e5r det er p\u00e5kr\u00e6vet ved lov, eller n\u00e5r tredjeparter udf\u00f8rer tjenester p\u00e5 vegne af Google) kan Google overf\u00f8re oplysningerne til tredjeparter. For mere information om Google Analytics&#8217; privatlivspolitik, bes\u00f8g venligst <a href=\"https:\/\/support.google.com\/analytics\/answer\/6004245\">https:\/\/support.google.com\/analytics\/answer\/6004245<\/a>. Hvis du \u00f8nsker at frav\u00e6lge Google Analytics, kan du g\u00f8re dette ved at installere et browser-tilf\u00f8jelsesprogram til fravalg af Google Analytics, som er tilg\u00e6ngeligt p\u00e5 <a href=\"https:\/\/tools.google.com\/dlpage\/gaoptout?hl=en\">https:\/\/tools.google.com\/dlpage\/gaoptout?hl=en<\/a>.<\/p><p><a name=\"_Toc7\"><\/a><strong>8. GOOGLE reCAPCHA<\/strong><\/p><p>Vi bruger reCAPCHA, en tjeneste leveret af Google, til at verificere, at du er et menneske og ikke en robot. Det hj\u00e6lper med at beskytte uketasupport.com mod spam og misbrug. reCAPTCHA-analysen foreg\u00e5r i baggrunden. N\u00e5r du bruger reCAPCHA, indsamler Google nogle personlige og ikke-personlige data fra dig, s\u00e5som:<\/p><ul><li>Alle cookies, som Google har gemt i din browser i de sidste 6 m\u00e5neder;<\/li><li>Oplysninger om dine museklik;<\/li><li>CSS-oplysninger;<\/li><li>Dato;<\/li><li>Browsersprog;<\/li><li>Eventuelle plug-ins installeret i browseren; og<\/li><li>Javascript-objekter.<\/li><\/ul><p>Ovenn\u00e6vnte data sendes til Google i USA. Vi har en legitim interesse i at beskytte uketasupport.com mod misbrug af automatiseret crawling og spam. For mere information om Google reCAPTCHA og Googles privatlivspolitik, bes\u00f8g venligst f\u00f8lgende links: <a href=\"https:\/\/www.google.com\/intl\/de\/policies\/privacy\/\">https:\/\/www.google.com\/intl\/de\/policies\/privacy\/<\/a> og <a href=\"https:\/\/www.google.com\/recaptcha\/intro\/v3.html\">https:\/\/www.google.com\/recaptcha\/intro\/v3.html<\/a> .<\/p><p><a name=\"_Toc8\"><\/a><strong>9. FACEBOOK CUSTOM AUDIENCE<\/strong><\/p><p>Vi bruger Facebook Custom Audience og Remarketing. Det er en re-marketing- og adf\u00e6rdsm\u00e5lretningstjeneste, der leveres af Meta Platforms, Inc. med hjemsted i USA, som forbinder din aktivitet p\u00e5 uketasupport.com med Facebooks annoncenetv\u00e6rk. De oplysninger, der kan indsamles om dig, er dine cookie-relaterede data og din e-mailadresse. Hvor det er n\u00f8dvendigt, vil vi indhente dit samtykke til brug af dette v\u00e6rkt\u00f8j eller de cookies, der er relateret til dette v\u00e6rkt\u00f8j. Brug af dette v\u00e6rkt\u00f8j giver os mulighed for at vise interessebaserede reklamer, n\u00e5r du bes\u00f8ger det sociale netv\u00e6rk Facebook eller andre websteder, der ogs\u00e5 bruger dette v\u00e6rkt\u00f8j. P\u00e5 denne m\u00e5de kan du se reklamer, der kan v\u00e6re relevante eller interessante for dig. Du kan frav\u00e6lge at se s\u00e5danne reklamer ved at justere dine cookie-indstillinger. Se ogs\u00e5 afsnit 6 i denne cookiepolitik for links, der giver mere information om kontrol af interessebaseret annoncering.<\/p><p><a name=\"_Toc9\"><\/a><strong>10. KONTAKT<\/strong><\/p><p>Hvis du har sp\u00f8rgsm\u00e5l om denne cookiepolitik eller vores praksis for databeskyttelse, bedes du kontakte os ved hj\u00e6lp af f\u00f8lgende kontaktoplysninger:<\/p><p><strong>E-mail: <\/strong><a href=\"mailto:info@uketasupport.com\">info@uketasupport.com<\/a><\/p>\t\t\t\t\t\t\t\t<\/div>\n\t\t\t\t<\/div>\n\t\t\t\t<\/div>\n\t\t\t\t<\/div>\n\t\t\t\t\t<\/div>\n\t\t\t\t<\/div>\n\t\t\t\t<\/div>\n\t\t","protected":false},"excerpt":{"rendered":"<p>Vi bruger cookies p\u00e5 denne hjemmeside. Nedenfor kan du finde detaljerede oplysninger om typerne af vores cookies, deres form\u00e5l og din ret til at administrere cookies. 1. HVEM ER ANSVARLIG FOR COOKIES P\u00c5 UKETASUPPORT.COM? 2. HVAD SKAL DU VIDE OM COOKIES? 3. HVILKE COOKIES BRUGER VI? 4. SAMTYKKE TIL COOKIES 5. HVORDAN DEAKTIVERES COOKIES? 6. [&hellip;]<\/p>\n","protected":false},"author":3,"featured_media":0,"parent":0,"menu_order":0,"comment_status":"closed","ping_status":"closed","template":"elementor_header_footer","meta":{"footnotes":""},"class_list":["post-7403","page","type-page","status-publish","hentry"],"aioseo_notices":[],"_links":{"self":[{"href":"https:\/\/govisaglobal.com\/da\/wp-json\/wp\/v2\/pages\/7403","targetHints":{"allow":["GET"]}}],"collection":[{"href":"https:\/\/govisaglobal.com\/da\/wp-json\/wp\/v2\/pages"}],"about":[{"href":"https:\/\/govisaglobal.com\/da\/wp-json\/wp\/v2\/types\/page"}],"author":[{"embeddable":true,"href":"https:\/\/govisaglobal.com\/da\/wp-json\/wp\/v2\/users\/3"}],"replies":[{"embeddable":true,"href":"https:\/\/govisaglobal.com\/da\/wp-json\/wp\/v2\/comments?post=7403"}],"version-history":[{"count":4,"href":"https:\/\/govisaglobal.com\/da\/wp-json\/wp\/v2\/pages\/7403\/revisions"}],"predecessor-version":[{"id":12521,"href":"https:\/\/govisaglobal.com\/da\/wp-json\/wp\/v2\/pages\/7403\/revisions\/12521"}],"wp:attachment":[{"href":"https:\/\/govisaglobal.com\/da\/wp-json\/wp\/v2\/media?parent=7403"}],"curies":[{"name":"wp","href":"https:\/\/api.w.org\/{rel}","templated":true}]}}