{"id":6295,"date":"2025-06-21T06:03:29","date_gmt":"2025-06-21T06:03:29","guid":{"rendered":"https:\/\/govisaglobal.com\/cookie-richtlinie\/"},"modified":"2025-07-13T18:43:10","modified_gmt":"2025-07-13T18:43:10","slug":"cookie-richtlinie","status":"publish","type":"page","link":"https:\/\/govisaglobal.com\/de\/cookie-richtlinie\/","title":{"rendered":"Cookie-Richtlinie"},"content":{"rendered":"\t\t<div data-elementor-type=\"wp-page\" data-elementor-id=\"6295\" class=\"elementor elementor-6295 elementor-1742\" data-elementor-post-type=\"page\">\n\t\t\t\t<div class=\"elementor-element elementor-element-6005376 e-flex e-con-boxed e-con e-parent\" data-id=\"6005376\" data-element_type=\"container\" data-e-type=\"container\">\n\t\t\t\t\t<div class=\"e-con-inner\">\n\t\t<div class=\"elementor-element elementor-element-1b6ff59 e-con-full e-flex e-con e-child\" data-id=\"1b6ff59\" data-element_type=\"container\" data-e-type=\"container\">\n\t\t<div class=\"elementor-element elementor-element-9a256bc e-con-full e-flex e-con e-child\" data-id=\"9a256bc\" data-element_type=\"container\" data-e-type=\"container\" data-settings=\"{&quot;background_background&quot;:&quot;classic&quot;}\">\n\t\t\t\t<div class=\"elementor-element elementor-element-2b6ce32 elementor-widget elementor-widget-post-info\" data-id=\"2b6ce32\" data-element_type=\"widget\" data-e-type=\"widget\" data-widget_type=\"post-info.default\">\n\t\t\t\t<div class=\"elementor-widget-container\">\n\t\t\t\t\t\t\t<ul class=\"elementor-inline-items elementor-icon-list-items elementor-post-info\">\n\t\t\t\t\t\t\t\t<li class=\"elementor-icon-list-item elementor-repeater-item-40ac0bb elementor-inline-item\">\n\t\t\t\t\t\t\t\t\t\t\t\t\t<span class=\"elementor-icon-list-text elementor-post-info__item elementor-post-info__item--type-custom\">\n\t\t\t\t\t\t\t\t\t\tLetzte Aktualisierung: 13 Juli 2025\t\t\t\t\t<\/span>\n\t\t\t\t\t\t\t\t<\/li>\n\t\t\t\t<\/ul>\n\t\t\t\t\t\t<\/div>\n\t\t\t\t<\/div>\n\t\t\t\t<div class=\"elementor-element elementor-element-479a149 elementor-widget elementor-widget-spacer\" data-id=\"479a149\" data-element_type=\"widget\" data-e-type=\"widget\" data-widget_type=\"spacer.default\">\n\t\t\t\t<div class=\"elementor-widget-container\">\n\t\t\t\t\t\t\t<div class=\"elementor-spacer\">\n\t\t\t<div class=\"elementor-spacer-inner\"><\/div>\n\t\t<\/div>\n\t\t\t\t\t\t<\/div>\n\t\t\t\t<\/div>\n\t\t\t\t<div class=\"elementor-element elementor-element-08b9d0c elementor-widget elementor-widget-text-editor\" data-id=\"08b9d0c\" data-element_type=\"widget\" data-e-type=\"widget\" data-widget_type=\"text-editor.default\">\n\t\t\t\t<div class=\"elementor-widget-container\">\n\t\t\t\t\t\t\t\t\t<p><em>Wir verwenden Cookies auf dieser Website. Im Folgenden finden Sie detaillierte Informationen \u00fcber die Arten unserer Cookies, ihren Zweck und Ihr Recht auf Verwaltung von Cookies. <\/em><\/p>\t\t\t\t\t\t\t\t<\/div>\n\t\t\t\t<\/div>\n\t\t\t\t<div class=\"elementor-element elementor-element-d964092 elementor-widget-mobile__width-inherit elementor-widget elementor-widget-text-editor\" data-id=\"d964092\" data-element_type=\"widget\" data-e-type=\"widget\" data-widget_type=\"text-editor.default\">\n\t\t\t\t<div class=\"elementor-widget-container\">\n\t\t\t\t\t\t\t\t\t<p>1. WER IST F\u00dcR COOKIES AUF UKETASUPPORT.COM VERANTWORTLICH?<\/p><p>2. WAS SOLLTEN SIE \u00dcBER COOKIES WISSEN?<\/p><p>3. WELCHE COOKIES VERWENDEN WIR?<\/p><p>4. COOKIE-ZUSTIMMUNG<\/p><p>5. WIE KANN MAN COOKIES DEAKTIVIEREN?<\/p><p>6. INTERESSENBEZOGENE WERBUNG<\/p><p>7. GOOGLE ANALYTICS<\/p><p>8. GOOGLE reCAPCHA<\/p><p>9. FACEBOOK CUSTOM AUDIENCE<\/p><p>10. KONTAKT<\/p><p><a name=\"_Toc\"><\/a><strong>1. WER IST F\u00dcR COOKIES AUF UKETASUPPORT.COM VERANTWORTLICH?<\/strong><\/p><p>Der Datenverantwortliche, der f\u00fcr die Verarbeitung personenbezogener Daten \u00fcber die Website <a href=\"https:\/\/govisaglobal.com\">https:\/\/govisaglobal.com<\/a>, die zugeh\u00f6rigen Domainnamen, Software und Dienste (zusammenfassend \u201e<strong>uketasupport.com<\/strong>\u201c) verantwortlich ist, einschlie\u00dflich der Platzierung von Erstanbieter-Cookies, ist TRAVEL MUNDO \u2013 FZCO mit der Lizenznr. 28833 (\u201e<strong>wir<\/strong>\u201c, \u201e<strong>uns<\/strong>\u201c oder \u201e<strong>unser<\/strong>\u201c).<\/p><p><a name=\"_Toc1\"><\/a><strong>2. WAS SOLLTEN SIE \u00dcBER COOKIES WISSEN?<\/strong><\/p><p>Ein Cookie ist eine kleine Datei, die in der Regel aus Buchstaben und Zahlen besteht. Wenn Sie eine Website besuchen, sendet diese Website m\u00f6glicherweise ein Cookie an Ihren Browser. Anschlie\u00dfend speichert der Browser das Cookie f\u00fcr eine bestimmte Zeit auf Ihrem Computer oder Mobilger\u00e4t (die G\u00fcltigkeitsdauer eines Cookies h\u00e4ngt von seiner Art ab). Cookies werden verwendet, um Ihr Ger\u00e4t zu erkennen und bestimmte Informationen \u00fcber Ihre Nutzung von Websites zu sammeln. Auf diese Weise erm\u00f6glichen Cookies Websites, sich Ihre Aktionen und Pr\u00e4ferenzen im Laufe der Zeit zu \u201emerken\u201c. Es gibt verschiedene Arten von Cookies, n\u00e4mlich (i) persistente Cookies, die so lange g\u00fcltig bleiben, bis Sie sie l\u00f6schen, (ii) Cookies, die bis zu ihrem Ablaufdatum g\u00fcltig bleiben, und (iii) Sitzungscookies, die in einem Webbrowser gespeichert werden und bis zum Schlie\u00dfen des Browsers g\u00fcltig bleiben. Cookies k\u00f6nnen auch (i) Erstanbieter-Cookies (die von der urspr\u00fcnglichen Website selbst gesetzt werden) und (ii) Drittanbieter-Cookies (die von Websites Dritter gesetzt werden) sein.<\/p><p><a name=\"_Toc2\"><\/a><strong>3. WELCHE COOKIES VERWENDEN WIR?<\/strong><\/p><p>Wir k\u00f6nnen verschiedene Arten von Cookies auf uketasupport.com verwenden, darunter:<\/p><ul><li><strong>Technisch notwendige Cookies <\/strong>, die f\u00fcr das ordnungsgem\u00e4\u00dfe Funktionieren von uketasupport.com und die Bereitstellung der von Ihnen angeforderten Dienste unbedingt erforderlich sind;<\/li><li><strong>Pr\u00e4ferenz-Cookies<\/strong>, die es uns erm\u00f6glichen, Ihre Pr\u00e4ferenzen zu speichern und beizubehalten;<\/li><li><strong>Marketing-Cookies<\/strong>, die es uns erm\u00f6glichen, unsere Marketingkampagnen zu erstellen, umzusetzen und zu \u00fcberpr\u00fcfen. Diese Cookies erm\u00f6glichen es uns, die richtigen Kunden zu erreichen, die Produktivit\u00e4t unserer Marketingkampagnen zu analysieren und Ihnen personalisierte Werbung anzubieten; und<\/li><li><strong>Statistik-Cookies<\/strong>, die es uns erm\u00f6glichen, statistische Berichte \u00fcber Ihre Nutzung von uketasupport.com zu erstellen.<\/li><\/ul><p><a name=\"_Toc3\"><\/a><strong>4. COOKIE-ZUSTIMMUNG<\/strong><\/p><p>Wenn Sie uketasupport.com besuchen, bitten wir Sie \u00fcber einen Cookie-Zustimmungsbanner um Ihre Zustimmung zur Verwendung aller Cookies. Wenn Sie Ihre Einwilligung nicht erteilen, werden wir Ihnen keine nicht essenziellen Cookies (Statistik- und Marketing-Cookies) bereitstellen. Bitte beachten Sie, dass wir Ihnen m\u00f6glicherweise nicht die bestm\u00f6gliche Benutzererfahrung auf uketasupport.com bieten k\u00f6nnen, wenn nicht alle Cookies aktiviert sind.<\/p><p><a name=\"_Toc4\"><\/a><strong>5. WIE KANN MAN COOKIES DEAKTIVIEREN?<\/strong><\/p><p>Wenn wir Sie um Ihre Zustimmung zur Verwendung nicht erforderlicher Cookies bitten, steht es Ihnen frei, diese Zustimmung zu verweigern. Wenn Sie die Verwendung nicht erforderlicher Cookies sp\u00e4ter ablehnen m\u00f6chten, k\u00f6nnen Sie dies jederzeit tun, indem Sie Cookies in Ihrem Browser oder auf Ihrem Ger\u00e4t deaktivieren. Weitere Informationen finden Sie in den Anweisungen zur Cookie-Verwaltung Ihres Browsers:<\/p><ul><li><strong>Apple Safari:<\/strong> <a href=\"https:\/\/support.apple.com\/en-gb\/guide\/safari\/manage-cookies-and-website-data-sfri11471\/mac\">https:\/\/support.apple.com\/en-gb\/guide\/safari\/manage-cookies-and-website-data-sfri11471\/mac<\/a><\/li><li><strong>Google Chrome: <\/strong><a href=\"https:\/\/support.google.com\/chrome\/answer\/95647\">https:\/\/support.google.com\/chrome\/answer\/95647<\/a><\/li><li><strong>Firefox:<\/strong> <a href=\"https:\/\/support.mozilla.org\/en-US\/kb\/enable-and-disable-cookies-website-preferences\">https:\/\/support.mozilla.org\/en-US\/kb\/enable-and-disable-cookies-website-preferences<\/a><\/li><li><strong>Opera:<\/strong> <a href=\"https:\/\/blogs.opera.com\/news\/2015\/08\/how-to-manage-cookies-in-opera\/\">https:\/\/blogs.opera.com\/news\/2015\/08\/how-to-manage-cookies-in-opera\/<\/a><\/li><li><strong>Microsoft Edge:<\/strong> <a href=\"https:\/\/support.microsoft.com\/en-us\/help\/4468242\/microsoft-edge-browsing-data-and-privacy-microsoft-privacy\">https:\/\/support.microsoft.com\/en-us\/help\/4468242\/microsoft-edge-browsing-data-and-privacy-microsoft-privacy<\/a><\/li><\/ul><p><a name=\"_Toc5\"><\/a><strong>6. INTERESSENBEZOGENE WERBUNG<\/strong><\/p><p>Aufgrund Ihrer Nutzung von uketasupport.com und anderen Websites im Internet k\u00f6nnen Ihnen gezielte, interessenbezogene Werbeanzeigen angezeigt werden. Soweit erforderlich, holen wir Ihre Zustimmung ein. Sie k\u00f6nnen die Anzeige solcher Werbung steuern oder gezielte Werbung deaktivieren, indem Sie die Anleitung der Digital Advertising Alliance unter https:\/\/youradchoices.com konsultieren. Weitere Informationen zum Deaktivieren von Werbefunktionen auf Ihrem Ger\u00e4t finden Sie unter <a href=\"https:\/\/www.networkadvertising.org\/\">https:\/\/www.networkadvertising.org<\/a>.<\/p><p><a name=\"_Toc6\"><\/a><strong>7. GOOGLE ANALYTICS<\/strong><\/p><p>Wir verwenden Google Analytics, einen Webanalysedienst der Google LLC mit Sitz in 1600 Amphitheatre Parkway, Mountain View, CA 94043, USA (\u201e<strong>Google<\/strong>\u201c). Google generiert mithilfe von Cookies statistische Informationen und erstellt Berichte \u00fcber Ihre Nutzung von uketasupport.com. Die von Google verwendeten Cookies sind anonyme Erstanbieter-Cookies, die es uns nicht erm\u00f6glichen, Sie in irgendeiner Weise zu identifizieren. Die durch Cookies erzeugten Informationen werden an Google \u00fcbertragen und von Google auf Servern in den Vereinigten Staaten gespeichert. Um Ihre Privatsph\u00e4re zu sch\u00fctzen, wird Ihre IP-Adresse anonymisiert und Google wird Ihre IP-Adresse nicht mit anderen Informationen, die Google \u00fcber Sie gespeichert hat, verkn\u00fcpfen. Somit kann Google Sie nicht identifizieren. In bestimmten F\u00e4llen (z. B. wenn dies gesetzlich vorgeschrieben ist oder wenn Dritte Dienstleistungen im Auftrag von Google erbringen) kann Google die Informationen an Dritte weitergeben. Weitere Informationen zu den Datenschutzpraktiken von Google Analytics finden Sie unter <a href=\"https:\/\/support.google.com\/analytics\/answer\/6004245\">https:\/\/support.google.com\/analytics\/answer\/6004245<\/a>. Wenn Sie Google Analytics deaktivieren m\u00f6chten, k\u00f6nnen Sie dies tun, indem Sie ein Browser-Add-on zur Deaktivierung von Google Analytics installieren, das unter <a href=\"https:\/\/tools.google.com\/dlpage\/gaoptout?hl=en\">https:\/\/tools.google.com\/dlpage\/gaoptout?hl=en<\/a> verf\u00fcgbar ist.<\/p><p><a name=\"_Toc7\"><\/a><strong>8. GOOGLE reCAPCHA<\/strong><\/p><p>Wir verwenden reCAPCHA, einen Dienst von Google, um zu \u00fcberpr\u00fcfen, ob Sie ein Mensch und kein Roboter sind. Dies hilft uketasupport.com, vor Spam und Missbrauch gesch\u00fctzt zu sein. Die reCAPTCHA-Analyse findet im Hintergrund statt. Wenn Sie reCAPTCHA verwenden, erfasst Google einige personenbezogene und nicht personenbezogene Daten von Ihnen, wie z. B.:<\/p><ul><li>Alle Cookies, die Google in den letzten 6 Monaten in Ihrem Browser gesetzt hat;<\/li><li>Informationen \u00fcber Ihre Mausklicks;<\/li><li>CSS-Informationen;<\/li><li>Datum;<\/li><li>Browsersprache;<\/li><li>Alle im Browser installierten Plug-ins; und<\/li><li>Javascript-Objekte.<\/li><\/ul><p>Die oben genannten Daten werden an Google in den Vereinigten Staaten \u00fcbermittelt. Wir haben ein berechtigtes Interesse daran, uketasupport.com vor missbr\u00e4uchlichem automatisiertem Crawling und Spam zu sch\u00fctzen. Weitere Informationen zu Google reCAPTCHA und den Datenschutzbestimmungen von Google finden Sie unter den folgenden Links: <a href=\"https:\/\/www.google.com\/intl\/de\/policies\/privacy\/\">https:\/\/www.google.com\/intl\/de\/policies\/privacy\/<\/a> und <a href=\"https:\/\/www.google.com\/recaptcha\/intro\/v3.html\">https:\/\/www.google.com\/recaptcha\/intro\/v3.html<\/a> .<\/p><p><a name=\"_Toc8\"><\/a><strong>9. FACEBOOK CUSTOM AUDIENCE<\/strong><\/p><p>Wir verwenden Facebook Custom Audience und Remarketing. Dabei handelt es sich um einen Remarketing- und Behavioural-Targeting-Dienst der Meta Platforms, Inc. mit Sitz in den Vereinigten Staaten, der Ihre Aktivit\u00e4ten auf uketasupport.com mit dem Facebook-Werbenetzwerk verbindet. Die Informationen, die \u00fcber Sie erfasst werden k\u00f6nnen, sind Ihre Cookie-bezogenen Daten und Ihre E-Mail-Adresse. Soweit erforderlich, holen wir Ihre Einwilligung zur Verwendung dieses Tools oder der mit diesem Tool verbundenen Cookies ein. Die Verwendung dieses Tools erm\u00f6glicht es uns, Ihnen interessenbezogene Werbung anzuzeigen, wenn Sie das soziale Netzwerk Facebook oder andere Websites besuchen, die ebenfalls dieses Tool verwenden. Auf diese Weise k\u00f6nnen Sie Werbung sehen, die f\u00fcr Sie relevant oder interessant sein k\u00f6nnte. Sie k\u00f6nnen die Anzeige solcher Werbung deaktivieren, indem Sie Ihre Cookie-Einstellungen anpassen. Weitere Informationen zur Steuerung interessenbezogener Werbung finden Sie in Abschnitt 6 dieser Cookie-Richtlinie.<\/p><p><a name=\"_Toc9\"><\/a><strong>10. KONTAKT<\/strong><\/p><p>Wenn Sie Fragen zu dieser Cookie-Richtlinie oder unseren Datenschutzpraktiken haben, wenden Sie sich bitte unter Verwendung der folgenden Kontaktdaten an uns:<\/p><p><strong>E-Mail: <\/strong><a href=\"mailto:info@uketasupport.com\">info@uketasupport.com<\/a><\/p>\t\t\t\t\t\t\t\t<\/div>\n\t\t\t\t<\/div>\n\t\t\t\t<\/div>\n\t\t\t\t<\/div>\n\t\t\t\t\t<\/div>\n\t\t\t\t<\/div>\n\t\t\t\t<\/div>\n\t\t","protected":false},"excerpt":{"rendered":"<p>Wir verwenden Cookies auf dieser Website. Im Folgenden finden Sie detaillierte Informationen \u00fcber die Arten unserer Cookies, ihren Zweck und Ihr Recht auf Verwaltung von Cookies. 1. WER IST F\u00dcR COOKIES AUF UKETASUPPORT.COM VERANTWORTLICH? 2. WAS SOLLTEN SIE \u00dcBER COOKIES WISSEN? 3. WELCHE COOKIES VERWENDEN WIR? 4. COOKIE-ZUSTIMMUNG 5. WIE KANN MAN COOKIES DEAKTIVIEREN? 6. [&hellip;]<\/p>\n","protected":false},"author":3,"featured_media":0,"parent":0,"menu_order":0,"comment_status":"closed","ping_status":"closed","template":"elementor_header_footer","meta":{"footnotes":""},"class_list":["post-6295","page","type-page","status-publish","hentry"],"aioseo_notices":[],"_links":{"self":[{"href":"https:\/\/govisaglobal.com\/de\/wp-json\/wp\/v2\/pages\/6295","targetHints":{"allow":["GET"]}}],"collection":[{"href":"https:\/\/govisaglobal.com\/de\/wp-json\/wp\/v2\/pages"}],"about":[{"href":"https:\/\/govisaglobal.com\/de\/wp-json\/wp\/v2\/types\/page"}],"author":[{"embeddable":true,"href":"https:\/\/govisaglobal.com\/de\/wp-json\/wp\/v2\/users\/3"}],"replies":[{"embeddable":true,"href":"https:\/\/govisaglobal.com\/de\/wp-json\/wp\/v2\/comments?post=6295"}],"version-history":[{"count":4,"href":"https:\/\/govisaglobal.com\/de\/wp-json\/wp\/v2\/pages\/6295\/revisions"}],"predecessor-version":[{"id":12469,"href":"https:\/\/govisaglobal.com\/de\/wp-json\/wp\/v2\/pages\/6295\/revisions\/12469"}],"wp:attachment":[{"href":"https:\/\/govisaglobal.com\/de\/wp-json\/wp\/v2\/media?parent=6295"}],"curies":[{"name":"wp","href":"https:\/\/api.w.org\/{rel}","templated":true}]}}