{"id":6100,"date":"2025-06-19T15:06:38","date_gmt":"2025-06-19T15:06:38","guid":{"rendered":"https:\/\/govisaglobal.com\/eta-para-el-reino-unido-para-ciudadanos-italianos\/"},"modified":"2025-06-28T06:24:36","modified_gmt":"2025-06-28T06:24:36","slug":"eta-para-el-reino-unido-para-ciudadanos-italianos","status":"publish","type":"page","link":"https:\/\/govisaglobal.com\/es\/solicitud-de-eta-en-el-reino-unido\/eta-para-el-reino-unido-para-ciudadanos-italianos\/","title":{"rendered":"ETA para el Reino Unido para ciudadanos italianos"},"content":{"rendered":"","protected":false},"excerpt":{"rendered":"<p>Aprende todo sobre la ETA del Reino Unido para ciudadanos italianos. Descubra el proceso de solicitud, los beneficios y la validez de la ETA (Autorizaci\u00f3n Electr\u00f3nica de Viaje), incluidas m\u00faltiples entradas para hasta 6 meses de viaje. <\/p>\n","protected":false},"author":3,"featured_media":0,"parent":6104,"menu_order":0,"comment_status":"closed","ping_status":"closed","template":"elementor_header_footer","meta":{"footnotes":""},"class_list":["post-6100","page","type-page","status-publish","hentry"],"aioseo_notices":[],"_links":{"self":[{"href":"https:\/\/govisaglobal.com\/es\/wp-json\/wp\/v2\/pages\/6100","targetHints":{"allow":["GET"]}}],"collection":[{"href":"https:\/\/govisaglobal.com\/es\/wp-json\/wp\/v2\/pages"}],"about":[{"href":"https:\/\/govisaglobal.com\/es\/wp-json\/wp\/v2\/types\/page"}],"author":[{"embeddable":true,"href":"https:\/\/govisaglobal.com\/es\/wp-json\/wp\/v2\/users\/3"}],"replies":[{"embeddable":true,"href":"https:\/\/govisaglobal.com\/es\/wp-json\/wp\/v2\/comments?post=6100"}],"version-history":[{"count":1,"href":"https:\/\/govisaglobal.com\/es\/wp-json\/wp\/v2\/pages\/6100\/revisions"}],"predecessor-version":[{"id":6107,"href":"https:\/\/govisaglobal.com\/es\/wp-json\/wp\/v2\/pages\/6100\/revisions\/6107"}],"up":[{"embeddable":true,"href":"https:\/\/govisaglobal.com\/es\/wp-json\/wp\/v2\/pages\/6104"}],"wp:attachment":[{"href":"https:\/\/govisaglobal.com\/es\/wp-json\/wp\/v2\/media?parent=6100"}],"curies":[{"name":"wp","href":"https:\/\/api.w.org\/{rel}","templated":true}]}}