{"id":6429,"date":"2025-06-21T06:03:29","date_gmt":"2025-06-21T06:03:29","guid":{"rendered":"https:\/\/govisaglobal.com\/politica-de-cookies\/"},"modified":"2025-07-13T18:45:34","modified_gmt":"2025-07-13T18:45:34","slug":"politica-de-cookies","status":"publish","type":"page","link":"https:\/\/govisaglobal.com\/es\/politica-de-cookies\/","title":{"rendered":"Pol\u00edtica de cookies"},"content":{"rendered":"\t\t<div data-elementor-type=\"wp-page\" data-elementor-id=\"6429\" class=\"elementor elementor-6429 elementor-1742\" data-elementor-post-type=\"page\">\n\t\t\t\t<div class=\"elementor-element elementor-element-6005376 e-flex e-con-boxed e-con e-parent\" data-id=\"6005376\" data-element_type=\"container\" data-e-type=\"container\">\n\t\t\t\t\t<div class=\"e-con-inner\">\n\t\t<div class=\"elementor-element elementor-element-1b6ff59 e-con-full e-flex e-con e-child\" data-id=\"1b6ff59\" data-element_type=\"container\" data-e-type=\"container\">\n\t\t<div class=\"elementor-element elementor-element-9a256bc e-con-full e-flex e-con e-child\" data-id=\"9a256bc\" data-element_type=\"container\" data-e-type=\"container\" data-settings=\"{&quot;background_background&quot;:&quot;classic&quot;}\">\n\t\t\t\t<div class=\"elementor-element elementor-element-2b6ce32 elementor-widget elementor-widget-post-info\" data-id=\"2b6ce32\" data-element_type=\"widget\" data-e-type=\"widget\" data-widget_type=\"post-info.default\">\n\t\t\t\t<div class=\"elementor-widget-container\">\n\t\t\t\t\t\t\t<ul class=\"elementor-inline-items elementor-icon-list-items elementor-post-info\">\n\t\t\t\t\t\t\t\t<li class=\"elementor-icon-list-item elementor-repeater-item-40ac0bb elementor-inline-item\">\n\t\t\t\t\t\t\t\t\t\t\t\t\t<span class=\"elementor-icon-list-text elementor-post-info__item elementor-post-info__item--type-custom\">\n\t\t\t\t\t\t\t\t\t\t\u00daltima actualizaci\u00f3n: 13 julio 2025\t\t\t\t\t<\/span>\n\t\t\t\t\t\t\t\t<\/li>\n\t\t\t\t<\/ul>\n\t\t\t\t\t\t<\/div>\n\t\t\t\t<\/div>\n\t\t\t\t<div class=\"elementor-element elementor-element-479a149 elementor-widget elementor-widget-spacer\" data-id=\"479a149\" data-element_type=\"widget\" data-e-type=\"widget\" data-widget_type=\"spacer.default\">\n\t\t\t\t<div class=\"elementor-widget-container\">\n\t\t\t\t\t\t\t<div class=\"elementor-spacer\">\n\t\t\t<div class=\"elementor-spacer-inner\"><\/div>\n\t\t<\/div>\n\t\t\t\t\t\t<\/div>\n\t\t\t\t<\/div>\n\t\t\t\t<div class=\"elementor-element elementor-element-08b9d0c elementor-widget elementor-widget-text-editor\" data-id=\"08b9d0c\" data-element_type=\"widget\" data-e-type=\"widget\" data-widget_type=\"text-editor.default\">\n\t\t\t\t<div class=\"elementor-widget-container\">\n\t\t\t\t\t\t\t\t\t<p><em>Utilizamos cookies en este sitio web. A continuaci\u00f3n, puede encontrar informaci\u00f3n detallada sobre los tipos de nuestras cookies, sus prop\u00f3sitos y su derecho a administrar las cookies. <\/em><\/p>\t\t\t\t\t\t\t\t<\/div>\n\t\t\t\t<\/div>\n\t\t\t\t<div class=\"elementor-element elementor-element-d964092 elementor-widget-mobile__width-inherit elementor-widget elementor-widget-text-editor\" data-id=\"d964092\" data-element_type=\"widget\" data-e-type=\"widget\" data-widget_type=\"text-editor.default\">\n\t\t\t\t<div class=\"elementor-widget-container\">\n\t\t\t\t\t\t\t\t\t<p>1. \u00bfQUI\u00c9N ES EL RESPONSABLE DE LAS COOKIES EN UKETASUPPORT.COM?<\/p><p>2. \u00bfQU\u00c9 DEBE SABER SOBRE LAS COOKIES?<\/p><p>3. \u00bfQU\u00c9 COOKIES UTILIZAMOS?<\/p><p>4. CONSENTIMIENTO PARA EL USO DE COOKIES<\/p><p>5. \u00bfC\u00d3MO DESACTIVAR LAS COOKIES?<\/p><p>6. PUBLICIDAD BASADA EN INTERESES<\/p><p>7. GOOGLE ANALYTICS<\/p><p>8. GOOGLE reCAPCHA<\/p><p>9. AUDIENCIA PERSONALIZADA DE FACEBOOK<\/p><p>10. CONTACTO<\/p><p><a name=\"_Toc\"><\/a><strong>1. \u00bfQUI\u00c9N ES EL RESPONSABLE DE LAS COOKIES EN UKETASUPPORT.COM?<\/strong><\/p><p>El responsable del tratamiento de los datos personales a trav\u00e9s del sitio web <a href=\"https:\/\/govisaglobal.com\">https:\/\/govisaglobal.com<\/a>, los nombres de dominio relacionados, el software y los servicios (en conjunto, \u00ab<strong>uketasupport.com<\/strong>\u00bb), incluida la instalaci\u00f3n de cookies de origen, es TRAVEL MUNDO \u2013 FZCO con el n\u00famero de licencia 28833 (\u00ab<strong>nosotros<\/strong>\u00bb, \u00ab<strong>nos<\/strong>\u00bb o \u00ab<strong>nuestro<\/strong>\u00bb).<\/p><p><a name=\"_Toc1\"><\/a><strong>2. \u00bfQU\u00c9 DEBE SABER SOBRE LAS COOKIES?<\/strong><\/p><p>Una cookie es un peque\u00f1o fragmento de informaci\u00f3n que suele consistir en letras y n\u00fameros. Cuando visita un sitio web, este puede enviar una cookie a su navegador. Posteriormente, el navegador puede almacenar la cookie en su ordenador o dispositivo m\u00f3vil durante un tiempo (la fecha de caducidad de las cookies depende de su tipo). Las cookies se utilizan para reconocer su dispositivo y recopilar cierta informaci\u00f3n sobre su uso de los sitios web. De este modo, con el tiempo, las cookies permiten a los sitios web \u00abrecordar\u00bb sus acciones y preferencias. Existen varios tipos de cookies, a saber: (i) cookies persistentes, que siguen siendo v\u00e1lidas hasta que usted las borra; (ii) cookies que siguen siendo v\u00e1lidas hasta su fecha de caducidad, y (iii) cookies de sesi\u00f3n, que se almacenan en un navegador web y siguen siendo v\u00e1lidas hasta el momento en que se cierra el navegador. Las cookies tambi\u00e9n pueden ser (i) cookies de origen (establecidas por el propio sitio web original) y (ii) cookies de terceros (colocadas por sitios web de terceros).<\/p><p><a name=\"_Toc2\"><\/a><strong>3. \u00bfQU\u00c9 COOKIES UTILIZAMOS?<\/strong><\/p><p>Podemos utilizar diferentes tipos de cookies en uketasupport.com, entre ellas:<\/p><ul><li><strong>Cookies t\u00e9cnicas esenciales <\/strong>que son estrictamente necesarias para garantizar el correcto funcionamiento de uketasupport.com y proporcionar los servicios solicitados por usted;<\/li><li><strong>Cookies de preferencias<\/strong> que nos permiten guardar y conservar sus preferencias;<\/li><li><strong>Cookies de marketing<\/strong> que nos permiten crear, implementar y examinar nuestras campa\u00f1as de marketing. Estas cookies nos permiten llegar a los clientes adecuados, analizar la productividad de nuestras campa\u00f1as de marketing y ofrecerle publicidad personalizada; y<\/li><li><strong>Cookies estad\u00edsticas<\/strong> que nos permiten generar informes estad\u00edsticos sobre c\u00f3mo utiliza uketasupport.com.<\/li><\/ul><p><a name=\"_Toc3\"><\/a><strong>4. CONSENTIMIENTO PARA EL USO DE COOKIES<\/strong><\/p><p>Cuando visite uketasupport.com, le pediremos que nos d\u00e9 su consentimiento para el uso de todas las cookies a trav\u00e9s de un banner de consentimiento de cookies. Si no nos da su consentimiento, no le proporcionaremos nuestras cookies no esenciales (estad\u00edsticas y de marketing). Tenga en cuenta que es posible que no podamos ofrecerle la mejor experiencia de usuario en uketasupport.com si no est\u00e1n habilitadas todas las cookies.<\/p><p><a name=\"_Toc4\"><\/a><strong>5. \u00bfC\u00d3MO DESACTIVAR LAS COOKIES?<\/strong><\/p><p>Cuando le pedimos su consentimiento para el uso de cookies no esenciales, usted tiene la libertad de no darlo. Si m\u00e1s adelante desea rechazar el uso de cookies no esenciales, puede hacerlo en cualquier momento rechazando las cookies en su navegador o dispositivo. Para obtener m\u00e1s informaci\u00f3n, puede consultar las instrucciones de gesti\u00f3n de cookies de su navegador:<\/p><ul><li><strong>Apple Safari:<\/strong> <a href=\"https:\/\/support.apple.com\/en-gb\/guide\/safari\/manage-cookies-and-website-data-sfri11471\/mac\">https:\/\/support.apple.com\/en-gb\/guide\/safari\/manage-cookies-and-website-data-sfri11471\/mac<\/a><\/li><li><strong>Google Chrome: <\/strong><a href=\"https:\/\/support.google.com\/chrome\/answer\/95647\">https:\/\/support.google.com\/chrome\/answer\/95647<\/a><\/li><li><strong>Firefox:<\/strong> <a href=\"https:\/\/support.mozilla.org\/en-US\/kb\/enable-and-disable-cookies-website-preferences\">https:\/\/support.mozilla.org\/en-US\/kb\/enable-and-disable-cookies-website-preferences<\/a><\/li><li><strong>Opera:<\/strong> <a href=\"https:\/\/blogs.opera.com\/news\/2015\/08\/how-to-manage-cookies-in-opera\/\">https:\/\/blogs.opera.com\/news\/2015\/08\/how-to-manage-cookies-in-opera\/<\/a><\/li><li><strong>Microsoft Edge:<\/strong> <a href=\"https:\/\/support.microsoft.com\/en-us\/help\/4468242\/microsoft-edge-browsing-data-and-privacy-microsoft-privacy\">https:\/\/support.microsoft.com\/en-us\/help\/4468242\/microsoft-edge-browsing-data-and-privacy-microsoft-privacy<\/a><\/li><\/ul><p><a name=\"_Toc5\"><\/a><strong>6. PUBLICIDAD BASADA EN INTERESES<\/strong><\/p><p>Es posible que encuentre publicidad dirigida basada en sus intereses seg\u00fan su uso de uketasupport.com y otros sitios web en Internet. Cuando sea necesario, solicitaremos su consentimiento. Puede controlar c\u00f3mo se le muestra dicha publicidad u optar por no recibir publicidad dirigida consultando la gu\u00eda de la Alianza de Publicidad Digital disponible en https:\/\/youradchoices.com. Para obtener m\u00e1s informaci\u00f3n sobre c\u00f3mo desactivar las funciones publicitarias en su dispositivo, visite <a href=\"https:\/\/www.networkadvertising.org\/\">https:\/\/www.networkadvertising.org<\/a>.<\/p><p><a name=\"_Toc6\"><\/a><strong>7. GOOGLE ANALYTICS<\/strong><\/p><p>Utilizamos Google Analytics, un servicio de an\u00e1lisis web proporcionado por Google LLC, con domicilio social en 1600 Amphitheatre Parkway, Mountain View, CA 94043, EE. UU. (\u00ab<strong>Google<\/strong>\u00bb). Google genera informaci\u00f3n estad\u00edstica mediante cookies y crea informes sobre su uso de uketasupport.com. Las cookies utilizadas por Google son cookies an\u00f3nimas de origen propio que no nos permiten identificarle de ninguna manera. La informaci\u00f3n generada por las cookies se transmitir\u00e1 a Google y se almacenar\u00e1 en servidores de Estados Unidos. Para garantizar su privacidad, su direcci\u00f3n IP ser\u00e1 anonimizada y Google no combinar\u00e1 su direcci\u00f3n IP con otra informaci\u00f3n que Google tenga sobre usted. Por lo tanto, Google no podr\u00e1 identificarle. En determinados casos (por ejemplo, cuando lo exija la ley o cuando terceros presten servicios en nombre de Google), Google podr\u00e1 transferir la informaci\u00f3n a terceros. Para obtener m\u00e1s informaci\u00f3n sobre las pr\u00e1cticas de privacidad de Google Analytics, visite <a href=\"https:\/\/support.google.com\/analytics\/answer\/6004245\">https:\/\/support.google.com\/analytics\/answer\/6004245<\/a>. Si desea excluirse de Google Analytics, puede hacerlo instalando un complemento de inhabilitaci\u00f3n para navegadores de Google Analytics, disponible en <a href=\"https:\/\/tools.google.com\/dlpage\/gaoptout?hl=en\">https:\/\/tools.google.com\/dlpage\/gaoptout?hl=en<\/a>.<\/p><p><a name=\"_Toc7\"><\/a><strong>8. GOOGLE reCAPCHA<\/strong><\/p><p>Utilizamos reCAPCHA, el servicio proporcionado por Google, para verificar si usted es un ser humano y no un robot. Esto ayuda a proteger uketasupport.com contra el spam y el abuso. El an\u00e1lisis de reCAPTCHA se realiza en segundo plano. Cuando utiliza reCAPTCHA, Google recopila algunos datos personales y no personales, tales como:<\/p><ul><li>Todas las cookies establecidas en su navegador por Google en los \u00faltimos 6 meses;<\/li><li>Informaci\u00f3n sobre los clics del rat\u00f3n;<\/li><li>Informaci\u00f3n CSS;<\/li><li>Fecha;<\/li><li>Idioma del navegador;<\/li><li>Cualquier complemento instalado en el navegador; y<\/li><li>Objetos Javascript.<\/li><\/ul><p>Los datos mencionados anteriormente se enviar\u00e1n a Google, con sede en Estados Unidos. Tenemos un inter\u00e9s leg\u00edtimo en proteger uketasupport.com del rastreo automatizado abusivo y el spam. Para obtener m\u00e1s informaci\u00f3n sobre Google reCAPTCHA y la pol\u00edtica de privacidad de Google, visite los siguientes enlaces: <a href=\"https:\/\/www.google.com\/intl\/de\/policies\/privacy\/\">https:\/\/www.google.com\/intl\/de\/policies\/privacy\/<\/a> y <a href=\"https:\/\/www.google.com\/recaptcha\/intro\/v3.html\">https:\/\/www.google.com\/recaptcha\/intro\/v3.html<\/a> .<\/p><p><a name=\"_Toc8\"><\/a><strong>9. AUDIENCIA PERSONALIZADA DE FACEBOOK<\/strong><\/p><p>Utilizamos Facebook Custom Audience y Remarketing. Se trata de un servicio de remarketing y segmentaci\u00f3n por comportamiento prestado por Meta Platforms, Inc., con sede en Estados Unidos, que conecta su actividad en uketasupport.com con la red publicitaria de Facebook. La informaci\u00f3n que puede recopilarse sobre usted son sus datos relacionados con las cookies y su direcci\u00f3n de correo electr\u00f3nico. Cuando sea necesario, le pediremos su consentimiento para utilizar esta herramienta o las cookies relacionadas con ella. El uso de esta herramienta nos permite mostrar anuncios basados en sus intereses cuando visita la red social Facebook u otros sitios web que tambi\u00e9n utilizan esta herramienta. De esta manera, puede ver publicidad que puede ser relevante o interesante para usted. Puede optar por no ver dicha publicidad ajustando la configuraci\u00f3n de sus cookies. Adem\u00e1s, consulte la secci\u00f3n 6 de esta pol\u00edtica de cookies para obtener enlaces que proporcionan m\u00e1s informaci\u00f3n sobre el control de la publicidad basada en intereses.<\/p><p><a name=\"_Toc9\"><\/a><strong>10. CONTACTO<\/strong><\/p><p>Si tiene alguna pregunta sobre esta pol\u00edtica de cookies o nuestras pr\u00e1cticas de protecci\u00f3n de datos, p\u00f3ngase en contacto con nosotros utilizando los siguientes datos de contacto:<\/p><p><strong>Correo electr\u00f3nico: <\/strong><a href=\"mailto:info@uketasupport.com\">info@uketasupport.com<\/a><\/p>\t\t\t\t\t\t\t\t<\/div>\n\t\t\t\t<\/div>\n\t\t\t\t<\/div>\n\t\t\t\t<\/div>\n\t\t\t\t\t<\/div>\n\t\t\t\t<\/div>\n\t\t\t\t<\/div>\n\t\t","protected":false},"excerpt":{"rendered":"<p>Utilizamos cookies en este sitio web. A continuaci\u00f3n, puede encontrar informaci\u00f3n detallada sobre los tipos de nuestras cookies, sus prop\u00f3sitos y su derecho a administrar las cookies. 1. \u00bfQUI\u00c9N ES EL RESPONSABLE DE LAS COOKIES EN UKETASUPPORT.COM? 2. \u00bfQU\u00c9 DEBE SABER SOBRE LAS COOKIES? 3. \u00bfQU\u00c9 COOKIES UTILIZAMOS? 4. CONSENTIMIENTO PARA EL USO DE COOKIES [&hellip;]<\/p>\n","protected":false},"author":3,"featured_media":0,"parent":0,"menu_order":0,"comment_status":"closed","ping_status":"closed","template":"elementor_header_footer","meta":{"footnotes":""},"class_list":["post-6429","page","type-page","status-publish","hentry"],"aioseo_notices":[],"_links":{"self":[{"href":"https:\/\/govisaglobal.com\/es\/wp-json\/wp\/v2\/pages\/6429","targetHints":{"allow":["GET"]}}],"collection":[{"href":"https:\/\/govisaglobal.com\/es\/wp-json\/wp\/v2\/pages"}],"about":[{"href":"https:\/\/govisaglobal.com\/es\/wp-json\/wp\/v2\/types\/page"}],"author":[{"embeddable":true,"href":"https:\/\/govisaglobal.com\/es\/wp-json\/wp\/v2\/users\/3"}],"replies":[{"embeddable":true,"href":"https:\/\/govisaglobal.com\/es\/wp-json\/wp\/v2\/comments?post=6429"}],"version-history":[{"count":4,"href":"https:\/\/govisaglobal.com\/es\/wp-json\/wp\/v2\/pages\/6429\/revisions"}],"predecessor-version":[{"id":12479,"href":"https:\/\/govisaglobal.com\/es\/wp-json\/wp\/v2\/pages\/6429\/revisions\/12479"}],"wp:attachment":[{"href":"https:\/\/govisaglobal.com\/es\/wp-json\/wp\/v2\/media?parent=6429"}],"curies":[{"name":"wp","href":"https:\/\/api.w.org\/{rel}","templated":true}]}}