{"id":9093,"date":"2025-06-21T06:03:29","date_gmt":"2025-06-21T06:03:29","guid":{"rendered":"https:\/\/govisaglobal.com\/kupsiste-poliitika\/"},"modified":"2025-07-13T18:50:06","modified_gmt":"2025-07-13T18:50:06","slug":"kupsiste-poliitika","status":"publish","type":"page","link":"https:\/\/govisaglobal.com\/et\/kupsiste-poliitika\/","title":{"rendered":"K\u00fcpsiste poliitika"},"content":{"rendered":"\t\t<div data-elementor-type=\"wp-page\" data-elementor-id=\"9093\" class=\"elementor elementor-9093 elementor-1742\" data-elementor-post-type=\"page\">\n\t\t\t\t<div class=\"elementor-element elementor-element-6005376 e-flex e-con-boxed e-con e-parent\" data-id=\"6005376\" data-element_type=\"container\" data-e-type=\"container\">\n\t\t\t\t\t<div class=\"e-con-inner\">\n\t\t<div class=\"elementor-element elementor-element-1b6ff59 e-con-full e-flex e-con e-child\" data-id=\"1b6ff59\" data-element_type=\"container\" data-e-type=\"container\">\n\t\t<div class=\"elementor-element elementor-element-9a256bc e-con-full e-flex e-con e-child\" data-id=\"9a256bc\" data-element_type=\"container\" data-e-type=\"container\" data-settings=\"{&quot;background_background&quot;:&quot;classic&quot;}\">\n\t\t\t\t<div class=\"elementor-element elementor-element-2b6ce32 elementor-widget elementor-widget-post-info\" data-id=\"2b6ce32\" data-element_type=\"widget\" data-e-type=\"widget\" data-widget_type=\"post-info.default\">\n\t\t\t\t<div class=\"elementor-widget-container\">\n\t\t\t\t\t\t\t<ul class=\"elementor-inline-items elementor-icon-list-items elementor-post-info\">\n\t\t\t\t\t\t\t\t<li class=\"elementor-icon-list-item elementor-repeater-item-40ac0bb elementor-inline-item\">\n\t\t\t\t\t\t\t\t\t\t\t\t\t<span class=\"elementor-icon-list-text elementor-post-info__item elementor-post-info__item--type-custom\">\n\t\t\t\t\t\t\t\t\t\tViimati uuendatud: 13 juuli 2025\t\t\t\t\t<\/span>\n\t\t\t\t\t\t\t\t<\/li>\n\t\t\t\t<\/ul>\n\t\t\t\t\t\t<\/div>\n\t\t\t\t<\/div>\n\t\t\t\t<div class=\"elementor-element elementor-element-479a149 elementor-widget elementor-widget-spacer\" data-id=\"479a149\" data-element_type=\"widget\" data-e-type=\"widget\" data-widget_type=\"spacer.default\">\n\t\t\t\t<div class=\"elementor-widget-container\">\n\t\t\t\t\t\t\t<div class=\"elementor-spacer\">\n\t\t\t<div class=\"elementor-spacer-inner\"><\/div>\n\t\t<\/div>\n\t\t\t\t\t\t<\/div>\n\t\t\t\t<\/div>\n\t\t\t\t<div class=\"elementor-element elementor-element-08b9d0c elementor-widget elementor-widget-text-editor\" data-id=\"08b9d0c\" data-element_type=\"widget\" data-e-type=\"widget\" data-widget_type=\"text-editor.default\">\n\t\t\t\t<div class=\"elementor-widget-container\">\n\t\t\t\t\t\t\t\t\t<p><em>Kasutame sellel veebisaidil k\u00fcpsiseid. Allpool leiate \u00fcksikasjalikku teavet meie k\u00fcpsiste t\u00fc\u00fcpide, nende eesm\u00e4rkide ja teie k\u00fcpsiste haldamise \u00f5iguse kohta. <\/em><\/p>\t\t\t\t\t\t\t\t<\/div>\n\t\t\t\t<\/div>\n\t\t\t\t<div class=\"elementor-element elementor-element-d964092 elementor-widget-mobile__width-inherit elementor-widget elementor-widget-text-editor\" data-id=\"d964092\" data-element_type=\"widget\" data-e-type=\"widget\" data-widget_type=\"text-editor.default\">\n\t\t\t\t<div class=\"elementor-widget-container\">\n\t\t\t\t\t\t\t\t\t<p>1. Kes vastutab UKETASUPPORT.COM veebisaidil kasutatavate k\u00fcpsiste eest?<\/p><p>2. Mida peaksite k\u00fcpsiste kohta teadma?<\/p><p>3. Milliseid k\u00fcpsiseid me kasutame?<\/p><p>4. K\u00fcpsiste kasutamise n\u00f5usolek<\/p><p>5. Kuidas k\u00fcpsised keelata?<\/p><p>6. Huvi-p\u00f5hine reklaam<\/p><p>7. GOOGLE ANALYTICS<\/p><p>8. GOOGLE reCAPCHA<\/p><p>9. FACEBOOK CUSTOM AUDIENCE<\/p><p>10. KONTAKT<\/p><p><a name=\"_Toc\"><\/a><strong>1. Kes vastutab UKETASUPPORT.COM veebisaidil kasutatavate k\u00fcpsiste eest?<\/strong><\/p><p>Isikute andmete t\u00f6\u00f6tlemise eest veebisaidil <a href=\"https:\/\/govisaglobal.com\">https:\/\/govisaglobal.com<\/a>, sellega seotud domeeninimede, tarkvara ja teenuste (koos \u201e<strong>uketasupport.com<\/strong>\u201d) kaudu, sealhulgas esimese osapoole k\u00fcpsiste paigaldamise eest vastutav andmete t\u00f6\u00f6tleja on TRAVEL MUNDO \u2013 FZCO litsentsi nr 28833 (\u201e<strong>meie<\/strong>\u201d, \u201e<strong>meid<\/strong>\u201d v\u00f5i \u201e<strong>meie<\/strong>\u201d).<\/p><p><a name=\"_Toc1\"><\/a><strong>2. MIDA PEAKSITE COOKIE&#8217;DE KOHTA TEADMA?<\/strong><\/p><p>Cookie on v\u00e4ike andmefail, mis koosneb tavaliselt t\u00e4htedest ja numbritest. Kui k\u00fclastate veebisaiti, v\u00f5ib see veebisait saata teie brauserile cookie. Seej\u00e4rel v\u00f5ib brauser salvestada cookie teie arvutisse v\u00f5i mobiilseadmesse m\u00f5neks ajaks (cookie kehtivusaeg s\u00f5ltub selle t\u00fc\u00fcbist). K\u00fcpsiseid kasutatakse teie seadme tuvastamiseks ja teatud teabe kogumiseks teie veebisaitide kasutamise kohta. Seega v\u00f5imaldavad k\u00fcpsised veebisaitidel aja jooksul \u201emeelde j\u00e4tta\u201d teie tegevused ja eelistused. K\u00fcpsiseid on mitut liiki, nimelt (i) p\u00fcsik\u00fcpsised, mis j\u00e4\u00e4vad kehtima kuni teie poolt kustutamiseni, (ii) k\u00fcpsised, mis j\u00e4\u00e4vad kehtima kuni nende aegumiskuup\u00e4evani, ja (iii) seansik\u00fcpsised, mis salvestatakse veebibrauserisse ja j\u00e4\u00e4vad kehtima kuni brauseri sulgemiseni. K\u00fcpsised v\u00f5ivad olla ka (i) esimesed k\u00fcpsised (m\u00e4\u00e4rab algne veebisait ise) ja (ii) kolmandate osapoolte k\u00fcpsised (paigaldab kolmandate osapoolte veebisaidid).<\/p><p><a name=\"_Toc2\"><\/a><strong>3. MIDA K\u00dcPSISEID ME KASUTAME?<\/strong><\/p><p>Me v\u00f5ime veebisaidil uketasupport.com kasutada erinevat t\u00fc\u00fcpi k\u00fcpsiseid, sealhulgas:<\/p><ul><li><strong>Olulised tehnilised k\u00fcpsised<\/strong>, mis on h\u00e4davajalikud veebisaidi uketasupport.com n\u00f5uetekohaseks toimimiseks ja teie poolt tellitud teenuste osutamiseks;<\/li><li><strong>Eelistuste k\u00fcpsised<\/strong>, mis v\u00f5imaldavad meil salvestada ja s\u00e4ilitada teie eelistused;<\/li><li><strong>Turundusk\u00fcpsised<\/strong>, mis v\u00f5imaldavad meil luua, rakendada ja anal\u00fc\u00fcsida oma turunduskampaaniaid. Sellised k\u00fcpsised v\u00f5imaldavad meil j\u00f5uda \u00f5igete klientideni, anal\u00fc\u00fcsida oma turunduskampaaniate tulemuslikkust ja pakkuda teile isikup\u00e4rastatud reklaami; ja<\/li><li><strong>Statistilised k\u00fcpsised<\/strong>, mis v\u00f5imaldavad meil koostada statistilisi aruandeid selle kohta, kuidas te uketasupport.com-i kasutate.<\/li><\/ul><p><a name=\"_Toc3\"><\/a><strong>4. K\u00dcPSISTE N\u00d5USOLEK<\/strong><\/p><p>Kui k\u00fclastate uketasupport.com-i, palume teil k\u00fcpsiste n\u00f5usoleku b\u00e4nneri kaudu anda meile n\u00f5usolek k\u00f5igi k\u00fcpsiste kasutamiseks. Kui te oma n\u00f5usolekut ei anna, ei kasuta me teie suhtes mitteolulisi (statistilisi ja turunduslikke) k\u00fcpsiseid. Palun pange t\u00e4hele, et kui k\u00f5ik k\u00fcpsised ei ole lubatud, ei pruugi me suuta teile uketasupport.com veebisaidil parimat kasutuskogemust pakkuda.<\/p><p><a name=\"_Toc4\"><\/a><strong>5. KUIDAS K\u00dcPSISEID KEELATA?<\/strong><\/p><p>Kui palume teil anda n\u00f5usolek mittevajalike k\u00fcpsiste kasutamiseks, on teil vabadus seda mitte anda. Kui soovite hiljem keelduda mittevajalike k\u00fcpsiste kasutamisest, saate seda teha igal ajal, keeldudes k\u00fcpsistest oma brauseris v\u00f5i seadmes. Lisateavet leiate oma brauseri k\u00fcpsiste haldamise juhendist:<\/p><ul><li><strong>Apple Safari:<\/strong> <a href=\"https:\/\/support.apple.com\/en-gb\/guide\/safari\/manage-cookies-and-website-data-sfri11471\/mac\">https:\/\/support.apple.com\/en-gb\/guide\/safari\/manage-cookies-and-website-data-sfri11471\/mac<\/a><\/li><li><strong>Google Chrome: <\/strong><a href=\"https:\/\/support.google.com\/chrome\/answer\/95647\">https:\/\/support.google.com\/chrome\/answer\/95647<\/a><\/li><li><strong>Firefox:<\/strong> <a href=\"https:\/\/support.mozilla.org\/en-US\/kb\/enable-and-disable-cookies-website-preferences\">https:\/\/support.mozilla.org\/en-US\/kb\/enable-and-disable-cookies-website-preferences<\/a><\/li><li><strong>Opera:<\/strong> <a href=\"https:\/\/blogs.opera.com\/news\/2015\/08\/how-to-manage-cookies-in-opera\/\">https:\/\/blogs.opera.com\/news\/2015\/08\/how-to-manage-cookies-in-opera\/<\/a><\/li><li><strong>Microsoft Edge:<\/strong> <a href=\"https:\/\/support.microsoft.com\/en-us\/help\/4468242\/microsoft-edge-browsing-data-and-privacy-microsoft-privacy\">https:\/\/support.microsoft.com\/en-us\/help\/4468242\/microsoft-edge-browsing-data-and-privacy-microsoft-privacy<\/a><\/li><\/ul><p><a name=\"_Toc5\"><\/a><strong>6. HUVI P\u00d5HINE REKLAAM<\/strong><\/p><p>V\u00f5ite kohata sihtotstarbelist huvi p\u00f5hist reklaami, mis p\u00f5hineb teie kasutamisel uketasupport.com ja muudel veebisaitidel. Vajaduse korral k\u00fcsime teie n\u00f5usolekut. Te saate kontrollida, kuidas selline reklaam teile kuvatakse, v\u00f5i sihtreklaamidest loobuda, tutvudes Digital Advertising Alliance&#8217;i juhendiga, mis on k\u00e4ttesaadav aadressil https:\/\/youradchoices.com. Lisateavet reklaamifunktsioonidest loobumise kohta oma seadmes leiate aadressilt <a href=\"https:\/\/www.networkadvertising.org\/\">https:\/\/www.networkadvertising.org<\/a>.<\/p><p><a name=\"_Toc6\"><\/a><strong>7. GOOGLE ANALYTICS<\/strong><\/p><p>Me kasutame Google Analyticsi, veebianal\u00fc\u00fcsiteenust, mida pakub Google LLC, registreeritud aadressil 1600 Amphitheatre Parkway, Mountain View, CA 94043, USA (\u201e<strong>Google<\/strong>\u201d). Google genereerib k\u00fcpsiste abil statistilist teavet ja koostab aruandeid teie uketasupport.com kasutamise kohta. Google&#8217;i poolt kasutatavad k\u00fcpsised on anon\u00fc\u00fcmsed esmapoolsed k\u00fcpsised, mis ei v\u00f5imalda meil teid mingil viisil identifitseerida. K\u00fcpsiste abil kogutud teave edastatakse Google&#8217;ile ja salvestatakse Google&#8217;i serverites Ameerika \u00dchendriikides. Teie privaatsuse tagamiseks anon\u00fc\u00fcmistatakse teie IP-aadress ja Google ei \u00fchenda teie IP-aadressi teiste teie kohta Google&#8217;i valduses olevate andmetega. Seega ei saa Google teid identifitseerida. Teatud juhtudel (nt kui see on seadusega n\u00f5utud v\u00f5i kui kolmandad isikud osutavad teenuseid Google&#8217;i nimel) v\u00f5ib Google edastada teavet kolmandatele isikutele. Lisateavet Google Analyticsi privaatsuspoliitika kohta leiate aadressilt <a href=\"https:\/\/support.google.com\/analytics\/answer\/6004245\">https:\/\/support.google.com\/analytics\/answer\/6004245<\/a>. Kui soovite Google Analyticsist loobuda, saate seda teha, installides Google Analyticsi loobumise brauseri lisandmooduli, mis on saadaval aadressil <a href=\"https:\/\/tools.google.com\/dlpage\/gaoptout?hl=en\">https:\/\/tools.google.com\/dlpage\/gaoptout?hl=en<\/a>.<\/p><p><a name=\"_Toc7\"><\/a><strong>8. GOOGLE reCAPCHA<\/strong><\/p><p>Kasutame Google&#8217;i pakutavat teenust reCAPCHA, et kontrollida, kas olete inimene ja mitte robot. See aitab kaitsta uketasupport.com veebisaiti r\u00e4mpsposti ja kuritarvitamise eest. reCAPTCHA anal\u00fc\u00fcs toimub taustal. Kui kasutate reCAPCHA-t, kogub Google teilt m\u00f5ningaid isiklikke ja mitteisiklikke andmeid, n\u00e4iteks:<\/p><ul><li>K\u00f5ik Google&#8217;i poolt viimase 6 kuu jooksul teie brauserisse salvestatud k\u00fcpsised;<\/li><li>Teave teie hiireklikkide kohta;<\/li><li>CSS-teave;<\/li><li>Kuup\u00e4ev;<\/li><li>Brauseri keel;<\/li><li>Brauserisse installitud pistikprogrammid; ja<\/li><li>Javascript-objektid.<\/li><\/ul><p>Eespool nimetatud andmed saadetakse Google&#8217;ile Ameerika \u00dchendriikidesse. Meil on \u00f5igus kaitsta uketasupport.com kuritarvitamise, automaatse indekseerimise ja r\u00e4mpsposti eest. Lisateavet Google reCAPTCHA ja Google&#8217;i privaatsuspoliitika kohta leiate j\u00e4rgmistelt veebisaitidelt: <a href=\"https:\/\/www.google.com\/intl\/de\/policies\/privacy\/\">https:\/\/www.google.com\/intl\/de\/policies\/privacy\/<\/a> ja <a href=\"https:\/\/www.google.com\/recaptcha\/intro\/v3.html\">https:\/\/www.google.com\/recaptcha\/intro\/v3.html<\/a> .<\/p><p><a name=\"_Toc8\"><\/a><strong>9. FACEBOOK CUSTOM AUDIENCE<\/strong><\/p><p>Me kasutame Facebooki kohandatud sihtr\u00fchma ja remarketingut. See on Ameerika \u00dchendriikides asuva Meta Platforms, Inc. poolt pakutav remarketingu ja k\u00e4itumusliku sihtimise teenus, mis \u00fchendab teie tegevuse veebisaidil uketasupport.com Facebooki reklaamiv\u00f5rgustikuga. Teie kohta v\u00f5ib koguda teie k\u00fcpsistega seotud andmeid ja e-posti aadressi. Vajaduse korral k\u00fcsime teie n\u00f5usolekut selle t\u00f6\u00f6riista v\u00f5i sellega seotud k\u00fcpsiste kasutamiseks. Selle vahendi kasutamine v\u00f5imaldab meil kuvada teie huvidele vastavaid reklaame, kui k\u00fclastate sotsiaalv\u00f5rgustikku Facebook v\u00f5i muid veebisaite, mis samuti seda vahendit kasutavad. Sel viisil n\u00e4ete reklaame, mis v\u00f5ivad olla teie jaoks asjakohased v\u00f5i huvipakkuvad. Te v\u00f5ite selliste reklaamide kuvamise keelata, muutes oma k\u00fcpsiste seadeid. Lisateavet huvip\u00f5hise reklaami kontrollimise kohta leiate k\u00e4esoleva k\u00fcpsiste poliitika punktist 6.<\/p><p><a name=\"_Toc9\"><\/a><strong>10. KONTAKT<\/strong><\/p><p>Kui teil on k\u00fcsimusi k\u00e4esoleva k\u00fcpsiste poliitika v\u00f5i meie andmekaitsepraktika kohta, v\u00f5tke meiega \u00fchendust j\u00e4rgmiste kontaktandmete kaudu:<\/p><p><strong>E-post: <\/strong><a href=\"mailto:info@uketasupport.com\">info@uketasupport.com<\/a><\/p>\t\t\t\t\t\t\t\t<\/div>\n\t\t\t\t<\/div>\n\t\t\t\t<\/div>\n\t\t\t\t<\/div>\n\t\t\t\t\t<\/div>\n\t\t\t\t<\/div>\n\t\t\t\t<\/div>\n\t\t","protected":false},"excerpt":{"rendered":"<p>Kasutame sellel veebisaidil k\u00fcpsiseid. Allpool leiate \u00fcksikasjalikku teavet meie k\u00fcpsiste t\u00fc\u00fcpide, nende eesm\u00e4rkide ja teie k\u00fcpsiste haldamise \u00f5iguse kohta. 1. Kes vastutab UKETASUPPORT.COM veebisaidil kasutatavate k\u00fcpsiste eest? 2. Mida peaksite k\u00fcpsiste kohta teadma? 3. Milliseid k\u00fcpsiseid me kasutame? 4. K\u00fcpsiste kasutamise n\u00f5usolek 5. Kuidas k\u00fcpsised keelata? 6. Huvi-p\u00f5hine reklaam 7. GOOGLE ANALYTICS 8. GOOGLE reCAPCHA [&hellip;]<\/p>\n","protected":false},"author":3,"featured_media":0,"parent":0,"menu_order":0,"comment_status":"closed","ping_status":"closed","template":"elementor_header_footer","meta":{"footnotes":""},"class_list":["post-9093","page","type-page","status-publish","hentry"],"aioseo_notices":[],"_links":{"self":[{"href":"https:\/\/govisaglobal.com\/et\/wp-json\/wp\/v2\/pages\/9093","targetHints":{"allow":["GET"]}}],"collection":[{"href":"https:\/\/govisaglobal.com\/et\/wp-json\/wp\/v2\/pages"}],"about":[{"href":"https:\/\/govisaglobal.com\/et\/wp-json\/wp\/v2\/types\/page"}],"author":[{"embeddable":true,"href":"https:\/\/govisaglobal.com\/et\/wp-json\/wp\/v2\/users\/3"}],"replies":[{"embeddable":true,"href":"https:\/\/govisaglobal.com\/et\/wp-json\/wp\/v2\/comments?post=9093"}],"version-history":[{"count":4,"href":"https:\/\/govisaglobal.com\/et\/wp-json\/wp\/v2\/pages\/9093\/revisions"}],"predecessor-version":[{"id":12506,"href":"https:\/\/govisaglobal.com\/et\/wp-json\/wp\/v2\/pages\/9093\/revisions\/12506"}],"wp:attachment":[{"href":"https:\/\/govisaglobal.com\/et\/wp-json\/wp\/v2\/media?parent=9093"}],"curies":[{"name":"wp","href":"https:\/\/api.w.org\/{rel}","templated":true}]}}