{"id":7573,"date":"2025-06-21T06:03:29","date_gmt":"2025-06-21T06:03:29","guid":{"rendered":"https:\/\/govisaglobal.com\/evasteiden-kaytanto\/"},"modified":"2025-07-13T18:51:27","modified_gmt":"2025-07-13T18:51:27","slug":"evasteiden-kaytanto","status":"publish","type":"page","link":"https:\/\/govisaglobal.com\/fi\/evasteiden-kaytanto\/","title":{"rendered":"Ev\u00e4steiden k\u00e4yt\u00e4nt\u00f6"},"content":{"rendered":"\t\t<div data-elementor-type=\"wp-page\" data-elementor-id=\"7573\" class=\"elementor elementor-7573 elementor-1742\" data-elementor-post-type=\"page\">\n\t\t\t\t<div class=\"elementor-element elementor-element-6005376 e-flex e-con-boxed e-con e-parent\" data-id=\"6005376\" data-element_type=\"container\" data-e-type=\"container\">\n\t\t\t\t\t<div class=\"e-con-inner\">\n\t\t<div class=\"elementor-element elementor-element-1b6ff59 e-con-full e-flex e-con e-child\" data-id=\"1b6ff59\" data-element_type=\"container\" data-e-type=\"container\">\n\t\t<div class=\"elementor-element elementor-element-9a256bc e-con-full e-flex e-con e-child\" data-id=\"9a256bc\" data-element_type=\"container\" data-e-type=\"container\" data-settings=\"{&quot;background_background&quot;:&quot;classic&quot;}\">\n\t\t\t\t<div class=\"elementor-element elementor-element-2b6ce32 elementor-widget elementor-widget-post-info\" data-id=\"2b6ce32\" data-element_type=\"widget\" data-e-type=\"widget\" data-widget_type=\"post-info.default\">\n\t\t\t\t<div class=\"elementor-widget-container\">\n\t\t\t\t\t\t\t<ul class=\"elementor-inline-items elementor-icon-list-items elementor-post-info\">\n\t\t\t\t\t\t\t\t<li class=\"elementor-icon-list-item elementor-repeater-item-40ac0bb elementor-inline-item\">\n\t\t\t\t\t\t\t\t\t\t\t\t\t<span class=\"elementor-icon-list-text elementor-post-info__item elementor-post-info__item--type-custom\">\n\t\t\t\t\t\t\t\t\t\tP\u00e4ivitetty: 13 hein\u00e4kuun 2025\t\t\t\t\t<\/span>\n\t\t\t\t\t\t\t\t<\/li>\n\t\t\t\t<\/ul>\n\t\t\t\t\t\t<\/div>\n\t\t\t\t<\/div>\n\t\t\t\t<div class=\"elementor-element elementor-element-479a149 elementor-widget elementor-widget-spacer\" data-id=\"479a149\" data-element_type=\"widget\" data-e-type=\"widget\" data-widget_type=\"spacer.default\">\n\t\t\t\t<div class=\"elementor-widget-container\">\n\t\t\t\t\t\t\t<div class=\"elementor-spacer\">\n\t\t\t<div class=\"elementor-spacer-inner\"><\/div>\n\t\t<\/div>\n\t\t\t\t\t\t<\/div>\n\t\t\t\t<\/div>\n\t\t\t\t<div class=\"elementor-element elementor-element-08b9d0c elementor-widget elementor-widget-text-editor\" data-id=\"08b9d0c\" data-element_type=\"widget\" data-e-type=\"widget\" data-widget_type=\"text-editor.default\">\n\t\t\t\t<div class=\"elementor-widget-container\">\n\t\t\t\t\t\t\t\t\t<p><em>K\u00e4yt\u00e4mme ev\u00e4steit\u00e4 t\u00e4ll\u00e4 verkkosivustolla. Alta l\u00f6yd\u00e4t yksityiskohtaista tietoa ev\u00e4steiden tyypeist\u00e4, niiden tarkoituksista ja oikeudestasi hallita ev\u00e4steit\u00e4. <\/em><\/p>\t\t\t\t\t\t\t\t<\/div>\n\t\t\t\t<\/div>\n\t\t\t\t<div class=\"elementor-element elementor-element-d964092 elementor-widget-mobile__width-inherit elementor-widget elementor-widget-text-editor\" data-id=\"d964092\" data-element_type=\"widget\" data-e-type=\"widget\" data-widget_type=\"text-editor.default\">\n\t\t\t\t<div class=\"elementor-widget-container\">\n\t\t\t\t\t\t\t\t\t<p>1. KUKA ON VASTUUSSA UKETASUPPORT.COM-SIVUSTON EV\u00c4STEIST\u00c4?<\/p><p>2. MIT\u00c4 SINUN PIT\u00c4\u00c4 TIET\u00c4\u00c4 EV\u00c4STEIST\u00c4?<\/p><p>3. MIT\u00c4 EV\u00c4STEIT\u00c4 K\u00c4YT\u00c4MME?<\/p><p>4. EV\u00c4STEIDEN HYV\u00c4KSYMINEN<\/p><p>5. MITEN EV\u00c4STEET VOIDAAN POISTAA K\u00c4YT\u00d6ST\u00c4?<\/p><p>6. KIINNOSTUKSEN PERUSTEINEN MAINONTA<\/p><p>7. GOOGLE ANALYTICS<\/p><p>8. GOOGLE reCAPCHA<\/p><p>9. FACEBOOK CUSTOM AUDIENCE<\/p><p>10. YHTEYSTIEDOT<\/p><p><a name=\"_Toc\"><\/a><strong>1. KUKA ON VASTUUSSA UKETASUPPORT.COM-SIVUSTON EV\u00c4STEIST\u00c4?<\/strong><\/p><p>Henkil\u00f6tietojen k\u00e4sittelyst\u00e4 verkkosivustolla <a href=\"https:\/\/govisaglobal.com\">https:\/\/govisaglobal.com<\/a>, siihen liittyvill\u00e4 verkkotunnuksilla, ohjelmistoilla ja palveluilla (yhdess\u00e4 \u201d<strong>uketasupport.com<\/strong>\u201d) sek\u00e4 ensimm\u00e4isten osapuolten ev\u00e4steiden asettamisesta vastaa TRAVEL MUNDO \u2013 FZCO, lisenssinumero 28833 (\u201d<strong>me<\/strong>\u201d, \u201d<strong>meit\u00e4<\/strong>\u201d tai \u201d<strong>meid\u00e4n<\/strong>\u201d).<\/p><p><a name=\"_Toc1\"><\/a><strong>2. MIT\u00c4 SINUN PIT\u00c4\u00c4 TIET\u00c4\u00c4 EV\u00c4STEIST\u00c4?<\/strong><\/p><p>Ev\u00e4ste on pieni tiedosto, joka koostuu yleens\u00e4 kirjaimista ja numeroista. Kun vierailet verkkosivustolla, kyseinen verkkosivusto voi l\u00e4hett\u00e4\u00e4 ev\u00e4steen selaimeesi. T\u00e4m\u00e4n j\u00e4lkeen selain voi tallentaa ev\u00e4steen tietokoneellesi tai mobiililaitteellesi tietyn ajaksi (ev\u00e4steen voimassaoloaika riippuu sen tyypist\u00e4). Ev\u00e4steit\u00e4 k\u00e4ytet\u00e4\u00e4n tunnistamaan laitteesi ja ker\u00e4\u00e4m\u00e4\u00e4n tiettyj\u00e4 tietoja verkkosivustojen k\u00e4yt\u00f6st\u00e4si. N\u00e4in ev\u00e4steet mahdollistavat verkkosivustojen \u201dmuistavan\u201d toimet ja mieltymykset ajan mittaan. Ev\u00e4steit\u00e4 on useita erilaisia, nimitt\u00e4in (i) pysyv\u00e4t ev\u00e4steet, jotka ovat voimassa, kunnes poistat ne, (ii) ev\u00e4steet, jotka ovat voimassa niiden voimassaoloajan, ja (iii) istuntoev\u00e4steet, jotka tallennetaan verkkoselaimeen ja ovat voimassa, kunnes selain suljetaan. Ev\u00e4steet voivat olla my\u00f6s (i) ensimm\u00e4isen osapuolen ev\u00e4steit\u00e4 (alkuper\u00e4isen verkkosivuston itse asettamia) ja (ii) kolmannen osapuolen ev\u00e4steit\u00e4 (kolmannen osapuolen verkkosivustojen asettamia).<\/p><p><a name=\"_Toc2\"><\/a><strong>3. MIT\u00c4 EV\u00c4STEIT\u00c4 K\u00c4YT\u00c4MME?<\/strong><\/p><p>Voimme k\u00e4ytt\u00e4\u00e4 erilaisia ev\u00e4steit\u00e4 sivustolla uketasupport.com, mukaan lukien:<\/p><ul><li><strong>V\u00e4ltt\u00e4m\u00e4tt\u00f6m\u00e4t tekniset ev\u00e4steet <\/strong>, jotka ovat ehdottoman v\u00e4ltt\u00e4m\u00e4tt\u00f6mi\u00e4 sivuston uketasupport.com oikean toiminnan varmistamiseksi ja pyyt\u00e4miesi palvelujen tarjoamiseksi;<\/li><li><strong>Asetuskeksej\u00e4<\/strong>, joiden avulla voimme tallentaa ja s\u00e4ilytt\u00e4\u00e4 asetuksesi;<\/li><li><strong>Markkinointikeksej\u00e4<\/strong>, joiden avulla voimme luoda, toteuttaa ja tarkastella markkinointikampanjoitamme. T\u00e4llaiset ev\u00e4steet auttavat meit\u00e4 tavoittamaan oikeat asiakkaat, analysoimaan markkinointikampanjoidemme tuottavuutta ja tarjoamaan sinulle henkil\u00f6kohtaisia mainoksia; ja<\/li><li><strong>Tilastok\u00e4ytt\u00f6iset ev\u00e4steet<\/strong>, joiden avulla voimme luoda tilastollisia raportteja siit\u00e4, miten k\u00e4yt\u00e4t uketasupport.com-sivustoa.<\/li><\/ul><p><a name=\"_Toc3\"><\/a><strong>4. EV\u00c4STEIDEN HYV\u00c4KSYMINEN<\/strong><\/p><p>Kun vierailet uketasupport.com-sivustolla, pyyd\u00e4mme sinua antamaan suostumuksesi kaikkien ev\u00e4steiden k\u00e4ytt\u00f6\u00f6n ev\u00e4steiden hyv\u00e4ksymisbannerin kautta. Jos et anna suostumustasi, emme k\u00e4yt\u00e4 sinua koskevia ei-v\u00e4ltt\u00e4m\u00e4tt\u00f6mi\u00e4 (tilasto- ja markkinointiev\u00e4steit\u00e4). Huomaa, ett\u00e4 emme v\u00e4ltt\u00e4m\u00e4tt\u00e4 pysty tarjoamaan sinulle parasta mahdollista k\u00e4ytt\u00f6kokemusta uketasupport.com-sivustolla, jos kaikki ev\u00e4steet eiv\u00e4t ole k\u00e4yt\u00f6ss\u00e4.<\/p><p><a name=\"_Toc4\"><\/a><strong>5. KUINKA EV\u00c4STEET POISTETAAN K\u00c4YT\u00d6ST\u00c4?<\/strong><\/p><p>Kun pyyd\u00e4mme suostumustasi ei-v\u00e4ltt\u00e4m\u00e4tt\u00f6mien ev\u00e4steiden k\u00e4ytt\u00f6\u00f6n, sinulla on vapaus kielt\u00e4yty\u00e4 antamasta suostumusta. Jos haluat my\u00f6hemmin kielt\u00e4yty\u00e4 ei-v\u00e4ltt\u00e4m\u00e4tt\u00f6mien ev\u00e4steiden k\u00e4yt\u00f6st\u00e4, voit tehd\u00e4 sen milloin tahansa kielt\u00e4m\u00e4ll\u00e4 ev\u00e4steet selaimessasi tai laitteellasi. Lis\u00e4tietoja saat selaimesi ev\u00e4steiden hallintaohjeista:<\/p><ul><li><strong>Apple Safari:<\/strong> <a href=\"https:\/\/support.apple.com\/en-gb\/guide\/safari\/manage-cookies-and-website-data-sfri11471\/mac\">https:\/\/support.apple.com\/en-gb\/guide\/safari\/manage-cookies-and-website-data-sfri11471\/mac<\/a><\/li><li><strong>Google Chrome: <\/strong><a href=\"https:\/\/support.google.com\/chrome\/answer\/95647\">https:\/\/support.google.com\/chrome\/answer\/95647<\/a><\/li><li><strong>Firefox:<\/strong> <a href=\"https:\/\/support.mozilla.org\/en-US\/kb\/enable-and-disable-cookies-website-preferences\">https:\/\/support.mozilla.org\/en-US\/kb\/enable-and-disable-cookies-website-preferences<\/a><\/li><li><strong>Opera:<\/strong> <a href=\"https:\/\/blogs.opera.com\/news\/2015\/08\/how-to-manage-cookies-in-opera\/\">https:\/\/blogs.opera.com\/news\/2015\/08\/how-to-manage-cookies-in-opera\/<\/a><\/li><li><strong>Microsoft Edge:<\/strong> <a href=\"https:\/\/support.microsoft.com\/en-us\/help\/4468242\/microsoft-edge-browsing-data-and-privacy-microsoft-privacy\">https:\/\/support.microsoft.com\/en-us\/help\/4468242\/microsoft-edge-browsing-data-and-privacy-microsoft-privacy<\/a><\/li><\/ul><p><a name=\"_Toc5\"><\/a><strong>6. KIINNOSTUKSEN PERUSTEINEN MAINONTA<\/strong><\/p><p>Saatat kohdata kohdennettua, kiinnostuksen perusteella valittua mainontaa, joka perustuu uketasupport.com-sivuston ja muiden Internet-sivustojen k\u00e4ytt\u00f6\u00f6n. Tarvittaessa pyyd\u00e4mme suostumuksesi. Voit hallita, miten t\u00e4llaiset mainokset n\u00e4ytet\u00e4\u00e4n sinulle, tai kielt\u00e4yty\u00e4 kohdennetuista mainoksista Digital Advertising Alliancen oppaasta, joka on saatavilla osoitteessa https:\/\/youradchoices.com. Lis\u00e4tietoja mainosten kielt\u00e4misest\u00e4 laitteellasi on osoitteessa <a href=\"https:\/\/www.networkadvertising.org\/\">https:\/\/www.networkadvertising.org<\/a> .<\/p><p><a name=\"_Toc6\"><\/a><strong>7. GOOGLE ANALYTICS<\/strong><\/p><p>K\u00e4yt\u00e4mme Google Analyticsia, joka on Google LLC:n tarjoama verkkoanalyysipalvelu, rekister\u00f6ity osoitteeseen 1600 Amphitheatre Parkway, Mountain View, CA 94043, USA (\u201d<strong>Google<\/strong>\u201d). Google tuottaa tilastotietoja ev\u00e4steiden avulla ja laatii raportteja uketasupport.com-sivuston k\u00e4yt\u00f6st\u00e4si. Googlen k\u00e4ytt\u00e4m\u00e4t ev\u00e4steet ovat nimett\u00f6mi\u00e4 ensimm\u00e4isen osapuolen ev\u00e4steit\u00e4, joiden avulla emme voi tunnistaa sinua mill\u00e4\u00e4n tavalla. Ev\u00e4steiden tuottamat tiedot l\u00e4hetet\u00e4\u00e4n Googlelle ja tallennetaan Googlen palvelimille Yhdysvalloissa. Yksityisyytesi suojaamiseksi IP-osoitteesi anonymisoidaan, eik\u00e4 Google yhdist\u00e4 IP-osoitettasi muihin tietoihin, joita Google sinusta on tallentanut. N\u00e4in ollen Google ei voi tunnistaa sinua. Tietyiss\u00e4 tapauksissa (esim. lain vaatiessa tai kolmansien osapuolten suorittaessa palveluja Googlen puolesta) Google voi siirt\u00e4\u00e4 tietoja kolmansille osapuolille. Lis\u00e4tietoja Google Analyticsin tietosuojak\u00e4yt\u00e4nn\u00f6ist\u00e4 on osoitteessa <a href=\"https:\/\/support.google.com\/analytics\/answer\/6004245\">https:\/\/support.google.com\/analytics\/answer\/6004245<\/a>. Jos haluat kielt\u00e4yty\u00e4 Google Analyticsin k\u00e4yt\u00f6st\u00e4, voit tehd\u00e4 sen asentamalla Google Analyticsin kielt\u00e4ytymislaajennuksen selaimeesi osoitteesta <a href=\"https:\/\/tools.google.com\/dlpage\/gaoptout?hl=en\">https:\/\/tools.google.com\/dlpage\/gaoptout?hl=en<\/a>.<\/p><p><a name=\"_Toc7\"><\/a><strong>8. GOOGLE reCAPCHA<\/strong><\/p><p>K\u00e4yt\u00e4mme Googlen tarjoamaa reCAPCHA-palvelua varmistaaksemme, ett\u00e4 olet ihminen etk\u00e4 robotti. Se auttaa suojaamaan uketasupport.com-sivustoa roskapostilta ja v\u00e4\u00e4rink\u00e4yt\u00f6lt\u00e4. reCAPTCHA-analyysi tapahtuu taustalla. Kun k\u00e4yt\u00e4t reCAPCHAa, Google ker\u00e4\u00e4 sinulta joitakin henkil\u00f6tietoja ja muita tietoja, kuten:<\/p><ul><li>Kaikki ev\u00e4steet, jotka Google on asettanut selaimeesi viimeisten 6 kuukauden aikana;<\/li><li>Tiedot hiiren napsautuksista;<\/li><li>CSS-tiedot;<\/li><li>P\u00e4iv\u00e4m\u00e4\u00e4r\u00e4;<\/li><li>Selaimen kieli;<\/li><li>Selaimeen asennetut laajennukset; ja<\/li><li>Javascript-objektit.<\/li><\/ul><p>Edell\u00e4 mainitut tiedot l\u00e4hetet\u00e4\u00e4n Googlelle Yhdysvaltoihin. Meill\u00e4 on oikeutettu etu suojata uketasupport.com-sivustoa v\u00e4\u00e4rink\u00e4yt\u00f6ksilt\u00e4, kuten automaattiselta indeksoinnilta ja roskapostilta. Lis\u00e4tietoja Google reCAPTCHA -palvelusta ja Googlen tietosuojak\u00e4yt\u00e4nn\u00f6ist\u00e4 on seuraavissa linkeiss\u00e4: <a href=\"https:\/\/www.google.com\/intl\/de\/policies\/privacy\/\">https:\/\/www.google.com\/intl\/de\/policies\/privacy\/<\/a> ja <a href=\"https:\/\/www.google.com\/recaptcha\/intro\/v3.html\">https:\/\/www.google.com\/recaptcha\/intro\/v3.html<\/a> .<\/p><p><a name=\"_Toc8\"><\/a><strong>9. FACEBOOK CUSTOM AUDIENCE<\/strong><\/p><p>K\u00e4yt\u00e4mme Facebook Custom Audience ja Remarketing -palveluita. Kyseess\u00e4 on yhdysvaltalaisen Meta Platforms, Inc. -yhti\u00f6n tarjoama uudelleenmarkkinointi- ja k\u00e4ytt\u00e4ytymiseen perustuva kohdentamispalvelu, joka yhdist\u00e4\u00e4 k\u00e4ytt\u00e4j\u00e4n toiminnan uketasupport.com-sivustolla Facebookin mainosverkostoon. Ker\u00e4tt\u00e4v\u00e4t tiedot ovat k\u00e4ytt\u00e4j\u00e4n ev\u00e4steisiin liittyv\u00e4t tiedot ja s\u00e4hk\u00f6postiosoite. Tarvittaessa pyyd\u00e4mme k\u00e4ytt\u00e4j\u00e4n suostumuksen t\u00e4m\u00e4n ty\u00f6kalun tai siihen liittyvien ev\u00e4steiden k\u00e4ytt\u00f6\u00f6n. T\u00e4m\u00e4n ty\u00f6kalun avulla voimme n\u00e4ytt\u00e4\u00e4 sinulle kiinnostuksen kohteisiin perustuvia mainoksia, kun vierailet Facebook-sosiaalisessa verkostossa tai muilla verkkosivustoilla, jotka my\u00f6s k\u00e4ytt\u00e4v\u00e4t t\u00e4t\u00e4 ty\u00f6kalua. N\u00e4in voit n\u00e4hd\u00e4 mainoksia, jotka voivat olla sinulle merkityksellisi\u00e4 tai kiinnostavia. Voit kielt\u00e4yty\u00e4 n\u00e4kem\u00e4st\u00e4 t\u00e4llaisia mainoksia muuttamalla ev\u00e4steasetuksiasi. Katso my\u00f6s t\u00e4m\u00e4n ev\u00e4stek\u00e4yt\u00e4nn\u00f6n kohta 6, jossa on linkkej\u00e4, joista saat lis\u00e4tietoja kiinnostuksen kohteisiin perustuvan mainonnan hallinnasta.<\/p><p><a name=\"_Toc9\"><\/a><strong>10. YHTEYSTIEDOT<\/strong><\/p><p>Jos sinulla on kysytt\u00e4v\u00e4\u00e4 t\u00e4st\u00e4 ev\u00e4stek\u00e4yt\u00e4nn\u00f6st\u00e4 tai tietosuojak\u00e4yt\u00e4nn\u00f6ist\u00e4mme, ota meihin yhteytt\u00e4 seuraavien yhteystietojen avulla:<\/p><p><strong>S\u00e4hk\u00f6posti: <\/strong><a href=\"mailto:info@uketasupport.com\">info@uketasupport.com<\/a><\/p>\t\t\t\t\t\t\t\t<\/div>\n\t\t\t\t<\/div>\n\t\t\t\t<\/div>\n\t\t\t\t<\/div>\n\t\t\t\t\t<\/div>\n\t\t\t\t<\/div>\n\t\t\t\t<\/div>\n\t\t","protected":false},"excerpt":{"rendered":"<p>K\u00e4yt\u00e4mme ev\u00e4steit\u00e4 t\u00e4ll\u00e4 verkkosivustolla. Alta l\u00f6yd\u00e4t yksityiskohtaista tietoa ev\u00e4steiden tyypeist\u00e4, niiden tarkoituksista ja oikeudestasi hallita ev\u00e4steit\u00e4. 1. KUKA ON VASTUUSSA UKETASUPPORT.COM-SIVUSTON EV\u00c4STEIST\u00c4? 2. MIT\u00c4 SINUN PIT\u00c4\u00c4 TIET\u00c4\u00c4 EV\u00c4STEIST\u00c4? 3. MIT\u00c4 EV\u00c4STEIT\u00c4 K\u00c4YT\u00c4MME? 4. EV\u00c4STEIDEN HYV\u00c4KSYMINEN 5. MITEN EV\u00c4STEET VOIDAAN POISTAA K\u00c4YT\u00d6ST\u00c4? 6. KIINNOSTUKSEN PERUSTEINEN MAINONTA 7. GOOGLE ANALYTICS 8. GOOGLE reCAPCHA 9. FACEBOOK CUSTOM AUDIENCE [&hellip;]<\/p>\n","protected":false},"author":3,"featured_media":0,"parent":0,"menu_order":0,"comment_status":"closed","ping_status":"closed","template":"elementor_header_footer","meta":{"footnotes":""},"class_list":["post-7573","page","type-page","status-publish","hentry"],"aioseo_notices":[],"_links":{"self":[{"href":"https:\/\/govisaglobal.com\/fi\/wp-json\/wp\/v2\/pages\/7573","targetHints":{"allow":["GET"]}}],"collection":[{"href":"https:\/\/govisaglobal.com\/fi\/wp-json\/wp\/v2\/pages"}],"about":[{"href":"https:\/\/govisaglobal.com\/fi\/wp-json\/wp\/v2\/types\/page"}],"author":[{"embeddable":true,"href":"https:\/\/govisaglobal.com\/fi\/wp-json\/wp\/v2\/users\/3"}],"replies":[{"embeddable":true,"href":"https:\/\/govisaglobal.com\/fi\/wp-json\/wp\/v2\/comments?post=7573"}],"version-history":[{"count":4,"href":"https:\/\/govisaglobal.com\/fi\/wp-json\/wp\/v2\/pages\/7573\/revisions"}],"predecessor-version":[{"id":12518,"href":"https:\/\/govisaglobal.com\/fi\/wp-json\/wp\/v2\/pages\/7573\/revisions\/12518"}],"wp:attachment":[{"href":"https:\/\/govisaglobal.com\/fi\/wp-json\/wp\/v2\/media?parent=7573"}],"curies":[{"name":"wp","href":"https:\/\/api.w.org\/{rel}","templated":true}]}}