{"id":5365,"date":"2025-06-21T06:03:29","date_gmt":"2025-06-21T06:03:29","guid":{"rendered":"https:\/\/govisaglobal.com\/politique-en-matiere-de-cookies\/"},"modified":"2025-07-13T18:43:50","modified_gmt":"2025-07-13T18:43:50","slug":"politique-en-matiere-de-cookies","status":"publish","type":"page","link":"https:\/\/govisaglobal.com\/fr\/politique-en-matiere-de-cookies\/","title":{"rendered":"Politique en mati\u00e8re de cookies"},"content":{"rendered":"\t\t<div data-elementor-type=\"wp-page\" data-elementor-id=\"5365\" class=\"elementor elementor-5365 elementor-1742\" data-elementor-post-type=\"page\">\n\t\t\t\t<div class=\"elementor-element elementor-element-6005376 e-flex e-con-boxed e-con e-parent\" data-id=\"6005376\" data-element_type=\"container\" data-e-type=\"container\">\n\t\t\t\t\t<div class=\"e-con-inner\">\n\t\t<div class=\"elementor-element elementor-element-1b6ff59 e-con-full e-flex e-con e-child\" data-id=\"1b6ff59\" data-element_type=\"container\" data-e-type=\"container\">\n\t\t<div class=\"elementor-element elementor-element-9a256bc e-con-full e-flex e-con e-child\" data-id=\"9a256bc\" data-element_type=\"container\" data-e-type=\"container\" data-settings=\"{&quot;background_background&quot;:&quot;classic&quot;}\">\n\t\t\t\t<div class=\"elementor-element elementor-element-2b6ce32 elementor-widget elementor-widget-post-info\" data-id=\"2b6ce32\" data-element_type=\"widget\" data-e-type=\"widget\" data-widget_type=\"post-info.default\">\n\t\t\t\t<div class=\"elementor-widget-container\">\n\t\t\t\t\t\t\t<ul class=\"elementor-inline-items elementor-icon-list-items elementor-post-info\">\n\t\t\t\t\t\t\t\t<li class=\"elementor-icon-list-item elementor-repeater-item-40ac0bb elementor-inline-item\">\n\t\t\t\t\t\t\t\t\t\t\t\t\t<span class=\"elementor-icon-list-text elementor-post-info__item elementor-post-info__item--type-custom\">\n\t\t\t\t\t\t\t\t\t\tDerni\u00e8re mise \u00e0 jour : 13 juillet 2025\t\t\t\t\t<\/span>\n\t\t\t\t\t\t\t\t<\/li>\n\t\t\t\t<\/ul>\n\t\t\t\t\t\t<\/div>\n\t\t\t\t<\/div>\n\t\t\t\t<div class=\"elementor-element elementor-element-479a149 elementor-widget elementor-widget-spacer\" data-id=\"479a149\" data-element_type=\"widget\" data-e-type=\"widget\" data-widget_type=\"spacer.default\">\n\t\t\t\t<div class=\"elementor-widget-container\">\n\t\t\t\t\t\t\t<div class=\"elementor-spacer\">\n\t\t\t<div class=\"elementor-spacer-inner\"><\/div>\n\t\t<\/div>\n\t\t\t\t\t\t<\/div>\n\t\t\t\t<\/div>\n\t\t\t\t<div class=\"elementor-element elementor-element-08b9d0c elementor-widget elementor-widget-text-editor\" data-id=\"08b9d0c\" data-element_type=\"widget\" data-e-type=\"widget\" data-widget_type=\"text-editor.default\">\n\t\t\t\t<div class=\"elementor-widget-container\">\n\t\t\t\t\t\t\t\t\t<p><em>Nous utilisons des cookies sur ce site web. Vous trouverez ci-dessous des informations d\u00e9taill\u00e9es sur les types de cookies, leurs objectifs et votre droit de g\u00e9rer les cookies. <\/em><\/p>\t\t\t\t\t\t\t\t<\/div>\n\t\t\t\t<\/div>\n\t\t\t\t<div class=\"elementor-element elementor-element-d964092 elementor-widget-mobile__width-inherit elementor-widget elementor-widget-text-editor\" data-id=\"d964092\" data-element_type=\"widget\" data-e-type=\"widget\" data-widget_type=\"text-editor.default\">\n\t\t\t\t<div class=\"elementor-widget-container\">\n\t\t\t\t\t\t\t\t\t<p>1. QUI EST RESPONSABLE DES COOKIES SUR UKETASUPPORT.COM ?<\/p><p>2. QUE DEVEZ-VOUS SAVOIR SUR LES COOKIES ?<\/p><p>3. QUELS COOKIES UTILISONS-NOUS ?<\/p><p>4. CONSENTEMENT AUX COOKIES<\/p><p>5. COMMENT D\u00c9SACTIVER LES COOKIES ?<\/p><p>6. PUBLICIT\u00c9 BAS\u00c9E SUR LES CENTRES D&rsquo;INT\u00c9R\u00caT<\/p><p>7. GOOGLE ANALYTICS<\/p><p>8. GOOGLE reCAPCHA<\/p><p>9. FACEBOOK CUSTOM AUDIENCE<\/p><p>10. CONTACT<\/p><p><a name=\"_Toc\"><\/a><strong>1. QUI EST RESPONSABLE DES COOKIES SUR UKETASUPPORT.COM ?<\/strong><\/p><p>Le responsable du traitement des donn\u00e9es \u00e0 caract\u00e8re personnel via le site web <a href=\"https:\/\/govisaglobal.com\">https:\/\/govisaglobal.com<\/a>, les noms de domaine associ\u00e9s, les logiciels et les services (collectivement, \u00ab <strong>uketasupport.com<\/strong> \u00bb), y compris le placement de cookies propri\u00e9taires, est TRAVEL MUNDO \u2013 FZCO, titulaire de la licence n\u00b0 28833 (\u00ab <strong>nous<\/strong> \u00bb, \u00ab <strong>notre<\/strong> \u00bb ou \u00ab <strong>nos<\/strong> \u00bb).<\/p><p><a name=\"_Toc1\"><\/a><strong>2. QUE DEVEZ-VOUS SAVOIR SUR LES COOKIES ?<\/strong><\/p><p>Un cookie est un petit fichier compos\u00e9 g\u00e9n\u00e9ralement de lettres et de chiffres. Lorsque vous visitez un site web, celui-ci peut envoyer un cookie \u00e0 votre navigateur. Le navigateur peut ensuite stocker le cookie sur votre ordinateur ou votre appareil mobile pendant un certain temps (la date d&rsquo;expiration du cookie d\u00e9pend de son type). Les cookies sont utilis\u00e9s pour reconna\u00eetre votre appareil et collecter certaines informations sur votre utilisation des sites web. Ainsi, au fil du temps, les cookies permettent aux sites web de \u00ab se souvenir \u00bb de vos actions et de vos pr\u00e9f\u00e9rences. Il existe plusieurs types de cookies, \u00e0 savoir (i) les cookies persistants, qui restent valides jusqu&rsquo;\u00e0 ce que vous les supprimiez, (ii) les cookies qui restent valides jusqu&rsquo;\u00e0 leur date d&rsquo;expiration, et (iii) les cookies de session qui sont stock\u00e9s sur un navigateur web et restent valides jusqu&rsquo;\u00e0 la fermeture du navigateur. Les cookies peuvent \u00e9galement \u00eatre (i) des cookies propri\u00e9taires (d\u00e9finis par le site web d&rsquo;origine lui-m\u00eame) et (ii) des cookies tiers (plac\u00e9s par des sites web tiers).<\/p><p><a name=\"_Toc2\"><\/a><strong>3. QUELS COOKIES UTILISONS-NOUS ?<\/strong><\/p><p>Nous pouvons utiliser diff\u00e9rents types de cookies sur uketasupport.com, notamment :<\/p><ul><li><strong>Cookies techniques essentiels <\/strong>qui sont strictement n\u00e9cessaires pour assurer le bon fonctionnement de uketasupport.com et fournir les services que vous avez demand\u00e9s ;<\/li><li><strong>Cookies de pr\u00e9f\u00e9rence<\/strong> qui nous permettent d&rsquo;enregistrer et de conserver vos pr\u00e9f\u00e9rences ;<\/li><li><strong>Cookies marketing<\/strong> qui nous permettent de cr\u00e9er, mettre en \u0153uvre et examiner nos campagnes marketing. Ces cookies nous permettent d&rsquo;atteindre les bons clients, d&rsquo;analyser la productivit\u00e9 de nos campagnes marketing et de vous proposer des publicit\u00e9s personnalis\u00e9es ; et<\/li><li><strong>Cookies statistiques<\/strong> qui nous permettent de g\u00e9n\u00e9rer des rapports statistiques sur votre utilisation de uketasupport.com.<\/li><\/ul><p><a name=\"_Toc3\"><\/a><strong>4. CONSENTEMENT AUX COOKIES<\/strong><\/p><p>Lorsque vous visitez uketasupport.com, nous vous demandons de nous donner votre consentement \u00e0 l&rsquo;utilisation de tous les cookies via une banni\u00e8re de consentement aux cookies. Si vous ne donnez pas votre consentement, nous ne vous proposerons pas nos cookies non essentiels (statistiques et marketing). Veuillez noter que nous pourrions ne pas \u00eatre en mesure de vous offrir la meilleure exp\u00e9rience utilisateur possible sur uketasupport.com si tous les cookies ne sont pas activ\u00e9s.<\/p><p><a name=\"_Toc4\"><\/a><strong>5. COMMENT D\u00c9SACTIVER LES COOKIES ?<\/strong><\/p><p>Lorsque nous vous demandons votre consentement pour l&rsquo;utilisation de cookies non essentiels, vous \u00eates libre de ne pas donner votre consentement. Si vous souhaitez refuser l&rsquo;utilisation de cookies non essentiels ult\u00e9rieurement, vous pouvez le faire \u00e0 tout moment en refusant les cookies dans votre navigateur ou sur votre appareil. Pour plus d&rsquo;informations, vous pouvez consulter les instructions de gestion des cookies de votre navigateur :<\/p><ul><li><strong>Apple Safari :<\/strong> <a href=\"https:\/\/support.apple.com\/en-gb\/guide\/safari\/manage-cookies-and-website-data-sfri11471\/mac\">https:\/\/support.apple.com\/en-gb\/guide\/safari\/manage-cookies-and-website-data-sfri11471\/mac<\/a><\/li><li><strong>Google Chrome : <\/strong><a href=\"https:\/\/support.google.com\/chrome\/answer\/95647\">https:\/\/support.google.com\/chrome\/answer\/95647<\/a><\/li><li><strong>Firefox :<\/strong> <a href=\"https:\/\/support.mozilla.org\/en-US\/kb\/enable-and-disable-cookies-website-preferences\">https:\/\/support.mozilla.org\/en-US\/kb\/enable-and-disable-cookies-website-preferences<\/a><\/li><li><strong>Opera :<\/strong> <a href=\"https:\/\/blogs.opera.com\/news\/2015\/08\/how-to-manage-cookies-in-opera\/\">https:\/\/blogs.opera.com\/news\/2015\/08\/how-to-manage-cookies-in-opera\/<\/a><\/li><li><strong>Microsoft Edge :<\/strong> <a href=\"https:\/\/support.microsoft.com\/en-us\/help\/4468242\/microsoft-edge-browsing-data-and-privacy-microsoft-privacy\">https:\/\/support.microsoft.com\/en-us\/help\/4468242\/microsoft-edge-browsing-data-and-privacy-microsoft-privacy<\/a><\/li><\/ul><p><a name=\"_Toc5\"><\/a><strong>6. PUBLICIT\u00c9 BAS\u00c9E SUR LES CENTRES D&rsquo;INT\u00c9R\u00caT<\/strong><\/p><p>Vous pouvez \u00eatre amen\u00e9 \u00e0 voir des publicit\u00e9s cibl\u00e9es en fonction de vos centres d&rsquo;int\u00e9r\u00eat, bas\u00e9es sur votre utilisation de uketasupport.com et d&rsquo;autres sites Internet. Le cas \u00e9ch\u00e9ant, nous vous demanderons votre consentement. Vous pouvez contr\u00f4ler la mani\u00e8re dont ces publicit\u00e9s vous sont pr\u00e9sent\u00e9es ou d\u00e9sactiver les publicit\u00e9s cibl\u00e9es en consultant le guide fourni par la Digital Advertising Alliance disponible \u00e0 l&rsquo;adresse https:\/\/youradchoices.com. Pour plus d&rsquo;informations sur la d\u00e9sactivation des fonctionnalit\u00e9s publicitaires sur votre appareil, veuillez consulter <a href=\"https:\/\/www.networkadvertising.org\/\">https:\/\/www.networkadvertising.org<\/a>.<\/p><p><a name=\"_Toc6\"><\/a><strong>7. GOOGLE ANALYTICS<\/strong><\/p><p>Nous utilisons Google Analytics, un service d&rsquo;analyse web fourni par Google LLC, dont le si\u00e8ge social est situ\u00e9 au 1600 Amphitheatre Parkway, Mountain View, CA 94043, \u00c9tats-Unis (\u00ab <strong>Google<\/strong> \u00bb). Google g\u00e9n\u00e8re des informations statistiques \u00e0 l&rsquo;aide de cookies et cr\u00e9e des rapports sur votre utilisation de uketasupport.com. Les cookies utilis\u00e9s par Google sont des cookies anonymes de premi\u00e8re partie qui ne nous permettent en aucun cas de vous identifier. Les informations g\u00e9n\u00e9r\u00e9es par les cookies seront transmises \u00e0 Google et stock\u00e9es par Google sur des serveurs situ\u00e9s aux \u00c9tats-Unis. Afin de garantir la confidentialit\u00e9 de vos donn\u00e9es, votre adresse IP sera anonymis\u00e9e et Google ne combinera pas votre adresse IP avec d&rsquo;autres informations d\u00e9tenues par Google \u00e0 votre sujet. Ainsi, Google ne sera pas en mesure de vous identifier. Dans certains cas (par exemple, lorsque la loi l&rsquo;exige ou lorsque des tiers fournissent des services pour le compte de Google), Google peut transf\u00e9rer ces informations \u00e0 des tiers. Pour plus d&rsquo;informations sur les pratiques de Google Analytics en mati\u00e8re de confidentialit\u00e9, veuillez consulter le site <a href=\"https:\/\/support.google.com\/analytics\/answer\/6004245\">https:\/\/support.google.com\/analytics\/answer\/6004245<\/a>. Si vous souhaitez d\u00e9sactiver Google Analytics, vous pouvez le faire en installant un module compl\u00e9mentaire de navigateur pour Google Analytics disponible \u00e0 l&rsquo;adresse <a href=\"https:\/\/tools.google.com\/dlpage\/gaoptout?hl=en\">https:\/\/tools.google.com\/dlpage\/gaoptout?hl=en<\/a>.<\/p><p><a name=\"_Toc7\"><\/a><strong>8. GOOGLE reCAPCHA<\/strong><\/p><p>Nous utilisons reCAPCHA, le service fourni par Google, pour v\u00e9rifier que vous \u00eates bien un \u00eatre humain et non un robot. Cela permet de prot\u00e9ger uketasupport.com contre les spams et les abus. L&rsquo;analyse reCAPTCHA s&rsquo;effectue en arri\u00e8re-plan. Lorsque vous utilisez reCAPTCHA, Google collecte certaines donn\u00e9es personnelles et non personnelles vous concernant, telles que :<\/p><ul><li>Tous les cookies enregistr\u00e9s dans votre navigateur par Google au cours des 6 derniers mois ;<\/li><li>Informations sur vos clics de souris ;<\/li><li>Informations CSS ;<\/li><li>Date ;<\/li><li>Langue du navigateur ;<\/li><li>Tout plug-in install\u00e9 dans le navigateur ; et<\/li><li>Objets Javascript.<\/li><\/ul><p>Les donn\u00e9es susmentionn\u00e9es seront envoy\u00e9es \u00e0 Google, situ\u00e9 aux \u00c9tats-Unis. Nous avons un int\u00e9r\u00eat l\u00e9gitime \u00e0 prot\u00e9ger uketasupport.com contre les crawlers automatis\u00e9s abusifs et le spam. Pour plus d&rsquo;informations sur Google reCAPTCHA et la politique de confidentialit\u00e9 de Google, veuillez consulter les liens suivants : <a href=\"https:\/\/www.google.com\/intl\/de\/policies\/privacy\/\">https:\/\/www.google.com\/intl\/de\/policies\/privacy\/<\/a> et <a href=\"https:\/\/www.google.com\/recaptcha\/intro\/v3.html\">https:\/\/www.google.com\/recaptcha\/intro\/v3.html<\/a> .<\/p><p><a name=\"_Toc8\"><\/a><strong>9. FACEBOOK CUSTOM AUDIENCE<\/strong><\/p><p>Nous utilisons Facebook Custom Audience et Remarketing. Il s&rsquo;agit d&rsquo;un service de remarketing et de ciblage comportemental fourni par Meta Platforms, Inc. situ\u00e9 aux \u00c9tats-Unis, qui relie votre activit\u00e9 sur uketasupport.com au r\u00e9seau publicitaire Facebook. Les informations qui peuvent \u00eatre collect\u00e9es \u00e0 votre sujet sont vos donn\u00e9es relatives aux cookies et votre adresse e-mail. Si n\u00e9cessaire, nous vous demanderons votre consentement pour utiliser cet outil ou les cookies li\u00e9s \u00e0 cet outil. L&rsquo;utilisation de cet outil nous permet d&rsquo;afficher des publicit\u00e9s bas\u00e9es sur vos centres d&rsquo;int\u00e9r\u00eat lorsque vous visitez le r\u00e9seau social Facebook ou d&rsquo;autres sites web utilisant \u00e9galement cet outil. De cette mani\u00e8re, vous pouvez voir des publicit\u00e9s susceptibles de vous int\u00e9resser ou de vous concerner. Vous pouvez d\u00e9sactiver l&rsquo;affichage de ces publicit\u00e9s en ajustant vos param\u00e8tres de cookies. Veuillez \u00e9galement vous reporter \u00e0 la section 6 de la pr\u00e9sente politique en mati\u00e8re de cookies pour obtenir des liens vers des informations plus d\u00e9taill\u00e9es sur le contr\u00f4le des publicit\u00e9s bas\u00e9es sur les centres d&rsquo;int\u00e9r\u00eat.<\/p><p><a name=\"_Toc9\"><\/a><strong>10. CONTACT<\/strong><\/p><p>Si vous avez des questions concernant la pr\u00e9sente politique en mati\u00e8re de cookies ou nos pratiques en mati\u00e8re de protection des donn\u00e9es, veuillez nous contacter aux coordonn\u00e9es suivantes :<\/p><p><strong>E-mail : <\/strong><a href=\"mailto:info@uketasupport.com\">info@uketasupport.com<\/a><\/p>\t\t\t\t\t\t\t\t<\/div>\n\t\t\t\t<\/div>\n\t\t\t\t<\/div>\n\t\t\t\t<\/div>\n\t\t\t\t\t<\/div>\n\t\t\t\t<\/div>\n\t\t\t\t<\/div>\n\t\t","protected":false},"excerpt":{"rendered":"<p>Nous utilisons des cookies sur ce site web. Vous trouverez ci-dessous des informations d\u00e9taill\u00e9es sur les types de cookies, leurs objectifs et votre droit de g\u00e9rer les cookies. 1. QUI EST RESPONSABLE DES COOKIES SUR UKETASUPPORT.COM ? 2. QUE DEVEZ-VOUS SAVOIR SUR LES COOKIES ? 3. QUELS COOKIES UTILISONS-NOUS ? 4. CONSENTEMENT AUX COOKIES 5. [&hellip;]<\/p>\n","protected":false},"author":3,"featured_media":0,"parent":0,"menu_order":0,"comment_status":"closed","ping_status":"closed","template":"elementor_header_footer","meta":{"footnotes":""},"class_list":["post-5365","page","type-page","status-publish","hentry"],"aioseo_notices":[],"_links":{"self":[{"href":"https:\/\/govisaglobal.com\/fr\/wp-json\/wp\/v2\/pages\/5365","targetHints":{"allow":["GET"]}}],"collection":[{"href":"https:\/\/govisaglobal.com\/fr\/wp-json\/wp\/v2\/pages"}],"about":[{"href":"https:\/\/govisaglobal.com\/fr\/wp-json\/wp\/v2\/types\/page"}],"author":[{"embeddable":true,"href":"https:\/\/govisaglobal.com\/fr\/wp-json\/wp\/v2\/users\/3"}],"replies":[{"embeddable":true,"href":"https:\/\/govisaglobal.com\/fr\/wp-json\/wp\/v2\/comments?post=5365"}],"version-history":[{"count":4,"href":"https:\/\/govisaglobal.com\/fr\/wp-json\/wp\/v2\/pages\/5365\/revisions"}],"predecessor-version":[{"id":12473,"href":"https:\/\/govisaglobal.com\/fr\/wp-json\/wp\/v2\/pages\/5365\/revisions\/12473"}],"wp:attachment":[{"href":"https:\/\/govisaglobal.com\/fr\/wp-json\/wp\/v2\/media?parent=5365"}],"curies":[{"name":"wp","href":"https:\/\/api.w.org\/{rel}","templated":true}]}}