{"id":5398,"date":"2025-06-19T15:06:38","date_gmt":"2025-06-19T15:06:38","guid":{"rendered":"https:\/\/govisaglobal.com\/demande-deta-pour-le-royaume-uni\/eta-pour-le-royaume-uni-pour-les-citoyens-italiens\/"},"modified":"2025-06-19T15:06:38","modified_gmt":"2025-06-19T15:06:38","slug":"eta-pour-le-royaume-uni-pour-les-citoyens-italiens","status":"publish","type":"page","link":"https:\/\/govisaglobal.com\/fr\/demande-deta-pour-le-royaume-uni\/eta-pour-le-royaume-uni-pour-les-citoyens-italiens\/","title":{"rendered":"ETA pour le Royaume-Uni pour les citoyens italiens"},"content":{"rendered":"","protected":false},"excerpt":{"rendered":"<p>Tout savoir sur l&rsquo;ETA britannique pour les citoyens italiens. D\u00e9couvrez la proc\u00e9dure de demande, les avantages et la validit\u00e9 de l&rsquo;ETA (autorisation de voyage \u00e9lectronique), y compris les entr\u00e9es multiples pour un maximum de 6 mois de voyage. <\/p>\n","protected":false},"author":3,"featured_media":0,"parent":5379,"menu_order":0,"comment_status":"closed","ping_status":"closed","template":"elementor_header_footer","meta":{"footnotes":""},"class_list":["post-5398","page","type-page","status-publish","hentry"],"aioseo_notices":[],"_links":{"self":[{"href":"https:\/\/govisaglobal.com\/fr\/wp-json\/wp\/v2\/pages\/5398","targetHints":{"allow":["GET"]}}],"collection":[{"href":"https:\/\/govisaglobal.com\/fr\/wp-json\/wp\/v2\/pages"}],"about":[{"href":"https:\/\/govisaglobal.com\/fr\/wp-json\/wp\/v2\/types\/page"}],"author":[{"embeddable":true,"href":"https:\/\/govisaglobal.com\/fr\/wp-json\/wp\/v2\/users\/3"}],"replies":[{"embeddable":true,"href":"https:\/\/govisaglobal.com\/fr\/wp-json\/wp\/v2\/comments?post=5398"}],"version-history":[{"count":0,"href":"https:\/\/govisaglobal.com\/fr\/wp-json\/wp\/v2\/pages\/5398\/revisions"}],"up":[{"embeddable":true,"href":"https:\/\/govisaglobal.com\/fr\/wp-json\/wp\/v2\/pages\/5379"}],"wp:attachment":[{"href":"https:\/\/govisaglobal.com\/fr\/wp-json\/wp\/v2\/media?parent=5398"}],"curies":[{"name":"wp","href":"https:\/\/api.w.org\/{rel}","templated":true}]}}