{"id":11090,"date":"2025-06-21T06:03:29","date_gmt":"2025-06-21T06:03:29","guid":{"rendered":"https:\/\/govisaglobal.com\/pravila-o-kolacicima\/"},"modified":"2025-07-08T11:24:19","modified_gmt":"2025-07-08T11:24:19","slug":"pravila-o-kolacicima","status":"publish","type":"page","link":"https:\/\/govisaglobal.com\/hr\/pravila-o-kolacicima\/","title":{"rendered":"Pravila o kola\u010di\u0107ima"},"content":{"rendered":"\t\t<div data-elementor-type=\"wp-page\" data-elementor-id=\"11090\" class=\"elementor elementor-11090 elementor-1742\" data-elementor-post-type=\"page\">\n\t\t\t\t<div class=\"elementor-element elementor-element-6005376 e-flex e-con-boxed e-con e-parent\" data-id=\"6005376\" data-element_type=\"container\" data-e-type=\"container\">\n\t\t\t\t\t<div class=\"e-con-inner\">\n\t\t<div class=\"elementor-element elementor-element-1b6ff59 e-con-full e-flex e-con e-child\" data-id=\"1b6ff59\" data-element_type=\"container\" data-e-type=\"container\">\n\t\t<div class=\"elementor-element elementor-element-9a256bc e-con-full e-flex e-con e-child\" data-id=\"9a256bc\" data-element_type=\"container\" data-e-type=\"container\" data-settings=\"{&quot;background_background&quot;:&quot;classic&quot;}\">\n\t\t\t\t<div class=\"elementor-element elementor-element-2b6ce32 elementor-widget elementor-widget-post-info\" data-id=\"2b6ce32\" data-element_type=\"widget\" data-e-type=\"widget\" data-widget_type=\"post-info.default\">\n\t\t\t\t<div class=\"elementor-widget-container\">\n\t\t\t\t\t\t\t<ul class=\"elementor-inline-items elementor-icon-list-items elementor-post-info\">\n\t\t\t\t\t\t\t\t<li class=\"elementor-icon-list-item elementor-repeater-item-40ac0bb elementor-inline-item\">\n\t\t\t\t\t\t\t\t\t\t\t\t\t<span class=\"elementor-icon-list-text elementor-post-info__item elementor-post-info__item--type-custom\">\n\t\t\t\t\t\t\t\t\t\tPosljednje a\u017euriranje: 8 srpnja 2025\t\t\t\t\t<\/span>\n\t\t\t\t\t\t\t\t<\/li>\n\t\t\t\t<\/ul>\n\t\t\t\t\t\t<\/div>\n\t\t\t\t<\/div>\n\t\t\t\t<div class=\"elementor-element elementor-element-479a149 elementor-widget elementor-widget-spacer\" data-id=\"479a149\" data-element_type=\"widget\" data-e-type=\"widget\" data-widget_type=\"spacer.default\">\n\t\t\t\t<div class=\"elementor-widget-container\">\n\t\t\t\t\t\t\t<div class=\"elementor-spacer\">\n\t\t\t<div class=\"elementor-spacer-inner\"><\/div>\n\t\t<\/div>\n\t\t\t\t\t\t<\/div>\n\t\t\t\t<\/div>\n\t\t\t\t<div class=\"elementor-element elementor-element-08b9d0c elementor-widget elementor-widget-text-editor\" data-id=\"08b9d0c\" data-element_type=\"widget\" data-e-type=\"widget\" data-widget_type=\"text-editor.default\">\n\t\t\t\t<div class=\"elementor-widget-container\">\n\t\t\t\t\t\t\t\t\t<p><em>Na ovoj web stranici koristimo kola\u010di\u0107e. U nastavku mo\u017eete prona\u0107i detaljne informacije o vrstama na\u0161ih kola\u010di\u0107a, njihovoj svrsi i va\u0161em pravu na upravljanje kola\u010di\u0107ima. <\/em><\/p>\t\t\t\t\t\t\t\t<\/div>\n\t\t\t\t<\/div>\n\t\t\t\t<div class=\"elementor-element elementor-element-d964092 elementor-widget-mobile__width-inherit elementor-widget elementor-widget-text-editor\" data-id=\"d964092\" data-element_type=\"widget\" data-e-type=\"widget\" data-widget_type=\"text-editor.default\">\n\t\t\t\t<div class=\"elementor-widget-container\">\n\t\t\t\t\t\t\t\t\t<p>1. TKO JE ODGOVORAN ZA KOLA\u010cI\u0106E NA UKETA.COM?<\/p><p>2. \u0160TO TREBATE ZNATI O KOLA\u010cI\u0106IMA?<\/p><p>3. KOJE KOLA\u010cI\u0106E KORISTIMO?<\/p><p>4. PRISTANAK NA KOLA\u010cI\u0106E<\/p><p>5. KAKO ONEMOGU\u0106ITI KOLA\u010cI\u0106E?<\/p><p>6. OGLA\u0160AVANJE NA TEMELJU INTERESA<\/p><p>7. GOOGLE ANALYTICS<\/p><p>8. GOOGLE reCAPCHA<\/p><p>9. FACEBOOK PRILAGO\u0110ENA PUBLIKA<\/p><p>10. KONTAKT<\/p><p><a name=\"_Toc\"><\/a><strong>1. TKO JE ODGOVORAN ZA KOLA\u010cI\u0106E NA UKETA.COM?<\/strong><\/p><p>Voditelj obrade podataka koji je odgovoran za obradu osobnih podataka putem web stranice web stranice <a href=\"https:\/\/govisaglobal.com\/hr\/\">https:\/\/govisaglobal.com<\/a>, povezanih naziva domena, softvera i usluga (zajedno, &#8220;<strong>uketa.com<\/strong>&#8220;), uklju\u010duju\u0107i postavljanje kola\u010di\u0107a prve strane, je YOYO TRAVELS s registriranim mjestom poslovanja na adresi Office 1201, Nassima Tower, Sheikh Zayed Road, Dubai, Ujedinjeni Arapski Emirati i licencom br 916968.<strong> &#8220;<strong>nas<\/strong>&#8221; ili &#8220;<strong>na\u0161<\/strong>&#8220;).<\/strong><\/p><p> <\/p><p><a name=\"_Toc1\"><\/a><strong>2. \u0160TO TREBATE ZNATI O KOLA\u010cI\u0106IMA?<\/strong><\/p><p>Kola\u010di\u0107 je mali dio podataka koji se obi\u010dno sastoji od slova i brojeva. Kada posjetite web stranicu, ta web stranica mo\u017ee poslati kola\u010di\u0107 va\u0161em pregledniku. Nakon toga, preglednik mo\u017ee neko vrijeme pohraniti kola\u010di\u0107 na va\u0161e ra\u010dunalo ili mobilni ure\u0111aj (datum isteka kola\u010di\u0107a ovisi o njegovoj vrsti). Kola\u010di\u0107i se koriste za prepoznavanje va\u0161eg ure\u0111aja i prikupljanje odre\u0111enih informacija o va\u0161em kori\u0161tenju web stranica. Stoga s vremenom kola\u010di\u0107i omogu\u0107uju web stranicama da &#8220;zapamte&#8221; va\u0161e radnje i preferencije. Postoji nekoliko vrsta kola\u010di\u0107a, naime, (i) trajni kola\u010di\u0107i, koji ostaju valjani dok ih ne izbri\u0161ete, (ii) kola\u010di\u0107i koji ostaju valjani do datuma isteka i (iii) kola\u010di\u0107i sesije koji se pohranjuju u web pregledniku i ostaju valjani do trenutka zatvaranja preglednika. Kola\u010di\u0107i tako\u0111er mogu biti (i) kola\u010di\u0107i prve strane (postavljeni od strane same izvorne web stranice) i (ii) kola\u010di\u0107i tre\u0107e strane (postavljeni od strane web stranica tre\u0107ih strana).           <\/p><p> <\/p><p><a name=\"_Toc2\"><\/a><strong>3. KOJE KOLA\u010cI\u0106E KORISTIMO?<\/strong><\/p><p>Na uketa.com mo\u017eemo koristiti razli\u010dite vrste kola\u010di\u0107a, uklju\u010duju\u0107i:<\/p><ul><li><strong>Osnovni tehni\u010dki kola\u010di\u0107i <\/strong>koji su strogo potrebni za osiguravanje ispravnog funkcioniranja uketa.com i pru\u017eanje usluga koje ste zatra\u017eili;<\/li><li><strong>Preferencijalni kola\u010di\u0107i<\/strong> koji nam omogu\u0107uju spremanje i o\u010duvanje va\u0161ih postavki;<\/li><li><strong>Marketin\u0161ki kola\u010di\u0107i<\/strong> koji nam omogu\u0107uju stvaranje, implementaciju i ispitivanje na\u0161ih marketin\u0161kih kampanja. Takvi kola\u010di\u0107i omogu\u0107uju nam da dosegnemo prave kupce, analiziramo produktivnost na\u0161ih marketin\u0161kih kampanja i ponudimo vam personalizirano ogla\u0161avanje; i <\/li><li><strong>Statisti\u010dki kola\u010di\u0107i<\/strong> koji nam omogu\u0107uju generiranje statisti\u010dkih izvje\u0161\u0107a o tome kako koristite uketa.com.<\/li><\/ul><p> <\/p><p><a name=\"_Toc3\"><\/a><strong>4. PRISTANAK NA KOLA\u010cI\u0106E<\/strong><\/p><p>Kada posjetite uketa.com, zamolit \u0107emo vas da nam date svoj pristanak na kori\u0161tenje svih kola\u010di\u0107a putem natpisa za pristanak na kola\u010di\u0107e. Ako ne date svoj pristanak za uklju\u010divanje, ne\u0107emo vam poslu\u017eivati na\u0161e nebitne (statisti\u010dke i marketin\u0161ke) kola\u010di\u0107e. Imajte na umu da vam mo\u017eda ne\u0107emo mo\u0107i pru\u017eiti najbolje mogu\u0107e korisni\u010dko iskustvo na uketa.com ako nisu omogu\u0107eni svi kola\u010di\u0107i.  <\/p><p> <\/p><p><a name=\"_Toc4\"><\/a><strong>5. KAKO ONEMOGU\u0106ITI KOLA\u010cI\u0106E?<\/strong><\/p><p>Kada od vas zatra\u017eimo da date svoj pristanak na na\u0161u upotrebu nebitnih kola\u010di\u0107a, imate slobodu ne dati takav pristanak. Ako kasnije \u017eelite odbiti na\u0161u upotrebu nebitnih kola\u010di\u0107a, to mo\u017eete u\u010diniti u bilo kojem trenutku odbijanjem kola\u010di\u0107a u svom pregledniku ili ure\u0111aju. Za vi\u0161e informacija mo\u017eete pogledati upute za upravljanje kola\u010di\u0107ima va\u0161eg preglednika:  <\/p><ul><li><strong>Apple Safari:<\/strong> <a href=\"https:\/\/support.apple.com\/en-gb\/guide\/safari\/manage-cookies-and-website-data-sfri11471\/mac\">https:\/\/support.apple.com\/en-gb\/guide\/safari\/manage-cookies-and-website-data-sfri11471\/mac<\/a><\/li><li><strong>Google Chrome: <\/strong><a href=\"https:\/\/support.google.com\/chrome\/answer\/95647\">https:\/\/support.google.com\/chrome\/answer\/95647<\/a><\/li><li><strong>Firefox:<\/strong> <a href=\"https:\/\/support.mozilla.org\/en-US\/kb\/enable-and-disable-cookies-website-preferences\">https:\/\/support.mozilla.org\/en-US\/kb\/enable-and-disable-cookies-website-preferences<\/a><\/li><li><strong>Opera:<\/strong> <a href=\"https:\/\/blogs.opera.com\/news\/2015\/08\/how-to-manage-cookies-in-opera\/\">https:\/\/blogs.opera.com\/news\/2015\/08\/how-to-manage-cookies-in-opera\/<\/a><\/li><li><strong>Microsoft Edge:<\/strong> <a href=\"https:\/\/support.microsoft.com\/en-us\/help\/4468242\/microsoft-edge-browsing-data-and-privacy-microsoft-privacy\">https:\/\/support.microsoft.com\/en-us\/help\/4468242\/microsoft-edge-browsing-data-and-privacy-microsoft-privacy<\/a><\/li><\/ul><p> <\/p><p><a name=\"_Toc5\"><\/a><strong>6. OGLA\u0160AVANJE NA TEMELJU INTERESA<\/strong><\/p><p>Mo\u017eda \u0107ete nai\u0107i na ciljano ogla\u0161avanje temeljeno na interesima na temelju va\u0161e upotrebe uketa.com i drugih web stranica na internetu. Ako je potrebno, tra\u017eit \u0107emo va\u0161 pristanak. Mo\u017eete kontrolirati na\u010din na koji vam se takvo ogla\u0161avanje prikazuje ili isklju\u010diti ciljano ogla\u0161avanje konzultiraju\u0107i vodi\u010d koji pokre\u0107e Digital Advertising Alliance dostupan na https:\/\/youradchoices.com. Za vi\u0161e informacija o isklju\u010divanju zna\u010dajki ogla\u0161avanja na va\u0161em ure\u0111aju posjetite <a href=\"https:\/\/www.networkadvertising.org\/\">https:\/\/www.networkadvertising.org<\/a> .  <\/p><p> <\/p><p><a name=\"_Toc6\"><\/a><strong>7. GOOGLE ANALYTICS<\/strong><\/p><p>Koristimo Google Analytics, uslugu web analitike koju pru\u017ea Google LLC registriran na adresi 1600 Amphitheatre Parkway, Mountain View, CA 94043, SAD (&#8220;<strong>Google<\/strong>&#8220;). Google generira statisti\u010dke podatke pomo\u0107u kola\u010di\u0107a i izra\u0111uje izvje\u0161\u0107a o va\u0161oj upotrebi uketa.com. Kola\u010di\u0107i koje poslu\u017euje Google anonimni su kola\u010di\u0107i prve strane koji nam ne dopu\u0161taju da vas identificiramo na bilo koji na\u010din. Informacije generirane kola\u010di\u0107ima prenijet \u0107e se i pohraniti od strane Googlea na poslu\u017eiteljima u Sjedinjenim Dr\u017eavama. Kako bi se osigurala va\u0161a privatnost, va\u0161a IP adresa bit \u0107e anonimizirana i Google ne\u0107e kombinirati va\u0161u IP adresu s drugim podacima koje Google ima o vama. Stoga vas Google ne\u0107e mo\u0107i identificirati. U odre\u0111enim slu\u010dajevima (npr. kada je to propisano zakonom ili kada tre\u0107e strane pru\u017eaju usluge u ime Googlea), Google mo\u017ee prenijeti podatke tre\u0107im stranama. Za vi\u0161e informacija o praksama privatnosti Google Analyticsa posjetite <a href=\"https:\/\/support.google.com\/analytics\/answer\/6004245\">https:\/\/support.google.com\/analytics\/answer\/6004245<\/a>. Ako \u017eelite isklju\u010diti Google Analytics, to mo\u017eete u\u010diniti instaliranjem dodatka preglednika za isklju\u010divanje Google Analyticsa koji je dostupan na <a href=\"https:\/\/tools.google.com\/dlpage\/gaoptout?hl=en\">https:\/\/tools.google.com\/dlpage\/gaoptout?hl=en<\/a>.        <\/p><p> <\/p><p><a name=\"_Toc7\"><\/a><strong>8. GOOGLE reCAPCHA<\/strong><\/p><p>Koristimo reCAPCHA, uslugu koju pru\u017ea Google, kako bismo provjerili jeste li ljudsko bi\u0107e, a ne robot. Poma\u017ee u za\u0161titi uketa.com od ne\u017eeljene po\u0161te i zloupotrebe. ReCAPTCHA analiza odvija se u pozadini. Kada upotrebljavate reCAPCHA, Google \u0107e od vas prikupljati neke osobne i neosobne podatke, kao \u0161to su:   <\/p><ul><li>Svi kola\u010di\u0107i koje je Google postavio va\u0161em pregledniku u posljednjih 6 mjeseci;<\/li><li>Informacije o va\u0161im klikovima mi\u0161em;<\/li><li>CSS informacije;<\/li><li>Datum;<\/li><li>Jezik preglednika;<\/li><li>Bilo koji dodatak instaliran u pregledniku; i<\/li><li>Javascript objekti.<\/li><\/ul><p>Gore navedeni podaci bit \u0107e poslani Googleu koji se nalazi u Sjedinjenim Ameri\u010dkim Dr\u017eavama. Imamo legitiman interes za\u0161tititi uketa.com od zlouporabe automatiziranog indeksiranja i ne\u017eeljene po\u0161te. Za vi\u0161e informacija o Google reCAPTCHA i Googleovim pravilima o privatnosti posjetite sljede\u0107e poveznice: <a href=\"https:\/\/www.google.com\/intl\/de\/policies\/privacy\/\">https:\/\/www.google.com\/intl\/de\/policies\/privacy\/<\/a> i <a href=\"https:\/\/www.google.com\/recaptcha\/intro\/v3.html\">https:\/\/www.google.com\/recaptcha\/intro\/v3.html<\/a> .  <\/p><p> <\/p><p><a name=\"_Toc8\"><\/a><strong>9. FACEBOOK PRILAGO\u0110ENA PUBLIKA<\/strong><\/p><p>Koristimo Facebook prilago\u0111enu publiku i remarketing. To je usluga ponovnog marketinga i bihevioralnog ciljanja koju pru\u017ea Meta Platforms, Inc. sa sjedi\u0161tem u Sjedinjenim Ameri\u010dkim Dr\u017eavama, koja povezuje va\u0161u aktivnost uketa.com s Facebook ogla\u0161iva\u010dkom mre\u017eom. Informacije koje mo\u017eete prikupiti su va\u0161i podaci vezani uz kola\u010di\u0107e i adresa e-po\u0161te. Ako je potrebno, tra\u017eit \u0107emo va\u0161 pristanak za kori\u0161tenje ovog alata ili kola\u010di\u0107a povezanih s ovim alatom. Kori\u0161tenje ovog alata omogu\u0107uje nam prikazivanje oglasa temeljenih na interesima kada posjetite dru\u0161tvenu mre\u017eu Facebook ili druge web stranice koje tako\u0111er koriste ovaj alat. Na taj na\u010din mo\u017eete vidjeti oglase koji bi vam mogli biti relevantni ili zanimljivi. Mo\u017eete se isklju\u010diti iz gledanja takvih oglasa pode\u0161avanjem postavki kola\u010di\u0107a. Tako\u0111er, pogledajte odjeljak 6 ovih pravila o kola\u010di\u0107ima za poveznice koje pru\u017eaju vi\u0161e informacija o kontroli ogla\u0161avanja na temelju interesa.       <\/p><p> <\/p><p><a name=\"_Toc9\"><\/a><strong>10. KONTAKT<\/strong><\/p><p>Ako imate bilo kakvih pitanja o ovoj politici kola\u010di\u0107a, na\u0161oj praksi za\u0161tite podataka, obratite nam se putem sljede\u0107ih podataka za kontakt:<\/p><p><strong>E-po\u0161ta: <\/strong><a href=\"mailto:info@uketa.com\">info@uketa.com<\/a><\/p><p id=\"ivhw8b\"><strong id=\"i2lz8g\" draggable=\"true\" data-highlightable=\"1\">Broj telefona: <\/strong>+971 58 141 2863<\/p><p><strong>Po\u0161tanska adresa: <\/strong>YOYO TRAVELS, Office 1201, Nassima Tower, Sheikh Zayed Road, Dubai, Ujedinjeni Arapski Emirati<\/p>\t\t\t\t\t\t\t\t<\/div>\n\t\t\t\t<\/div>\n\t\t\t\t<\/div>\n\t\t\t\t<\/div>\n\t\t\t\t\t<\/div>\n\t\t\t\t<\/div>\n\t\t\t\t<\/div>\n\t\t","protected":false},"excerpt":{"rendered":"<p>Na ovoj web stranici koristimo kola\u010di\u0107e. U nastavku mo\u017eete prona\u0107i detaljne informacije o vrstama na\u0161ih kola\u010di\u0107a, njihovoj svrsi i va\u0161em pravu na upravljanje kola\u010di\u0107ima. 1. TKO JE ODGOVORAN ZA KOLA\u010cI\u0106E NA UKETA.COM? 2. \u0160TO TREBATE ZNATI O KOLA\u010cI\u0106IMA? 3. KOJE KOLA\u010cI\u0106E KORISTIMO? 4. PRISTANAK NA KOLA\u010cI\u0106E 5. KAKO ONEMOGU\u0106ITI KOLA\u010cI\u0106E? 6. OGLA\u0160AVANJE NA TEMELJU INTERESA [&hellip;]<\/p>\n","protected":false},"author":3,"featured_media":0,"parent":0,"menu_order":0,"comment_status":"closed","ping_status":"closed","template":"elementor_header_footer","meta":{"footnotes":""},"class_list":["post-11090","page","type-page","status-publish","hentry"],"aioseo_notices":[],"_links":{"self":[{"href":"https:\/\/govisaglobal.com\/hr\/wp-json\/wp\/v2\/pages\/11090","targetHints":{"allow":["GET"]}}],"collection":[{"href":"https:\/\/govisaglobal.com\/hr\/wp-json\/wp\/v2\/pages"}],"about":[{"href":"https:\/\/govisaglobal.com\/hr\/wp-json\/wp\/v2\/types\/page"}],"author":[{"embeddable":true,"href":"https:\/\/govisaglobal.com\/hr\/wp-json\/wp\/v2\/users\/3"}],"replies":[{"embeddable":true,"href":"https:\/\/govisaglobal.com\/hr\/wp-json\/wp\/v2\/comments?post=11090"}],"version-history":[{"count":1,"href":"https:\/\/govisaglobal.com\/hr\/wp-json\/wp\/v2\/pages\/11090\/revisions"}],"predecessor-version":[{"id":11091,"href":"https:\/\/govisaglobal.com\/hr\/wp-json\/wp\/v2\/pages\/11090\/revisions\/11091"}],"wp:attachment":[{"href":"https:\/\/govisaglobal.com\/hr\/wp-json\/wp\/v2\/media?parent=11090"}],"curies":[{"name":"wp","href":"https:\/\/api.w.org\/{rel}","templated":true}]}}