{"id":9091,"date":"2025-06-21T06:03:29","date_gmt":"2025-06-21T06:03:29","guid":{"rendered":"https:\/\/govisaglobal.com\/cookie-kra-vonatkozo-szabalyzat\/"},"modified":"2025-07-13T18:49:25","modified_gmt":"2025-07-13T18:49:25","slug":"cookie-kra-vonatkozo-szabalyzat","status":"publish","type":"page","link":"https:\/\/govisaglobal.com\/hu\/cookie-kra-vonatkozo-szabalyzat\/","title":{"rendered":"Cookie-kra vonatkoz\u00f3 szab\u00e1lyzat"},"content":{"rendered":"\t\t<div data-elementor-type=\"wp-page\" data-elementor-id=\"9091\" class=\"elementor elementor-9091 elementor-1742\" data-elementor-post-type=\"page\">\n\t\t\t\t<div class=\"elementor-element elementor-element-6005376 e-flex e-con-boxed e-con e-parent\" data-id=\"6005376\" data-element_type=\"container\" data-e-type=\"container\">\n\t\t\t\t\t<div class=\"e-con-inner\">\n\t\t<div class=\"elementor-element elementor-element-1b6ff59 e-con-full e-flex e-con e-child\" data-id=\"1b6ff59\" data-element_type=\"container\" data-e-type=\"container\">\n\t\t<div class=\"elementor-element elementor-element-9a256bc e-con-full e-flex e-con e-child\" data-id=\"9a256bc\" data-element_type=\"container\" data-e-type=\"container\" data-settings=\"{&quot;background_background&quot;:&quot;classic&quot;}\">\n\t\t\t\t<div class=\"elementor-element elementor-element-2b6ce32 elementor-widget elementor-widget-post-info\" data-id=\"2b6ce32\" data-element_type=\"widget\" data-e-type=\"widget\" data-widget_type=\"post-info.default\">\n\t\t\t\t<div class=\"elementor-widget-container\">\n\t\t\t\t\t\t\t<ul class=\"elementor-inline-items elementor-icon-list-items elementor-post-info\">\n\t\t\t\t\t\t\t\t<li class=\"elementor-icon-list-item elementor-repeater-item-40ac0bb elementor-inline-item\">\n\t\t\t\t\t\t\t\t\t\t\t\t\t<span class=\"elementor-icon-list-text elementor-post-info__item elementor-post-info__item--type-custom\">\n\t\t\t\t\t\t\t\t\t\tUtols\u00f3 friss\u00edt\u00e9s: 13 j\u00falius 2025\t\t\t\t\t<\/span>\n\t\t\t\t\t\t\t\t<\/li>\n\t\t\t\t<\/ul>\n\t\t\t\t\t\t<\/div>\n\t\t\t\t<\/div>\n\t\t\t\t<div class=\"elementor-element elementor-element-479a149 elementor-widget elementor-widget-spacer\" data-id=\"479a149\" data-element_type=\"widget\" data-e-type=\"widget\" data-widget_type=\"spacer.default\">\n\t\t\t\t<div class=\"elementor-widget-container\">\n\t\t\t\t\t\t\t<div class=\"elementor-spacer\">\n\t\t\t<div class=\"elementor-spacer-inner\"><\/div>\n\t\t<\/div>\n\t\t\t\t\t\t<\/div>\n\t\t\t\t<\/div>\n\t\t\t\t<div class=\"elementor-element elementor-element-08b9d0c elementor-widget elementor-widget-text-editor\" data-id=\"08b9d0c\" data-element_type=\"widget\" data-e-type=\"widget\" data-widget_type=\"text-editor.default\">\n\t\t\t\t<div class=\"elementor-widget-container\">\n\t\t\t\t\t\t\t\t\t<p><em>Ezen a weboldalon cookie-kat haszn\u00e1lunk. Az al\u00e1bbiakban r\u00e9szletes inform\u00e1ci\u00f3kat tal\u00e1l a cookie-k t\u00edpusair\u00f3l, c\u00e9ljair\u00f3l \u00e9s a cookie-k kezel\u00e9s\u00e9hez val\u00f3 jog\u00e1r\u00f3l. <\/em><\/p>\t\t\t\t\t\t\t\t<\/div>\n\t\t\t\t<\/div>\n\t\t\t\t<div class=\"elementor-element elementor-element-d964092 elementor-widget-mobile__width-inherit elementor-widget elementor-widget-text-editor\" data-id=\"d964092\" data-element_type=\"widget\" data-e-type=\"widget\" data-widget_type=\"text-editor.default\">\n\t\t\t\t<div class=\"elementor-widget-container\">\n\t\t\t\t\t\t\t\t\t<p>1. KI FELEL\u0150S A UKETASUPPORT.COM WEBHELYEN HASZN\u00c1LT COOKIE-K\u00c9RT?<\/p><p>2. MIT KELL TUDNI A COOKIE-KR\u00d3L?<\/p><p>3. MILYEN COOKIE-KAT HASZN\u00c1LUNK?<\/p><p>4. COOKIE-HOZZ\u00c1J\u00c1RUL\u00c1S<\/p><p>5. HOGYAN LEHET TILTANI A COOKIE-KAT?<\/p><p>6. \u00c9RDEKALAP\u00da REKL\u00c1MOK<\/p><p>7. GOOGLE ANALYTICS<\/p><p>8. GOOGLE reCAPCHA<\/p><p>9. FACEBOOK CUSTOM AUDIENCE<\/p><p>10. KAPCSOLAT<\/p><p><a name=\"_Toc\"><\/a><strong>1. KI FELEL\u0150S A UKETASUPPORT.COM WEBHELYEN TAL\u00c1LHAT\u00d3 COOKIE-K\u00c9RT?<\/strong><\/p><p>A weboldalon <a href=\"https:\/\/govisaglobal.com\">https:\/\/govisaglobal.com<\/a>, a kapcsol\u00f3d\u00f3 domainnevek, szoftverek \u00e9s szolg\u00e1ltat\u00e1sok (egy\u00fcttesen \u201e<strong>uketasupport.com<\/strong>\u201d) kereszt\u00fcl t\u00f6rt\u00e9n\u0151 szem\u00e9lyes adatok feldolgoz\u00e1s\u00e1\u00e9rt, bele\u00e9rtve az els\u0151dleges cookie-k elhelyez\u00e9s\u00e9t, a TRAVEL MUNDO \u2013 FZCO, enged\u00e9lysz\u00e1m: 28833 (\u201e<strong>mi<\/strong>\u201d, \u201e<strong>minket<\/strong>\u201d vagy \u201e<strong>a mi<\/strong>\u201d).<\/p><p><a name=\"_Toc1\"><\/a><strong>2. MIT KELL TUDNI A COOKIE-KR\u00d3L?<\/strong><\/p><p>A cookie egy kis adatcsomag, amely \u00e1ltal\u00e1ban bet\u0171kb\u0151l \u00e9s sz\u00e1mokb\u00f3l \u00e1ll. Amikor \u00d6n megl\u00e1togat egy weboldalt, az adott weboldal cookie-t k\u00fcldhet a b\u00f6ng\u00e9sz\u0151j\u00e9nek. Ezt k\u00f6vet\u0151en a b\u00f6ng\u00e9sz\u0151 egy ideig t\u00e1rolhatja a cookie-t az \u00d6n sz\u00e1m\u00edt\u00f3g\u00e9p\u00e9n vagy mobil eszk\u00f6z\u00e9n (a cookie lej\u00e1rati ideje t\u00edpus\u00e1t\u00f3l f\u00fcgg). A cookie-kat az \u00d6n eszk\u00f6z\u00e9nek felismer\u00e9s\u00e9re \u00e9s a weboldalak haszn\u00e1lat\u00e1val kapcsolatos bizonyos inform\u00e1ci\u00f3k gy\u0171jt\u00e9s\u00e9re haszn\u00e1ljuk. \u00cdgy a cookie-k id\u0151vel lehet\u0151v\u00e9 teszik a weboldalak sz\u00e1m\u00e1ra, hogy \u201emegjegyezz\u00e9k\u201d az \u00d6n tev\u00e9kenys\u00e9g\u00e9t \u00e9s preferenci\u00e1it. T\u00f6bbf\u00e9le cookie l\u00e9tezik, nevezetesen (i) \u00e1lland\u00f3 cookie-k, amelyek addig maradnak \u00e9rv\u00e9nyben, am\u00edg \u00d6n nem t\u00f6rli \u0151ket, (ii) cookie-k, amelyek lej\u00e1rati idej\u00fckig maradnak \u00e9rv\u00e9nyben, \u00e9s (iii) munkamenet cookie-k, amelyeket a b\u00f6ng\u00e9sz\u0151 t\u00e1rol, \u00e9s amelyek a b\u00f6ng\u00e9sz\u0151 bez\u00e1r\u00e1s\u00e1ig maradnak \u00e9rv\u00e9nyben. A cookie-k lehetnek (i) els\u0151dleges cookie-k (az eredeti webhely \u00e1ltal elhelyezett) \u00e9s (ii) harmadik f\u00e9lt\u0151l sz\u00e1rmaz\u00f3 cookie-k (harmadik f\u00e9l webhelyei \u00e1ltal elhelyezett).<\/p><p><a name=\"_Toc2\"><\/a><strong>3. MILYEN COOKIE-KAT HASZN\u00c1LUNK?<\/strong><\/p><p>Az uketasupport.com weboldalon k\u00fcl\u00f6nb\u00f6z\u0151 t\u00edpus\u00fa cookie-kat haszn\u00e1lhatunk, t\u00f6bbek k\u00f6z\u00f6tt:<\/p><ul><li><strong>Alapvet\u0151 technikai cookie-k <\/strong>, amelyek szigor\u00faan sz\u00fcks\u00e9gesek az uketasupport.com weboldal megfelel\u0151 m\u0171k\u00f6d\u00e9s\u00e9hez \u00e9s az \u00d6n \u00e1ltal k\u00e9rt szolg\u00e1ltat\u00e1sok ny\u00fajt\u00e1s\u00e1hoz;<\/li><li><strong>Preferencia cookie-k<\/strong>, amelyek lehet\u0151v\u00e9 teszik sz\u00e1munkra, hogy elments\u00fck \u00e9s meg\u0151rizz\u00fck az \u00d6n preferenci\u00e1it;<\/li><li><strong>Marketing cookie-k<\/strong>, amelyek lehet\u0151v\u00e9 teszik sz\u00e1munkra, hogy marketing kamp\u00e1nyokat hozzunk l\u00e9tre, val\u00f3s\u00edtsunk meg \u00e9s vizsg\u00e1ljuk. Az ilyen cookie-k lehet\u0151v\u00e9 teszik sz\u00e1munkra, hogy el\u00e9rj\u00fck a megfelel\u0151 \u00fcgyfeleket, elemezz\u00fck marketing kamp\u00e1nyaink hat\u00e9konys\u00e1g\u00e1t, \u00e9s szem\u00e9lyre szabott hirdet\u00e9seket k\u00edn\u00e1ljunk \u00d6nnek; \u00e9s<\/li><li><strong>Statisztikai cookie-k<\/strong>, amelyek lehet\u0151v\u00e9 teszik sz\u00e1munkra, hogy statisztikai jelent\u00e9seket k\u00e9sz\u00edts\u00fcnk az uketasupport.com webhely haszn\u00e1lat\u00e1r\u00f3l.<\/li><\/ul><p><a name=\"_Toc3\"><\/a><strong>4. COOKIE-HOZZ\u00c1J\u00c1RUL\u00c1S<\/strong><\/p><p>Amikor megl\u00e1togatja az uketasupport.com webhelyet, egy cookie-hozz\u00e1j\u00e1rul\u00e1si s\u00e1von kereszt\u00fcl k\u00e9rj\u00fck, hogy adja meg hozz\u00e1j\u00e1rul\u00e1s\u00e1t az \u00f6sszes cookie haszn\u00e1lat\u00e1hoz. Ha nem adja meg hozz\u00e1j\u00e1rul\u00e1s\u00e1t, nem fogjuk \u00d6nnek a nem alapvet\u0151 (statisztikai \u00e9s marketing) cookie-kat. Felh\u00edvjuk figyelm\u00e9t, hogy ha nem enged\u00e9lyezi az \u00f6sszes cookie-t, el\u0151fordulhat, hogy nem tudjuk a legjobb felhaszn\u00e1l\u00f3i \u00e9lm\u00e9nyt biztos\u00edtani az uketasupport.com weboldalon.<\/p><p><a name=\"_Toc4\"><\/a><strong>5. HOGYAN LEHET LETILTANI A COOKIE-KAT?<\/strong><\/p><p>Amikor hozz\u00e1j\u00e1rul\u00e1s\u00e1t k\u00e9rj\u00fck a nem alapvet\u0151 cookie-k haszn\u00e1lat\u00e1hoz, \u00d6nnek jog\u00e1ban \u00e1ll megtagadni azt. Ha k\u00e9s\u0151bb el szeretn\u00e9 utas\u00edtani a nem alapvet\u0151 cookie-k haszn\u00e1lat\u00e1t, azt b\u00e1rmikor megteheti a b\u00f6ng\u00e9sz\u0151j\u00e9ben vagy eszk\u00f6z\u00e9n a cookie-k elutas\u00edt\u00e1s\u00e1val. Tov\u00e1bbi inform\u00e1ci\u00f3k\u00e9rt olvassa el b\u00f6ng\u00e9sz\u0151j\u00e9nek cookie-kezel\u00e9si utas\u00edt\u00e1sait:<\/p><ul><li><strong>Apple Safari:<\/strong> <a href=\"https:\/\/support.apple.com\/en-gb\/guide\/safari\/manage-cookies-and-website-data-sfri11471\/mac\">https:\/\/support.apple.com\/en-gb\/guide\/safari\/manage-cookies-and-website-data-sfri11471\/mac<\/a><\/li><li><strong>Google Chrome: <\/strong><a href=\"https:\/\/support.google.com\/chrome\/answer\/95647\">https:\/\/support.google.com\/chrome\/answer\/95647<\/a><\/li><li><strong>Firefox:<\/strong> <a href=\"https:\/\/support.mozilla.org\/en-US\/kb\/enable-and-disable-cookies-website-preferences\">https:\/\/support.mozilla.org\/en-US\/kb\/enable-and-disable-cookies-website-preferences<\/a><\/li><li><strong>Opera:<\/strong> <a href=\"https:\/\/blogs.opera.com\/news\/2015\/08\/how-to-manage-cookies-in-opera\/\">https:\/\/blogs.opera.com\/news\/2015\/08\/how-to-manage-cookies-in-opera\/<\/a><\/li><li><strong>Microsoft Edge:<\/strong> <a href=\"https:\/\/support.microsoft.com\/en-us\/help\/4468242\/microsoft-edge-browsing-data-and-privacy-microsoft-privacy\">https:\/\/support.microsoft.com\/en-us\/help\/4468242\/microsoft-edge-browsing-data-and-privacy-microsoft-privacy<\/a><\/li><\/ul><p><a name=\"_Toc5\"><\/a><strong>6. \u00c9RDEKALAP\u00da REKL\u00c1MOK<\/strong><\/p><p>Az uketasupport.com \u00e9s m\u00e1s internetes webhelyek haszn\u00e1lata sor\u00e1n c\u00e9lzott, \u00e9rdekl\u0151d\u00e9salap\u00fa rekl\u00e1mokkal tal\u00e1lkozhat. Sz\u00fcks\u00e9g eset\u00e9n k\u00e9rj\u00fck az \u00d6n hozz\u00e1j\u00e1rul\u00e1s\u00e1t. A Digital Advertising Alliance \u00e1ltal biztos\u00edtott \u00fatmutat\u00f3ban, amely el\u00e9rhet\u0151 a https:\/\/youradchoices.com oldalon, szab\u00e1lyozhatja, hogy ilyen hirdet\u00e9sek jelenjenek-e meg \u00d6nnek, vagy lemondhatja a c\u00e9lzott hirdet\u00e9seket. Tov\u00e1bbi inform\u00e1ci\u00f3k az eszk\u00f6z\u00f6n tal\u00e1lhat\u00f3 hirdet\u00e9si funkci\u00f3k lemond\u00e1s\u00e1r\u00f3l a <a href=\"https:\/\/www.networkadvertising.org\/\">https:\/\/www.networkadvertising.org<\/a> oldalon tal\u00e1lhat\u00f3k.<\/p><p><a name=\"_Toc6\"><\/a><strong>7. GOOGLE ANALYTICS<\/strong><\/p><p>A Google Analytics szolg\u00e1ltat\u00e1st haszn\u00e1ljuk, amely egy webelemz\u0151 szolg\u00e1ltat\u00e1s, amelyet a Google LLC ny\u00fajt, sz\u00e9khelye: 1600 Amphitheatre Parkway, Mountain View, CA 94043, USA (\u201e<strong>Google<\/strong>\u201d). A Google cookie-k seg\u00edts\u00e9g\u00e9vel statisztikai inform\u00e1ci\u00f3kat gener\u00e1l, \u00e9s jelent\u00e9seket k\u00e9sz\u00edt az uketasupport.com webhely haszn\u00e1lat\u00e1r\u00f3l. A Google \u00e1ltal szolg\u00e1ltatott cookie-k n\u00e9vtelen, els\u0151dleges cookie-k, amelyek nem teszik lehet\u0151v\u00e9 az \u00d6n azonos\u00edt\u00e1s\u00e1t. A cookie-k \u00e1ltal gener\u00e1lt inform\u00e1ci\u00f3kat a Google tov\u00e1bb\u00edtja \u00e9s t\u00e1rolja az Egyes\u00fclt \u00c1llamokban tal\u00e1lhat\u00f3 szervereken. Az \u00d6n adatainak v\u00e9delme \u00e9rdek\u00e9ben az \u00d6n IP-c\u00edm\u00e9t anonimiz\u00e1ljuk, \u00e9s a Google nem kapcsolja \u00f6ssze az \u00d6n IP-c\u00edm\u00e9t m\u00e1s, \u00d6nr\u0151l rendelkez\u00e9sre \u00e1ll\u00f3 inform\u00e1ci\u00f3kkal. \u00cdgy a Google nem tudja \u00d6nt azonos\u00edtani. Bizonyos esetekben (pl. ha azt a t\u00f6rv\u00e9ny el\u0151\u00edrja, vagy ha harmadik felek a Google nev\u00e9ben szolg\u00e1ltat\u00e1sokat ny\u00fajtanak) a Google tov\u00e1bb\u00edthatja az inform\u00e1ci\u00f3kat harmadik feleknek. A Google Analytics adatv\u00e9delmi gyakorlat\u00e1r\u00f3l tov\u00e1bbi inform\u00e1ci\u00f3t a <a href=\"https:\/\/support.google.com\/analytics\/answer\/6004245\">https:\/\/support.google.com\/analytics\/answer\/6004245<\/a> oldalon tal\u00e1l. Ha le szeretne iratkozni a Google Analytics szolg\u00e1ltat\u00e1sr\u00f3l, telep\u00edtse a Google Analytics leiratkoz\u00e1si b\u00f6ng\u00e9sz\u0151b\u0151v\u00edtm\u00e9nyt, amely el\u00e9rhet\u0151 a <a href=\"https:\/\/tools.google.com\/dlpage\/gaoptout?hl=en\">https:\/\/tools.google.com\/dlpage\/gaoptout?hl=en<\/a> c\u00edmen.<\/p><p><a name=\"_Toc7\"><\/a><strong>8. GOOGLE reCAPCHA<\/strong><\/p><p>A reCAPCHA, a Google \u00e1ltal ny\u00fajtott szolg\u00e1ltat\u00e1st haszn\u00e1ljuk annak ellen\u0151rz\u00e9s\u00e9re, hogy \u00d6n ember \u00e9s nem robot. Ez seg\u00edt megv\u00e9deni az uketasupport.com webhelyet a spamekt\u0151l \u00e9s a vissza\u00e9l\u00e9sekt\u0151l. A reCAPTCHA elemz\u00e9s a h\u00e1tt\u00e9rben zajlik. A reCAPCHA haszn\u00e1latakor a Google n\u00e9h\u00e1ny szem\u00e9lyes \u00e9s nem szem\u00e9lyes adatot gy\u0171jt \u00d6nt\u0151l, p\u00e9ld\u00e1ul:<\/p><ul><li>Az elm\u00falt 6 h\u00f3napban a Google \u00e1ltal a b\u00f6ng\u00e9sz\u0151j\u00e9be elmentett \u00f6sszes cookie;<\/li><li>Az eg\u00e9rkattint\u00e1sokkal kapcsolatos inform\u00e1ci\u00f3k;<\/li><li>CSS-inform\u00e1ci\u00f3k;<\/li><li>D\u00e1tum;<\/li><li>B\u00f6ng\u00e9sz\u0151 nyelv;<\/li><li>A b\u00f6ng\u00e9sz\u0151be telep\u00edtett plug-inek; \u00e9s<\/li><li>Javascript objektumok.<\/li><\/ul><p>A fenti adatok az Egyes\u00fclt \u00c1llamokban tal\u00e1lhat\u00f3 Google-nak ker\u00fclnek tov\u00e1bb\u00edt\u00e1sra. Jogos \u00e9rdek\u00fcnk f\u0171z\u0151dik ahhoz, hogy megv\u00e9dj\u00fck az uketasupport.com webhelyet a vissza\u00e9l\u00e9sszer\u0171 automatikus indexel\u00e9st\u0151l \u00e9s a spamekt\u0151l. A Google reCAPTCHA \u00e9s a Google adatv\u00e9delmi ir\u00e1nyelveir\u0151l tov\u00e1bbi inform\u00e1ci\u00f3t a k\u00f6vetkez\u0151 linkeken tal\u00e1l: <a href=\"https:\/\/www.google.com\/intl\/de\/policies\/privacy\/\">https:\/\/www.google.com\/intl\/de\/policies\/privacy\/<\/a> \u00e9s <a href=\"https:\/\/www.google.com\/recaptcha\/intro\/v3.html\">https:\/\/www.google.com\/recaptcha\/intro\/v3.html<\/a> .<\/p><p><a name=\"_Toc8\"><\/a><strong>9. FACEBOOK CUSTOM AUDIENCE<\/strong><\/p><p>Haszn\u00e1ljuk a Facebook Custom Audience \u00e9s Remarketing szolg\u00e1ltat\u00e1st. Ez egy remarketing \u00e9s viselked\u00e9salap\u00fa c\u00e9lz\u00e1si szolg\u00e1ltat\u00e1s, amelyet az Egyes\u00fclt \u00c1llamokban tal\u00e1lhat\u00f3 Meta Platforms, Inc. ny\u00fajt, \u00e9s amely \u00f6sszekapcsolja az \u00d6n uketasupport.com oldalon v\u00e9gzett tev\u00e9kenys\u00e9g\u00e9t a Facebook hirdet\u00e9si h\u00e1l\u00f3zat\u00e1val. Az \u00d6nr\u0151l gy\u0171jt\u00f6tt inform\u00e1ci\u00f3k a cookie-kkal kapcsolatos adatok \u00e9s az e-mail c\u00edme. Sz\u00fcks\u00e9g eset\u00e9n k\u00e9rj\u00fck az \u00d6n hozz\u00e1j\u00e1rul\u00e1s\u00e1t az eszk\u00f6z vagy az eszk\u00f6zh\u00f6z kapcsol\u00f3d\u00f3 cookie-k haszn\u00e1lat\u00e1hoz. Ezen eszk\u00f6z haszn\u00e1lata lehet\u0151v\u00e9 teszi sz\u00e1munkra, hogy \u00e9rdekl\u0151d\u00e9salap\u00fa hirdet\u00e9seket jelen\u00edts\u00fcnk meg, amikor \u00d6n a Facebook k\u00f6z\u00f6ss\u00e9gi h\u00e1l\u00f3zatot vagy m\u00e1s, szint\u00e9n ezt az eszk\u00f6zt haszn\u00e1l\u00f3 weboldalakat l\u00e1togatja. \u00cdgy \u00d6n olyan hirdet\u00e9seket l\u00e1that, amelyek relev\u00e1nsak vagy \u00e9rdekesek lehetnek az \u00d6n sz\u00e1m\u00e1ra. A cookie-be\u00e1ll\u00edt\u00e1sok m\u00f3dos\u00edt\u00e1s\u00e1val leiratkozhat az ilyen hirdet\u00e9sek megjelen\u00edt\u00e9s\u00e9r\u0151l. Az \u00e9rdekl\u0151d\u00e9salap\u00fa hirdet\u00e9sek szab\u00e1lyoz\u00e1s\u00e1r\u00f3l tov\u00e1bbi inform\u00e1ci\u00f3kat a cookie-kra vonatkoz\u00f3 ir\u00e1nyelvek 6. szakasz\u00e1ban tal\u00e1l.<\/p><p><a name=\"_Toc9\"><\/a><strong>10. KAPCSOLAT<\/strong><\/p><p>Ha b\u00e1rmilyen k\u00e9rd\u00e9se van a cookie-kra vonatkoz\u00f3 ir\u00e1nyelvekkel vagy adatv\u00e9delmi gyakorlatunkkal kapcsolatban, k\u00e9rj\u00fck, l\u00e9pjen vel\u00fcnk kapcsolatba az al\u00e1bbi el\u00e9rhet\u0151s\u00e9geken:<\/p><p><strong>E-mail: <\/strong><a href=\"mailto:info@uketasupport.com\">info@uketasupport.com<\/a><\/p>\t\t\t\t\t\t\t\t<\/div>\n\t\t\t\t<\/div>\n\t\t\t\t<\/div>\n\t\t\t\t<\/div>\n\t\t\t\t\t<\/div>\n\t\t\t\t<\/div>\n\t\t\t\t<\/div>\n\t\t","protected":false},"excerpt":{"rendered":"<p>Ezen a weboldalon cookie-kat haszn\u00e1lunk. Az al\u00e1bbiakban r\u00e9szletes inform\u00e1ci\u00f3kat tal\u00e1l a cookie-k t\u00edpusair\u00f3l, c\u00e9ljair\u00f3l \u00e9s a cookie-k kezel\u00e9s\u00e9hez val\u00f3 jog\u00e1r\u00f3l. 1. KI FELEL\u0150S A UKETASUPPORT.COM WEBHELYEN HASZN\u00c1LT COOKIE-K\u00c9RT? 2. MIT KELL TUDNI A COOKIE-KR\u00d3L? 3. MILYEN COOKIE-KAT HASZN\u00c1LUNK? 4. COOKIE-HOZZ\u00c1J\u00c1RUL\u00c1S 5. HOGYAN LEHET TILTANI A COOKIE-KAT? 6. \u00c9RDEKALAP\u00da REKL\u00c1MOK 7. GOOGLE ANALYTICS 8. GOOGLE reCAPCHA [&hellip;]<\/p>\n","protected":false},"author":3,"featured_media":0,"parent":0,"menu_order":0,"comment_status":"closed","ping_status":"closed","template":"elementor_header_footer","meta":{"footnotes":""},"class_list":["post-9091","page","type-page","status-publish","hentry"],"aioseo_notices":[],"_links":{"self":[{"href":"https:\/\/govisaglobal.com\/hu\/wp-json\/wp\/v2\/pages\/9091","targetHints":{"allow":["GET"]}}],"collection":[{"href":"https:\/\/govisaglobal.com\/hu\/wp-json\/wp\/v2\/pages"}],"about":[{"href":"https:\/\/govisaglobal.com\/hu\/wp-json\/wp\/v2\/types\/page"}],"author":[{"embeddable":true,"href":"https:\/\/govisaglobal.com\/hu\/wp-json\/wp\/v2\/users\/3"}],"replies":[{"embeddable":true,"href":"https:\/\/govisaglobal.com\/hu\/wp-json\/wp\/v2\/comments?post=9091"}],"version-history":[{"count":4,"href":"https:\/\/govisaglobal.com\/hu\/wp-json\/wp\/v2\/pages\/9091\/revisions"}],"predecessor-version":[{"id":12500,"href":"https:\/\/govisaglobal.com\/hu\/wp-json\/wp\/v2\/pages\/9091\/revisions\/12500"}],"wp:attachment":[{"href":"https:\/\/govisaglobal.com\/hu\/wp-json\/wp\/v2\/media?parent=9091"}],"curies":[{"name":"wp","href":"https:\/\/api.w.org\/{rel}","templated":true}]}}