{"id":6414,"date":"2025-06-21T06:03:29","date_gmt":"2025-06-21T06:03:29","guid":{"rendered":"https:\/\/govisaglobal.com\/politica-dei-cookie\/"},"modified":"2025-07-13T18:47:04","modified_gmt":"2025-07-13T18:47:04","slug":"politica-dei-cookie","status":"publish","type":"page","link":"https:\/\/govisaglobal.com\/it\/politica-dei-cookie\/","title":{"rendered":"Politica dei cookie"},"content":{"rendered":"\t\t<div data-elementor-type=\"wp-page\" data-elementor-id=\"6414\" class=\"elementor elementor-6414 elementor-1742\" data-elementor-post-type=\"page\">\n\t\t\t\t<div class=\"elementor-element elementor-element-6005376 e-flex e-con-boxed e-con e-parent\" data-id=\"6005376\" data-element_type=\"container\" data-e-type=\"container\">\n\t\t\t\t\t<div class=\"e-con-inner\">\n\t\t<div class=\"elementor-element elementor-element-1b6ff59 e-con-full e-flex e-con e-child\" data-id=\"1b6ff59\" data-element_type=\"container\" data-e-type=\"container\">\n\t\t<div class=\"elementor-element elementor-element-9a256bc e-con-full e-flex e-con e-child\" data-id=\"9a256bc\" data-element_type=\"container\" data-e-type=\"container\" data-settings=\"{&quot;background_background&quot;:&quot;classic&quot;}\">\n\t\t\t\t<div class=\"elementor-element elementor-element-2b6ce32 elementor-widget elementor-widget-post-info\" data-id=\"2b6ce32\" data-element_type=\"widget\" data-e-type=\"widget\" data-widget_type=\"post-info.default\">\n\t\t\t\t<div class=\"elementor-widget-container\">\n\t\t\t\t\t\t\t<ul class=\"elementor-inline-items elementor-icon-list-items elementor-post-info\">\n\t\t\t\t\t\t\t\t<li class=\"elementor-icon-list-item elementor-repeater-item-40ac0bb elementor-inline-item\">\n\t\t\t\t\t\t\t\t\t\t\t\t\t<span class=\"elementor-icon-list-text elementor-post-info__item elementor-post-info__item--type-custom\">\n\t\t\t\t\t\t\t\t\t\tUltimo aggiornamento: 13 Luglio 2025\t\t\t\t\t<\/span>\n\t\t\t\t\t\t\t\t<\/li>\n\t\t\t\t<\/ul>\n\t\t\t\t\t\t<\/div>\n\t\t\t\t<\/div>\n\t\t\t\t<div class=\"elementor-element elementor-element-479a149 elementor-widget elementor-widget-spacer\" data-id=\"479a149\" data-element_type=\"widget\" data-e-type=\"widget\" data-widget_type=\"spacer.default\">\n\t\t\t\t<div class=\"elementor-widget-container\">\n\t\t\t\t\t\t\t<div class=\"elementor-spacer\">\n\t\t\t<div class=\"elementor-spacer-inner\"><\/div>\n\t\t<\/div>\n\t\t\t\t\t\t<\/div>\n\t\t\t\t<\/div>\n\t\t\t\t<div class=\"elementor-element elementor-element-08b9d0c elementor-widget elementor-widget-text-editor\" data-id=\"08b9d0c\" data-element_type=\"widget\" data-e-type=\"widget\" data-widget_type=\"text-editor.default\">\n\t\t\t\t<div class=\"elementor-widget-container\">\n\t\t\t\t\t\t\t\t\t<p><em>Su questo sito web utilizziamo i cookie. Di seguito, puoi trovare informazioni dettagliate sui tipi di nostri cookie, le loro finalit\u00e0 e il tuo diritto di gestire i cookie. <\/em><\/p>\t\t\t\t\t\t\t\t<\/div>\n\t\t\t\t<\/div>\n\t\t\t\t<div class=\"elementor-element elementor-element-d964092 elementor-widget-mobile__width-inherit elementor-widget elementor-widget-text-editor\" data-id=\"d964092\" data-element_type=\"widget\" data-e-type=\"widget\" data-widget_type=\"text-editor.default\">\n\t\t\t\t<div class=\"elementor-widget-container\">\n\t\t\t\t\t\t\t\t\t<p>1. CHI \u00c8 RESPONSABILE DEI COOKIE SU UKETASUPPORT.COM?<\/p><p>2. COSA DOVREBBE SAPERE SUI COOKIE?<\/p><p>3. QUALI COOKIE UTILIZZIAMO?<\/p><p>4. CONSENSO AI COOKIE<\/p><p>5. COME DISATTIVARE I COOKIE?<\/p><p>6. PUBBLICIT\u00c0 BASATA SUGLI INTERESSI<\/p><p>7. GOOGLE ANALYTICS<\/p><p>8. GOOGLE reCAPCHA<\/p><p>9. FACEBOOK CUSTOM AUDIENCE<\/p><p>10. CONTATTI<\/p><p><a name=\"_Toc\"><\/a><strong>1. CHI \u00c8 RESPONSABILE DEI COOKIE SU UKETASUPPORT.COM?<\/strong><\/p><p>Il titolare del trattamento dei dati personali attraverso il sito web <a href=\"https:\/\/govisaglobal.com\">https:\/\/govisaglobal.com<\/a>, i nomi di dominio correlati, il software e i servizi (collettivamente, \u201c<strong>uketasupport.com<\/strong>\u201d), compreso l&#8217;inserimento di cookie di prima parte, \u00e8 TRAVEL MUNDO \u2013 FZCO con licenza n. 28833 (\u201c<strong>noi<\/strong>\u201d, \u201c<strong>ci<\/strong>\u201d o \u201c<strong>nostro<\/strong>\u201d).<\/p><p><a name=\"_Toc1\"><\/a><strong>2. COSA DOVETE SAPERE SUI COOKIE?<\/strong><\/p><p>Un cookie \u00e8 un piccolo file di dati composto in genere da lettere e numeri. Quando visitate un sito web, tale sito pu\u00f2 inviare un cookie al vostro browser. Successivamente, il browser pu\u00f2 memorizzare il cookie sul vostro computer o dispositivo mobile per un certo periodo di tempo (la data di scadenza del cookie dipende dal tipo di cookie). I cookie vengono utilizzati per riconoscere il tuo dispositivo e raccogliere determinate informazioni sul tuo utilizzo dei siti web. In questo modo, nel tempo, i cookie consentono ai siti web di \u201cricordare\u201d le tue azioni e preferenze. Esistono diversi tipi di cookie, ovvero (i) cookie persistenti, che rimangono validi fino a quando non vengono cancellati dall&#8217;utente, (ii) cookie che rimangono validi fino alla loro data di scadenza e (iii) cookie di sessione che vengono memorizzati su un browser web e rimangono validi fino al momento della chiusura del browser. I cookie possono anche essere (i) cookie di prima parte (impostati dal sito web originale stesso) e (ii) cookie di terze parti (inseriti da siti web di terze parti).<\/p><p><a name=\"_Toc2\"><\/a><strong>3. QUALI COOKIE UTILIZZIAMO?<\/strong><\/p><p>Su uketasupport.com possiamo utilizzare diversi tipi di cookie, tra cui:<\/p><ul><li><strong>Cookie tecnici essenziali <\/strong>strettamente necessari per garantire il corretto funzionamento di uketasupport.com e fornire i servizi da te richiesti;<\/li><li><strong>Cookie di preferenza<\/strong> che ci consentono di salvare e conservare le tue preferenze;<\/li><li><strong>Cookie di marketing<\/strong> che ci consentono di creare, implementare ed esaminare le nostre campagne di marketing. Tali cookie ci consentono di raggiungere i clienti giusti, analizzare la produttivit\u00e0 delle nostre campagne di marketing e offrirti pubblicit\u00e0 personalizzata; e<\/li><li><strong>Cookie statistici<\/strong> che ci consentono di generare report statistici sull&#8217;utilizzo di uketasupport.com da parte dell&#8217;utente.<\/li><\/ul><p><a name=\"_Toc3\"><\/a><strong>4. CONSENSO ALL&#8217;UTILIZZO DEI COOKIE<\/strong><\/p><p>Quando l&#8217;utente visita uketasupport.com, gli verr\u00e0 chiesto di fornire il proprio consenso all&#8217;utilizzo di tutti i cookie tramite un banner di consenso ai cookie. Se non fornisci il tuo consenso esplicito, non ti forniremo i nostri cookie non essenziali (statistici e di marketing). Ti preghiamo di notare che potremmo non essere in grado di fornirti la migliore esperienza utente possibile su uketasupport.com se non tutti i cookie sono abilitati.<\/p><p><a name=\"_Toc4\"><\/a><strong>5. COME DISABILITARE I COOKIE?<\/strong><\/p><p>Quando ti chiediamo di fornire il tuo consenso all&#8217;uso dei cookie non essenziali, hai la libert\u00e0 di non fornirlo. Se desideri rifiutare il nostro uso dei cookie non essenziali in un secondo momento, puoi farlo in qualsiasi momento rifiutando i cookie nel tuo browser o dispositivo. Per ulteriori informazioni, puoi consultare le istruzioni di gestione dei cookie del tuo browser:<\/p><ul><li><strong>Apple Safari:<\/strong> <a href=\"https:\/\/support.apple.com\/en-gb\/guide\/safari\/manage-cookies-and-website-data-sfri11471\/mac\">https:\/\/support.apple.com\/en-gb\/guide\/safari\/manage-cookies-and-website-data-sfri11471\/mac<\/a><\/li><li><strong>Google Chrome: <\/strong><a href=\"https:\/\/support.google.com\/chrome\/answer\/95647\">https:\/\/support.google.com\/chrome\/answer\/95647<\/a><\/li><li><strong>Firefox:<\/strong> <a href=\"https:\/\/support.mozilla.org\/en-US\/kb\/enable-and-disable-cookies-website-preferences\">https:\/\/support.mozilla.org\/en-US\/kb\/enable-and-disable-cookies-website-preferences<\/a><\/li><li><strong>Opera:<\/strong> <a href=\"https:\/\/blogs.opera.com\/news\/2015\/08\/how-to-manage-cookies-in-opera\/\">https:\/\/blogs.opera.com\/news\/2015\/08\/how-to-manage-cookies-in-opera\/<\/a><\/li><li><strong>Microsoft Edge:<\/strong> <a href=\"https:\/\/support.microsoft.com\/en-us\/help\/4468242\/microsoft-edge-browsing-data-and-privacy-microsoft-privacy\">https:\/\/support.microsoft.com\/en-us\/help\/4468242\/microsoft-edge-browsing-data-and-privacy-microsoft-privacy<\/a><\/li><\/ul><p><a name=\"_Toc5\"><\/a><strong>6. PUBBLICIT\u00c0 BASATA SUGLI INTERESSI<\/strong><\/p><p>\u00c8 possibile che vengano visualizzati annunci pubblicitari mirati in base all&#8217;utilizzo di uketasupport.com e di altri siti web su Internet. Se necessario, chiederemo il consenso dell&#8217;utente. Puoi controllare la modalit\u00e0 di visualizzazione di tali annunci pubblicitari o disattivare la pubblicit\u00e0 mirata consultando la guida fornita dalla Digital Advertising Alliance disponibile all&#8217;indirizzo https:\/\/youradchoices.com. Per ulteriori informazioni sulla disattivazione delle funzionalit\u00e0 pubblicitarie sul tuo dispositivo, visita <a href=\"https:\/\/www.networkadvertising.org\/\">https:\/\/www.networkadvertising.org<\/a> .<\/p><p><a name=\"_Toc6\"><\/a><strong>7. GOOGLE ANALYTICS<\/strong><\/p><p>Utilizziamo Google Analytics, un servizio di analisi web fornito da Google LLC con sede in 1600 Amphitheatre Parkway, Mountain View, CA 94043, USA (\u201c<strong>Google<\/strong>\u201d). Google genera informazioni statistiche tramite cookie e crea report sull&#8217;utilizzo di uketasupport.com da parte dell&#8217;utente. I cookie utilizzati da Google sono cookie anonimi di prima parte che non ci consentono di identificare l&#8217;utente in alcun modo. Le informazioni generate dai cookie saranno trasmesse e archiviate da Google su server situati negli Stati Uniti. Per garantire la tua privacy, il tuo indirizzo IP sar\u00e0 reso anonimo e Google non assocer\u00e0 il tuo indirizzo IP ad altre informazioni in suo possesso. Pertanto, Google non sar\u00e0 in grado di identificarti. In alcuni casi (ad esempio, quando richiesto dalla legge o quando terze parti forniscono servizi per conto di Google), Google pu\u00f2 trasferire le informazioni a terzi. Per ulteriori informazioni sulle pratiche di Google Analytics in materia di privacy, visitare il sito <a href=\"https:\/\/support.google.com\/analytics\/answer\/6004245\">https:\/\/support.google.com\/analytics\/answer\/6004245<\/a>. Se desideri disattivare Google Analytics, puoi farlo installando un componente aggiuntivo del browser per la disattivazione di Google Analytics disponibile all&#8217;indirizzo <a href=\"https:\/\/tools.google.com\/dlpage\/gaoptout?hl=en\">https:\/\/tools.google.com\/dlpage\/gaoptout?hl=en<\/a>.<\/p><p><a name=\"_Toc7\"><\/a><strong>8. GOOGLE reCAPCHA<\/strong><\/p><p>Utilizziamo reCAPCHA, il servizio fornito da Google, per verificare che tu sia un essere umano e non un robot. Questo aiuta a proteggere uketasupport.com da spam e abusi. L&#8217;analisi reCAPTCHA avviene in background. Quando utilizzi reCAPTCHA, Google raccoglie alcuni dati personali e non personali, quali:<\/p><ul><li>Tutti i cookie impostati sul tuo browser da Google negli ultimi 6 mesi;<\/li><li>Informazioni sui clic del mouse;<\/li><li>Informazioni CSS;<\/li><li>Data;<\/li><li>Lingua del browser;<\/li><li>Eventuali plug-in installati nel browser; e<\/li><li>Oggetti Javascript.<\/li><\/ul><p>I dati sopra menzionati saranno inviati a Google con sede negli Stati Uniti. Abbiamo un interesse legittimo a proteggere uketasupport.com da crawling automatico abusivo e spam. Per ulteriori informazioni su Google reCAPTCHA e sulla politica sulla privacy di Google, visitare i seguenti link: <a href=\"https:\/\/www.google.com\/intl\/de\/policies\/privacy\/\">https:\/\/www.google.com\/intl\/de\/policies\/privacy\/<\/a> e <a href=\"https:\/\/www.google.com\/recaptcha\/intro\/v3.html\">https:\/\/www.google.com\/recaptcha\/intro\/v3.html<\/a> .<\/p><p><a name=\"_Toc8\"><\/a><strong>9. FACEBOOK CUSTOM AUDIENCE<\/strong><\/p><p>Utilizziamo Facebook Custom Audience e Remarketing. Si tratta di un servizio di remarketing e targeting comportamentale fornito da Meta Platforms, Inc. con sede negli Stati Uniti, che collega la tua attivit\u00e0 su uketasupport.com con la rete pubblicitaria di Facebook. Le informazioni che possono essere raccolte su di te sono i tuoi dati relativi ai cookie e il tuo indirizzo e-mail. Se necessario, chiederemo il tuo consenso per l&#8217;utilizzo di questo strumento o dei cookie ad esso correlati. L&#8217;uso di questo strumento ci consente di visualizzare annunci pubblicitari basati sugli interessi dell&#8217;utente quando visita il social network Facebook o altri siti web che utilizzano questo strumento. In questo modo, l&#8217;utente pu\u00f2 vedere annunci pubblicitari che potrebbero essere rilevanti o interessanti per lui. \u00c8 possibile disattivare la visualizzazione di tali annunci pubblicitari modificando le impostazioni dei cookie. Inoltre, si prega di fare riferimento alla sezione 6 della presente politica sui cookie per i link che forniscono ulteriori informazioni sul controllo della pubblicit\u00e0 basata sugli interessi.<\/p><p><a name=\"_Toc9\"><\/a><strong>10. CONTATTI<\/strong><\/p><p>In caso di domande sulla presente politica sui cookie o sulle nostre pratiche in materia di protezione dei dati, contattaci utilizzando i seguenti recapiti:<\/p><p><strong>E-mail: <\/strong><a href=\"mailto:info@uketasupport.com\">info@uketasupport.com<\/a><\/p>\t\t\t\t\t\t\t\t<\/div>\n\t\t\t\t<\/div>\n\t\t\t\t<\/div>\n\t\t\t\t<\/div>\n\t\t\t\t\t<\/div>\n\t\t\t\t<\/div>\n\t\t\t\t<\/div>\n\t\t","protected":false},"excerpt":{"rendered":"<p>Su questo sito web utilizziamo i cookie. Di seguito, puoi trovare informazioni dettagliate sui tipi di nostri cookie, le loro finalit\u00e0 e il tuo diritto di gestire i cookie. 1. CHI \u00c8 RESPONSABILE DEI COOKIE SU UKETASUPPORT.COM? 2. COSA DOVREBBE SAPERE SUI COOKIE? 3. QUALI COOKIE UTILIZZIAMO? 4. CONSENSO AI COOKIE 5. COME DISATTIVARE I [&hellip;]<\/p>\n","protected":false},"author":3,"featured_media":0,"parent":0,"menu_order":0,"comment_status":"closed","ping_status":"closed","template":"elementor_header_footer","meta":{"footnotes":""},"class_list":["post-6414","page","type-page","status-publish","hentry"],"aioseo_notices":[],"_links":{"self":[{"href":"https:\/\/govisaglobal.com\/it\/wp-json\/wp\/v2\/pages\/6414","targetHints":{"allow":["GET"]}}],"collection":[{"href":"https:\/\/govisaglobal.com\/it\/wp-json\/wp\/v2\/pages"}],"about":[{"href":"https:\/\/govisaglobal.com\/it\/wp-json\/wp\/v2\/types\/page"}],"author":[{"embeddable":true,"href":"https:\/\/govisaglobal.com\/it\/wp-json\/wp\/v2\/users\/3"}],"replies":[{"embeddable":true,"href":"https:\/\/govisaglobal.com\/it\/wp-json\/wp\/v2\/comments?post=6414"}],"version-history":[{"count":4,"href":"https:\/\/govisaglobal.com\/it\/wp-json\/wp\/v2\/pages\/6414\/revisions"}],"predecessor-version":[{"id":12494,"href":"https:\/\/govisaglobal.com\/it\/wp-json\/wp\/v2\/pages\/6414\/revisions\/12494"}],"wp:attachment":[{"href":"https:\/\/govisaglobal.com\/it\/wp-json\/wp\/v2\/media?parent=6414"}],"curies":[{"name":"wp","href":"https:\/\/api.w.org\/{rel}","templated":true}]}}