{"id":11088,"date":"2025-06-21T06:03:29","date_gmt":"2025-06-21T06:03:29","guid":{"rendered":"https:\/\/govisaglobal.com\/sikdatnu-politika\/"},"modified":"2025-07-08T11:24:19","modified_gmt":"2025-07-08T11:24:19","slug":"sikdatnu-politika","status":"publish","type":"page","link":"https:\/\/govisaglobal.com\/lv\/sikdatnu-politika\/","title":{"rendered":"S\u012bkdat\u0146u politika"},"content":{"rendered":"\t\t<div data-elementor-type=\"wp-page\" data-elementor-id=\"11088\" class=\"elementor elementor-11088 elementor-1742\" data-elementor-post-type=\"page\">\n\t\t\t\t<div class=\"elementor-element elementor-element-6005376 e-flex e-con-boxed e-con e-parent\" data-id=\"6005376\" data-element_type=\"container\" data-e-type=\"container\">\n\t\t\t\t\t<div class=\"e-con-inner\">\n\t\t<div class=\"elementor-element elementor-element-1b6ff59 e-con-full e-flex e-con e-child\" data-id=\"1b6ff59\" data-element_type=\"container\" data-e-type=\"container\">\n\t\t<div class=\"elementor-element elementor-element-9a256bc e-con-full e-flex e-con e-child\" data-id=\"9a256bc\" data-element_type=\"container\" data-e-type=\"container\" data-settings=\"{&quot;background_background&quot;:&quot;classic&quot;}\">\n\t\t\t\t<div class=\"elementor-element elementor-element-2b6ce32 elementor-widget elementor-widget-post-info\" data-id=\"2b6ce32\" data-element_type=\"widget\" data-e-type=\"widget\" data-widget_type=\"post-info.default\">\n\t\t\t\t<div class=\"elementor-widget-container\">\n\t\t\t\t\t\t\t<ul class=\"elementor-inline-items elementor-icon-list-items elementor-post-info\">\n\t\t\t\t\t\t\t\t<li class=\"elementor-icon-list-item elementor-repeater-item-40ac0bb elementor-inline-item\">\n\t\t\t\t\t\t\t\t\t\t\t\t\t<span class=\"elementor-icon-list-text elementor-post-info__item elementor-post-info__item--type-custom\">\n\t\t\t\t\t\t\t\t\t\tP\u0113d\u0113joreiz atjaunin\u0101ts: 8 July 2025\t\t\t\t\t<\/span>\n\t\t\t\t\t\t\t\t<\/li>\n\t\t\t\t<\/ul>\n\t\t\t\t\t\t<\/div>\n\t\t\t\t<\/div>\n\t\t\t\t<div class=\"elementor-element elementor-element-479a149 elementor-widget elementor-widget-spacer\" data-id=\"479a149\" data-element_type=\"widget\" data-e-type=\"widget\" data-widget_type=\"spacer.default\">\n\t\t\t\t<div class=\"elementor-widget-container\">\n\t\t\t\t\t\t\t<div class=\"elementor-spacer\">\n\t\t\t<div class=\"elementor-spacer-inner\"><\/div>\n\t\t<\/div>\n\t\t\t\t\t\t<\/div>\n\t\t\t\t<\/div>\n\t\t\t\t<div class=\"elementor-element elementor-element-08b9d0c elementor-widget elementor-widget-text-editor\" data-id=\"08b9d0c\" data-element_type=\"widget\" data-e-type=\"widget\" data-widget_type=\"text-editor.default\">\n\t\t\t\t<div class=\"elementor-widget-container\">\n\t\t\t\t\t\t\t\t\t<p><em>\u0160aj\u0101 vietn\u0113 m\u0113s izmantojam s\u012bkdatnes. Zem\u0101k j\u016bs varat atrast detaliz\u0113tu inform\u0101ciju par m\u016bsu s\u012bkdat\u0146u veidiem, to m\u0113r\u0137iem un j\u016bsu ties\u012bb\u0101m p\u0101rvald\u012bt s\u012bkdatnes. <\/em><\/p>\t\t\t\t\t\t\t\t<\/div>\n\t\t\t\t<\/div>\n\t\t\t\t<div class=\"elementor-element elementor-element-d964092 elementor-widget-mobile__width-inherit elementor-widget elementor-widget-text-editor\" data-id=\"d964092\" data-element_type=\"widget\" data-e-type=\"widget\" data-widget_type=\"text-editor.default\">\n\t\t\t\t<div class=\"elementor-widget-container\">\n\t\t\t\t\t\t\t\t\t<p>1. KAS IR ATBILD\u012aGS PAR S\u012aKDATN\u0112M UKETA.COM?<\/p><p>2. KAS JUMS J\u0100ZINA PAR S\u012aKDATN\u0112M?<\/p><p>3. K\u0100DAS S\u012aKDATNES M\u0112S IZMANTOJAM?<\/p><p>4. S\u012aKDAT\u0145U PIEKRI\u0160ANA<\/p><p>5. K\u0100 ATSP\u0112JOT S\u012aKDATNES?<\/p><p>6. UZ INTERES\u0112M BALST\u012aTA REKL\u0100MA<\/p><p>7. GOOGLE ANALYTICS<\/p><p>8. GOOGLE RECAPCHA<\/p><p>9. FACEBOOK PIEL\u0100GOT\u0100 AUDITORIJA<\/p><p>10. KONTAKTI<\/p><p><a name=\"_Toc\"><\/a><strong>1. KAS IR ATBILD\u012aGS PAR S\u012aKDATN\u0112M UKETA.COM?<\/strong><\/p><p>Datu p\u0101rzinis, kas ir atbild\u012bgs par personas datu apstr\u0101di, izmantojot t\u012bmek\u013ca vietnes t\u012bmek\u013ca vietni <a href=\"https:\/\/govisaglobal.com\/lv\/\">https:\/\/govisaglobal.com<\/a>, saist\u012btos dom\u0113nu nosaukumus, programmat\u016bru un pakalpojumus (kop\u0101 &#8220;<strong>uketa.com<\/strong>&#8220;), tostarp pirm\u0101s puses s\u012bkdat\u0146u ievieto\u0161anu, ir YOYO TRAVELS, kura re\u0123istr\u0113ta uz\u0146\u0113m\u0113jdarb\u012bbas vieta ir Office 1201, Nassima Tower, Sheikh Zayed Road, Dubaija, Apvienotie Ar\u0101bu Emir\u0101ti, un licences Nr. 916968 (&#8220;<strong>m\u0113s<\/strong>, &#8221; &#8220;<strong>m\u0113s<\/strong>&#8221; vai &#8220;<strong>m\u016bsu<\/strong>&#8220;).<\/p><p> <\/p><p><a name=\"_Toc1\"><\/a><strong>2. KAS JUMS J\u0100ZINA PAR S\u012aKDATN\u0112M?<\/strong><\/p><p>S\u012bkdatne ir neliels datu gabals, kas parasti sast\u0101v no burtiem un cipariem. Kad j\u016bs apmekl\u0113jat t\u012bmek\u013ca vietni, \u0161\u012b vietne var nos\u016bt\u012bt s\u012bkfailu uz j\u016bsu p\u0101rl\u016bkprogrammu. P\u0113c tam p\u0101rl\u016bkprogramma k\u0101du laiku var saglab\u0101t s\u012bkfailu j\u016bsu dator\u0101 vai mobilaj\u0101 ier\u012bc\u0113 (s\u012bkdat\u0146u der\u012bguma termi\u0146\u0161 ir atkar\u012bgs no t\u0101 veida). S\u012bkdatnes tiek izmantotas, lai atpaz\u012btu j\u016bsu ier\u012bci un apkopotu noteiktu inform\u0101ciju par t\u012bmek\u013ca viet\u0146u izmanto\u0161anu. T\u0101d\u0113j\u0101di laika gait\u0101 s\u012bkdatnes \u013cauj vietn\u0113m &#8220;atcer\u0113ties&#8221; j\u016bsu darb\u012bbas un preferences. Ir vair\u0101ki s\u012bkdat\u0146u veidi, proti, (i) past\u0101v\u012bg\u0101s s\u012bkdatnes, kas paliek der\u012bgas l\u012bdz br\u012bdim, kad j\u016bs izdz\u0113\u0161at, (ii) s\u012bkdatnes, kas paliek der\u012bgas l\u012bdz to der\u012bguma termi\u0146am, un (iii) sesijas s\u012bkdatnes, kas tiek saglab\u0101tas t\u012bmek\u013ca p\u0101rl\u016bkprogramm\u0101 un paliek der\u012bgas l\u012bdz br\u012bdim, kad p\u0101rl\u016bkprogramma tiek aizv\u0113rta. S\u012bkdatnes var b\u016bt ar\u012b (i) pirm\u0101s puses s\u012bkdatnes (iestat\u012btas pati s\u0101kotn\u0113j\u0101 t\u012bmek\u013ca vietne) un (ii) tre\u0161o pu\u0161u s\u012bkdatnes (ievietotas tre\u0161o pu\u0161u t\u012bmek\u013ca vietn\u0113s).           <\/p><p> <\/p><p><a name=\"_Toc2\"><\/a><strong>3. K\u0100DAS S\u012aKDATNES M\u0112S IZMANTOJAM?<\/strong><\/p><p>M\u0113s varam izmantot da\u017e\u0101da veida s\u012bkdatnes uketa.com, tostarp:<\/p><ul><li><strong>B\u016btiskas tehnisk\u0101s s\u012bkdatnes <\/strong>, kas ir absol\u016bti nepiecie\u0161amas, lai nodro\u0161in\u0101tu pareizu uketa.com darb\u012bbu un sniegtu J\u016bsu piepras\u012btos pakalpojumus;<\/li><li><strong>Preferen\u010du s\u012bkdatnes<\/strong> , kas \u013cauj mums saglab\u0101t un saglab\u0101t j\u016bsu preferences;<\/li><li><strong>M\u0101rketinga s\u012bkdatnes<\/strong> , kas \u013cauj mums izveidot, \u012bstenot un p\u0101rbaud\u012bt m\u016bsu m\u0101rketinga kampa\u0146as. \u0160\u0101das s\u012bkdatnes \u013cauj mums sasniegt pareizos klientus, analiz\u0113t m\u016bsu m\u0101rketinga kampa\u0146u produktivit\u0101ti un pied\u0101v\u0101t jums personaliz\u0113tu rekl\u0101mu; un <\/li><li><strong>Statistikas s\u012bkdatnes<\/strong> , kas \u013cauj mums \u0123ener\u0113t statistikas p\u0101rskatus par to, k\u0101 j\u016bs izmantojat uketa.com.<\/li><\/ul><p> <\/p><p><a name=\"_Toc3\"><\/a><strong>4. S\u012aKDAT\u0145U PIEKRI\u0160ANA<\/strong><\/p><p>Apmekl\u0113jot uketa.com, m\u0113s l\u016bgsim jums sniegt mums savu piekri\u0161anu visu s\u012bkdat\u0146u izmanto\u0161anai, izmantojot s\u012bkdat\u0146u piekri\u0161anas rekl\u0101mkarogu. Ja j\u016bs nesniegsiet savu piekri\u0161anu, m\u0113s neapkalposim jums m\u016bsu neb\u016btisk\u0101s (statistikas un m\u0101rketinga) s\u012bkdatnes. L\u016bdzu, \u0146emiet v\u0113r\u0101, ka m\u0113s, iesp\u0113jams, nevar\u0113sim nodro\u0161in\u0101t jums vislab\u0101ko iesp\u0113jamo lietot\u0101ja pieredzi uketa.com, ja ne visas s\u012bkdatnes ir iesp\u0113jotas.  <\/p><p> <\/p><p><a name=\"_Toc4\"><\/a><strong>5. K\u0100 ATSP\u0112JOT S\u012aKDATNES?<\/strong><\/p><p>Kad m\u0113s l\u016bdzam j\u016bs sniegt piekri\u0161anu neb\u016btisku s\u012bkdat\u0146u izmanto\u0161anai, jums ir br\u012bv\u012bba nesniegt \u0161\u0101du piekri\u0161anu. Ja v\u0113laties v\u0113l\u0101k atteikties no neb\u016btisku s\u012bkdat\u0146u izmanto\u0161anas, varat to izdar\u012bt jebkur\u0101 laik\u0101, noraidot s\u012bkdatnes sav\u0101 p\u0101rl\u016bkprogramm\u0101 vai ier\u012bc\u0113. Lai ieg\u016btu pla\u0161\u0101ku inform\u0101ciju, varat iepaz\u012bties ar p\u0101rl\u016bkprogrammas s\u012bkdat\u0146u p\u0101rvald\u012bbas instrukcij\u0101m:  <\/p><ul><li><strong>Apple Safari:<\/strong> <a href=\"https:\/\/support.apple.com\/en-gb\/guide\/safari\/manage-cookies-and-website-data-sfri11471\/mac\">https:\/\/support.apple.com\/en-gb\/guide\/safari\/manage-cookies-and-website-data-sfri11471\/mac<\/a><\/li><li><strong>Google Chrome: <\/strong><a href=\"https:\/\/support.google.com\/chrome\/answer\/95647\">https:\/\/support.google.com\/chrome\/answer\/95647<\/a><\/li><li><strong>Firefox:<\/strong> <a href=\"https:\/\/support.mozilla.org\/en-US\/kb\/enable-and-disable-cookies-website-preferences\">https:\/\/support.mozilla.org\/en-US\/kb\/enable-and-disable-cookies-website-preferences<\/a><\/li><li><strong>Opera:<\/strong> <a href=\"https:\/\/blogs.opera.com\/news\/2015\/08\/how-to-manage-cookies-in-opera\/\">https:\/\/blogs.opera.com\/news\/2015\/08\/how-to-manage-cookies-in-opera\/<\/a><\/li><li><strong>Microsoft Edge:<\/strong> <a href=\"https:\/\/support.microsoft.com\/en-us\/help\/4468242\/microsoft-edge-browsing-data-and-privacy-microsoft-privacy\">https:\/\/support.microsoft.com\/en-us\/help\/4468242\/microsoft-edge-browsing-data-and-privacy-microsoft-privacy<\/a><\/li><\/ul><p> <\/p><p><a name=\"_Toc5\"><\/a><strong>6. UZ INTERES\u0112M BALST\u012aTA REKL\u0100MA<\/strong><\/p><p>J\u016bs varat saskarties ar m\u0113r\u0137tiec\u012bgu interes\u0113m balst\u012btu rekl\u0101mu, kuras pamat\u0101 ir uketa.com un citu t\u012bmek\u013ca viet\u0146u izmanto\u0161ana internet\u0101. Ja nepiecie\u0161ams, m\u0113s l\u016bgsim j\u016bsu piekri\u0161anu. J\u016bs varat kontrol\u0113t, k\u0101 \u0161\u0101da rekl\u0101ma jums tiek r\u0101d\u012bta, vai atteikties no m\u0113r\u0137tiec\u012bgas rekl\u0101mas, iepaz\u012bstoties ar Digit\u0101l\u0101s rekl\u0101mas alianses rokasgr\u0101matu, kas pieejama vietn\u0113 https:\/\/youradchoices.com. Lai ieg\u016btu pla\u0161\u0101ku inform\u0101ciju par atteik\u0161anos no reklam\u0113\u0161anas funkcij\u0101m sav\u0101 ier\u012bc\u0113, l\u016bdzu, apmekl\u0113jiet <a href=\"https:\/\/www.networkadvertising.org\/\">https:\/\/www.networkadvertising.org<\/a> .  <\/p><p> <\/p><p><a name=\"_Toc6\"><\/a><strong>7. GOOGLE ANALYTICS<\/strong><\/p><p>M\u0113s izmantojam Google Analytics, t\u012bmek\u013ca anal\u012bzes pakalpojumu, ko nodro\u0161ina Google LLC, kas re\u0123istr\u0113ts 1600 Amphitheatre Parkway, Mountain View, CA 94043, ASV (&#8220;<strong>Google<\/strong>&#8220;). Google \u0123ener\u0113 statistikas inform\u0101ciju, izmantojot s\u012bkdatnes, un izveido p\u0101rskatus par to, k\u0101 j\u016bs izmantojat uketa.com. Google pied\u0101v\u0101t\u0101s s\u012bkdatnes ir anon\u012bmas pirm\u0101s puses s\u012bkdatnes, kas nek\u0101d\u0101 veid\u0101 ne\u013cauj j\u016bs identific\u0113t. S\u012bkdat\u0146u \u0123ener\u0113t\u0101 inform\u0101cija tiks p\u0101rs\u016bt\u012bta un glab\u0101ta Google serveros Amerikas Savienotaj\u0101s Valst\u012bs. Lai nodro\u0161in\u0101tu j\u016bsu konfidencialit\u0101ti, j\u016bsu IP adrese tiks anonimiz\u0113ta, un Google neapvienos j\u016bsu IP adresi ar citu inform\u0101ciju, ko Google glab\u0101 par jums. T\u0101d\u0113j\u0101di Google nevar\u0113s j\u016bs identific\u0113t. Noteiktos gad\u012bjumos (piem\u0113ram, ja to pieprasa ties\u012bbu akti vai ja tre\u0161\u0101s puses sniedz pakalpojumus Google v\u0101rd\u0101), Google var nodot inform\u0101ciju tre\u0161aj\u0101m pus\u0113m. Lai ieg\u016btu pla\u0161\u0101ku inform\u0101ciju par Google Analytics konfidencialit\u0101tes praksi, l\u016bdzu, apmekl\u0113jiet <a href=\"https:\/\/support.google.com\/analytics\/answer\/6004245\">https:\/\/support.google.com\/analytics\/answer\/6004245<\/a>. Ja v\u0113laties atteikties no Google Analytics, varat to izdar\u012bt, instal\u0113jot Google Analytics atteik\u0161an\u0101s p\u0101rl\u016bkprogrammas pievienojumprogrammu, kas pieejama <a href=\"https:\/\/tools.google.com\/dlpage\/gaoptout?hl=en\">vietn\u0113 https:\/\/tools.google.com\/dlpage\/gaoptout?hl=en<\/a>.        <\/p><p> <\/p><p><a name=\"_Toc7\"><\/a><strong>8. GOOGLE RECAPCHA<\/strong><\/p><p>M\u0113s izmantojam Google pakalpojumu reCAPCHA, lai p\u0101rbaud\u012btu, vai esat cilv\u0113ks, nevis robots. Tas pal\u012bdz aizsarg\u0101t uketa.com pret surog\u0101tpastu un \u013caunpr\u0101t\u012bgu izmanto\u0161anu. ReCAPTCHA anal\u012bze notiek fon\u0101. Kad izmantojat reCAPCHA, Google apkopos no jums da\u017eus personas un nepersondatus, piem\u0113ram:   <\/p><ul><li>Visas s\u012bkdatnes, ko Google iestat\u012bjis j\u016bsu p\u0101rl\u016bkprogramm\u0101 p\u0113d\u0113jo 6 m\u0113ne\u0161u laik\u0101;<\/li><li>Inform\u0101cija par peles klik\u0161\u0137iem;<\/li><li>CSS inform\u0101cija;<\/li><li>Datums;<\/li><li>P\u0101rl\u016bkprogrammas valoda;<\/li><li>Jebkur\u0161 p\u0101rl\u016bkprogramm\u0101 instal\u0113ts spraudnis; un<\/li><li>Javascript objekti.<\/li><\/ul><p>Iepriek\u0161 min\u0113tie dati tiks nos\u016bt\u012bti Google, kas atrodas Amerikas Savienotaj\u0101s Valst\u012bs. Mums ir le\u0123it\u012bmas intereses aizsarg\u0101t uketa.com no \u013caunpr\u0101t\u012bgas automatiz\u0113t\u0101s p\u0101rmekl\u0113\u0161anas un surog\u0101tpasta. Lai ieg\u016btu pla\u0161\u0101ku inform\u0101ciju par Google reCAPTCHA un Google konfidencialit\u0101tes politiku, l\u016bdzu, apmekl\u0113jiet \u0161\u0101das saites: <a href=\"https:\/\/www.google.com\/intl\/de\/policies\/privacy\/\">https:\/\/www.google.com\/intl\/de\/policies\/privacy\/<\/a> un <a href=\"https:\/\/www.google.com\/recaptcha\/intro\/v3.html\">https:\/\/www.google.com\/recaptcha\/intro\/v3.html<\/a> .  <\/p><p> <\/p><p><a name=\"_Toc8\"><\/a><strong>9. FACEBOOK PIEL\u0100GOT\u0100 AUDITORIJA<\/strong><\/p><p>M\u0113s izmantojam Facebook piel\u0101goto auditoriju un atk\u0101rtoto m\u0101rketingu. Tas ir atk\u0101rtota m\u0101rketinga un uzved\u012bbas m\u0113r\u0137auditorijas atlases pakalpojums, ko nodro\u0161ina Meta Platforms, Inc., kas atrodas Amerikas Savienotaj\u0101s Valst\u012bs un kas savieno j\u016bsu uketa.com darb\u012bbu ar Facebook rekl\u0101mas t\u012bklu. Inform\u0101cija, ko j\u016bs varat apkopot, ir j\u016bsu ar s\u012bkdatn\u0113m saist\u012btie dati un e-pasta adrese. Ja nepiecie\u0161ams, m\u0113s l\u016bgsim j\u016bsu piekri\u0161anu \u0161\u012b r\u012bka vai ar \u0161o r\u012bku saist\u012bto s\u012bkdat\u0146u izmanto\u0161anai. \u0160\u012b r\u012bka izmanto\u0161ana \u013cauj mums par\u0101d\u012bt uz interes\u0113m balst\u012btas rekl\u0101mas, kad j\u016bs apmekl\u0113jat soci\u0101lo t\u012bklu Facebook vai citas t\u012bmek\u013ca vietnes, kas ar\u012b izmanto \u0161o r\u012bku. T\u0101d\u0101 veid\u0101 j\u016bs varat redz\u0113t rekl\u0101mas, kas jums var b\u016bt atbilsto\u0161as vai interesantas. J\u016bs varat atteikties no \u0161\u0101das rekl\u0101mas skat\u012b\u0161anas, piel\u0101gojot s\u012bkdat\u0146u iestat\u012bjumus. L\u016bdzu, skatiet ar\u012b \u0161\u012bs s\u012bkdat\u0146u politikas 6. sada\u013cu, lai ieg\u016btu saites, kas sniedz pla\u0161\u0101ku inform\u0101ciju par interes\u0113m balst\u012btas rekl\u0101mas kontroli.       <\/p><p> <\/p><p><a name=\"_Toc9\"><\/a><strong>10. KONTAKTI<\/strong><\/p><p>Ja jums ir k\u0101di jaut\u0101jumi par \u0161o s\u012bkdat\u0146u politiku, m\u016bsu datu aizsardz\u012bbas praksi, l\u016bdzu, sazinieties ar mums, izmantojot \u0161\u0101du kontaktinform\u0101ciju:<\/p><p><strong>E-pasts: <\/strong><a href=\"mailto:info@uketa.com\">info@uketa.com<\/a><\/p><p id=\"ivhw8b\"><strong id=\"i2lz8g\" draggable=\"true\" data-highlightable=\"1\">T\u0101lru\u0146a numurs: <\/strong>+971 58 141 2863<\/p><p><strong>Pasta adrese: <\/strong>YOYO TRAVELS, Office 1201, Nassima Tower, Sheikh Zayed Road, Dubaija, Apvienotie Ar\u0101bu Emir\u0101ti<\/p>\t\t\t\t\t\t\t\t<\/div>\n\t\t\t\t<\/div>\n\t\t\t\t<\/div>\n\t\t\t\t<\/div>\n\t\t\t\t\t<\/div>\n\t\t\t\t<\/div>\n\t\t\t\t<\/div>\n\t\t","protected":false},"excerpt":{"rendered":"<p>\u0160aj\u0101 vietn\u0113 m\u0113s izmantojam s\u012bkdatnes. Zem\u0101k j\u016bs varat atrast detaliz\u0113tu inform\u0101ciju par m\u016bsu s\u012bkdat\u0146u veidiem, to m\u0113r\u0137iem un j\u016bsu ties\u012bb\u0101m p\u0101rvald\u012bt s\u012bkdatnes. 1. KAS IR ATBILD\u012aGS PAR S\u012aKDATN\u0112M UKETA.COM? 2. KAS JUMS J\u0100ZINA PAR S\u012aKDATN\u0112M? 3. K\u0100DAS S\u012aKDATNES M\u0112S IZMANTOJAM? 4. S\u012aKDAT\u0145U PIEKRI\u0160ANA 5. K\u0100 ATSP\u0112JOT S\u012aKDATNES? 6. UZ INTERES\u0112M BALST\u012aTA REKL\u0100MA 7. GOOGLE ANALYTICS [&hellip;]<\/p>\n","protected":false},"author":3,"featured_media":0,"parent":0,"menu_order":0,"comment_status":"closed","ping_status":"closed","template":"elementor_header_footer","meta":{"footnotes":""},"class_list":["post-11088","page","type-page","status-publish","hentry"],"aioseo_notices":[],"_links":{"self":[{"href":"https:\/\/govisaglobal.com\/lv\/wp-json\/wp\/v2\/pages\/11088","targetHints":{"allow":["GET"]}}],"collection":[{"href":"https:\/\/govisaglobal.com\/lv\/wp-json\/wp\/v2\/pages"}],"about":[{"href":"https:\/\/govisaglobal.com\/lv\/wp-json\/wp\/v2\/types\/page"}],"author":[{"embeddable":true,"href":"https:\/\/govisaglobal.com\/lv\/wp-json\/wp\/v2\/users\/3"}],"replies":[{"embeddable":true,"href":"https:\/\/govisaglobal.com\/lv\/wp-json\/wp\/v2\/comments?post=11088"}],"version-history":[{"count":1,"href":"https:\/\/govisaglobal.com\/lv\/wp-json\/wp\/v2\/pages\/11088\/revisions"}],"predecessor-version":[{"id":11089,"href":"https:\/\/govisaglobal.com\/lv\/wp-json\/wp\/v2\/pages\/11088\/revisions\/11089"}],"wp:attachment":[{"href":"https:\/\/govisaglobal.com\/lv\/wp-json\/wp\/v2\/media?parent=11088"}],"curies":[{"name":"wp","href":"https:\/\/api.w.org\/{rel}","templated":true}]}}