{"id":7572,"date":"2025-06-21T06:03:29","date_gmt":"2025-06-21T06:03:29","guid":{"rendered":"https:\/\/govisaglobal.com\/retningslinjer-for-informasjonskapsler\/"},"modified":"2025-07-13T18:51:08","modified_gmt":"2025-07-13T18:51:08","slug":"retningslinjer-for-informasjonskapsler","status":"publish","type":"page","link":"https:\/\/govisaglobal.com\/no\/retningslinjer-for-informasjonskapsler\/","title":{"rendered":"Retningslinjer for informasjonskapsler"},"content":{"rendered":"\t\t<div data-elementor-type=\"wp-page\" data-elementor-id=\"7572\" class=\"elementor elementor-7572 elementor-1742\" data-elementor-post-type=\"page\">\n\t\t\t\t<div class=\"elementor-element elementor-element-6005376 e-flex e-con-boxed e-con e-parent\" data-id=\"6005376\" data-element_type=\"container\" data-e-type=\"container\">\n\t\t\t\t\t<div class=\"e-con-inner\">\n\t\t<div class=\"elementor-element elementor-element-1b6ff59 e-con-full e-flex e-con e-child\" data-id=\"1b6ff59\" data-element_type=\"container\" data-e-type=\"container\">\n\t\t<div class=\"elementor-element elementor-element-9a256bc e-con-full e-flex e-con e-child\" data-id=\"9a256bc\" data-element_type=\"container\" data-e-type=\"container\" data-settings=\"{&quot;background_background&quot;:&quot;classic&quot;}\">\n\t\t\t\t<div class=\"elementor-element elementor-element-2b6ce32 elementor-widget elementor-widget-post-info\" data-id=\"2b6ce32\" data-element_type=\"widget\" data-e-type=\"widget\" data-widget_type=\"post-info.default\">\n\t\t\t\t<div class=\"elementor-widget-container\">\n\t\t\t\t\t\t\t<ul class=\"elementor-inline-items elementor-icon-list-items elementor-post-info\">\n\t\t\t\t\t\t\t\t<li class=\"elementor-icon-list-item elementor-repeater-item-40ac0bb elementor-inline-item\">\n\t\t\t\t\t\t\t\t\t\t\t\t\t<span class=\"elementor-icon-list-text elementor-post-info__item elementor-post-info__item--type-custom\">\n\t\t\t\t\t\t\t\t\t\tSist oppdatert: 13 juli 2025\t\t\t\t\t<\/span>\n\t\t\t\t\t\t\t\t<\/li>\n\t\t\t\t<\/ul>\n\t\t\t\t\t\t<\/div>\n\t\t\t\t<\/div>\n\t\t\t\t<div class=\"elementor-element elementor-element-479a149 elementor-widget elementor-widget-spacer\" data-id=\"479a149\" data-element_type=\"widget\" data-e-type=\"widget\" data-widget_type=\"spacer.default\">\n\t\t\t\t<div class=\"elementor-widget-container\">\n\t\t\t\t\t\t\t<div class=\"elementor-spacer\">\n\t\t\t<div class=\"elementor-spacer-inner\"><\/div>\n\t\t<\/div>\n\t\t\t\t\t\t<\/div>\n\t\t\t\t<\/div>\n\t\t\t\t<div class=\"elementor-element elementor-element-08b9d0c elementor-widget elementor-widget-text-editor\" data-id=\"08b9d0c\" data-element_type=\"widget\" data-e-type=\"widget\" data-widget_type=\"text-editor.default\">\n\t\t\t\t<div class=\"elementor-widget-container\">\n\t\t\t\t\t\t\t\t\t<p><em>Vi bruker informasjonskapsler (cookies) p\u00e5 dette nettstedet. Nedenfor finner du detaljert informasjon om typene informasjonskapsler v\u00e5re, deres form\u00e5l og din rett til \u00e5 administrere informasjonskapsler. <\/em><\/p>\t\t\t\t\t\t\t\t<\/div>\n\t\t\t\t<\/div>\n\t\t\t\t<div class=\"elementor-element elementor-element-d964092 elementor-widget-mobile__width-inherit elementor-widget elementor-widget-text-editor\" data-id=\"d964092\" data-element_type=\"widget\" data-e-type=\"widget\" data-widget_type=\"text-editor.default\">\n\t\t\t\t<div class=\"elementor-widget-container\">\n\t\t\t\t\t\t\t\t\t<p>1. HVEM ER ANSVARLIG FOR COOKIES P\u00c5 UKETASUPPORT.COM?<\/p><p>2. HVA B\u00d8R DU VITE OM COOKIES?<\/p><p>3. HVA SLAGS COOKIES BRUKER VI?<\/p><p>4. SAMTYKKE TIL COOKIES<\/p><p>5. HVORDAN DEAKTIVERER DU COOKIES?<\/p><p>6. INTERESSEBASERT ANNONSERING<\/p><p>7. GOOGLE ANALYTICS<\/p><p>8. GOOGLE reCAPCHA<\/p><p>9. FACEBOOK CUSTOM AUDIENCE<\/p><p>10. KONTAKT<\/p><p><a name=\"_Toc\"><\/a><strong>1. HVEM ER ANSVARLIG FOR COOKIES P\u00c5 UKETASUPPORT.COM?<\/strong><\/p><p>Den behandlingsansvarlige som er ansvarlig for behandlingen av personopplysninger gjennom nettstedet <a href=\"https:\/\/govisaglobal.com\">https:\/\/govisaglobal.com<\/a>, relaterte domenenavn, programvare og tjenester (samlet kalt \u00ab<strong>uketasupport.com<\/strong>\u00bb), inkludert plassering av f\u00f8rsteparts informasjonskapsler, er TRAVEL MUNDO \u2013 FZCO med lisensnummer 28833 (\u00ab<strong>vi<\/strong>\u00bb, \u00ab<strong>oss<\/strong>\u00bb eller \u00ab<strong>v\u00e5r<\/strong>\u00bb).<\/p><p><a name=\"_Toc1\"><\/a><strong>2. HVA B\u00d8R DU VITE OM COOKIES?<\/strong><\/p><p>En cookie er en liten datafil som vanligvis best\u00e5r av bokstaver og tall. N\u00e5r du bes\u00f8ker et nettsted, kan det nettstedet sende en cookie til nettleseren din. Deretter kan nettleseren lagre cookien p\u00e5 datamaskinen eller mobilenheten din i en viss tid (cookiens utl\u00f8psdato avhenger av typen). Informasjonskapsler brukes til \u00e5 gjenkjenne enheten din og samle inn visse opplysninger om din bruk av nettsteder. Over tid gj\u00f8r informasjonskapsler det mulig for nettsteder \u00e5 \u00abhuske\u00bb dine handlinger og preferanser. Det finnes flere typer informasjonskapsler, nemlig (i) permanente informasjonskapsler, som forblir gyldige inntil du sletter dem, (ii) informasjonskapsler som forblir gyldige inntil utl\u00f8psdatoen, og (iii) \u00f8ktinformasjonskapsler som lagres i en nettleser og forblir gyldige inntil nettleseren lukkes. Informasjonskapsler kan ogs\u00e5 v\u00e6re (i) f\u00f8rsteparts informasjonskapsler (satt av det opprinnelige nettstedet selv) og (ii) tredjeparts informasjonskapsler (plassert av tredjeparts nettsteder).<\/p><p><a name=\"_Toc2\"><\/a><strong>3. HVA SLAGS COOKIES BRUKER VI?<\/strong><\/p><p>Vi kan bruke forskjellige typer cookies p\u00e5 uketasupport.com, inkludert:<\/p><ul><li><strong>N\u00f8dvendige tekniske cookies <\/strong>som er strengt n\u00f8dvendige for \u00e5 sikre at uketasupport.com fungerer korrekt og for \u00e5 levere de tjenestene du har bedt om;<\/li><li><strong>Preferanseinformasjonskapsler<\/strong> som lar oss lagre og bevare dine preferanser;<\/li><li><strong>Markedsf\u00f8ringsinformasjonskapsler<\/strong> som lar oss opprette, implementere og unders\u00f8ke v\u00e5re markedsf\u00f8ringskampanjer. Slike informasjonskapsler lar oss n\u00e5 de riktige kundene, analysere produktiviteten til v\u00e5re markedsf\u00f8ringskampanjer og tilby deg personlig tilpasset reklame; og<\/li><li><strong>Statistikk-informasjonskapsler<\/strong> som gj\u00f8r det mulig for oss \u00e5 generere statistiske rapporter om hvordan du bruker uketasupport.com.<\/li><\/ul><p><a name=\"_Toc3\"><\/a><strong>4. SAMTYKKE TIL INFORMASJONSKAPSLER<\/strong><\/p><p>N\u00e5r du bes\u00f8ker uketasupport.com, vil vi be deg om \u00e5 gi oss ditt samtykke til v\u00e5r bruk av alle informasjonskapsler via et banner for samtykke til informasjonskapsler. Hvis du ikke gir ditt samtykke, vil vi ikke bruke v\u00e5re ikke-essensielle informasjonskapsler (statistikk og markedsf\u00f8ring). V\u00e6r oppmerksom p\u00e5 at vi kanskje ikke kan gi deg den beste brukeropplevelsen p\u00e5 uketasupport.com hvis ikke alle informasjonskapsler er aktivert.<\/p><p><a name=\"_Toc4\"><\/a><strong>5. HVORDAN DEAKTIVERER DU INFORMASJONSKAPSLER?<\/strong><\/p><p>N\u00e5r vi ber deg om \u00e5 gi ditt samtykke til v\u00e5r bruk av ikke-n\u00f8dvendige informasjonskapsler, har du frihet til \u00e5 ikke gi slikt samtykke. Hvis du senere \u00f8nsker \u00e5 nekte v\u00e5r bruk av ikke-n\u00f8dvendige informasjonskapsler, kan du gj\u00f8re det n\u00e5r som helst ved \u00e5 avvise informasjonskapsler i nettleseren eller enheten din. For mer informasjon kan du se instruksjonene for h\u00e5ndtering av informasjonskapsler i nettleseren din:<\/p><ul><li><strong>Apple Safari:<\/strong> <a href=\"https:\/\/support.apple.com\/en-gb\/guide\/safari\/manage-cookies-and-website-data-sfri11471\/mac\">https:\/\/support.apple.com\/en-gb\/guide\/safari\/manage-cookies-and-website-data-sfri11471\/mac<\/a><\/li><li><strong>Google Chrome: <\/strong><a href=\"https:\/\/support.google.com\/chrome\/answer\/95647\">https:\/\/support.google.com\/chrome\/answer\/95647<\/a><\/li><li><strong>Firefox:<\/strong> <a href=\"https:\/\/support.mozilla.org\/en-US\/kb\/enable-and-disable-cookies-website-preferences\">https:\/\/support.mozilla.org\/en-US\/kb\/enable-and-disable-cookies-website-preferences<\/a><\/li><li><strong>Opera:<\/strong> <a href=\"https:\/\/blogs.opera.com\/news\/2015\/08\/how-to-manage-cookies-in-opera\/\">https:\/\/blogs.opera.com\/news\/2015\/08\/how-to-manage-cookies-in-opera\/<\/a><\/li><li><strong>Microsoft Edge:<\/strong> <a href=\"https:\/\/support.microsoft.com\/en-us\/help\/4468242\/microsoft-edge-browsing-data-and-privacy-microsoft-privacy\">https:\/\/support.microsoft.com\/en-us\/help\/4468242\/microsoft-edge-browsing-data-and-privacy-microsoft-privacy<\/a><\/li><\/ul><p><a name=\"_Toc5\"><\/a><strong>6. INTERESSEBASERT ANNONSERING<\/strong><\/p><p>Du kan st\u00f8te p\u00e5 m\u00e5lrettet interessebasert annonsering basert p\u00e5 din bruk av uketasupport.com og andre nettsteder p\u00e5 Internett. Der det er n\u00f8dvendig, vil vi be om ditt samtykke. Du kan kontrollere hvordan slik annonsering vises for deg eller velge bort m\u00e5lrettet annonsering ved \u00e5 konsultere veiledningen fra Digital Advertising Alliance, som er tilgjengelig p\u00e5 https:\/\/youradchoices.com. For mer informasjon om hvordan du velger bort annonseringsfunksjoner p\u00e5 enheten din, kan du g\u00e5 til <a href=\"https:\/\/www.networkadvertising.org\/\">https:\/\/www.networkadvertising.org<\/a> .<\/p><p><a name=\"_Toc6\"><\/a><strong>7. GOOGLE ANALYTICS<\/strong><\/p><p>Vi bruker Google Analytics, en webanalysetjeneste levert av Google LLC registrert p\u00e5 1600 Amphitheatre Parkway, Mountain View, CA 94043, USA (\u00ab<strong>Google<\/strong>\u00bb). Google genererer statistisk informasjon ved hjelp av informasjonskapsler og lager rapporter om din bruk av uketasupport.com. Informasjonskapslene som brukes av Google er anonyme f\u00f8rsteparts informasjonskapsler som ikke lar oss identifisere deg p\u00e5 noen m\u00e5te. Informasjonen som genereres av informasjonskapsler, overf\u00f8res til og lagres av Google p\u00e5 servere i USA. For \u00e5 sikre ditt personvern, vil din IP-adresse bli anonymisert, og Google vil ikke koble din IP-adresse til annen informasjon som Google har om deg. Google vil dermed ikke kunne identifisere deg. I visse tilfeller (f.eks. n\u00e5r det er p\u00e5krevd ved lov eller n\u00e5r tredjeparter utf\u00f8rer tjenester p\u00e5 vegne av Google), kan Google overf\u00f8re informasjonen til tredjeparter. For mer informasjon om Googles personvernpraksis, bes\u00f8k <a href=\"https:\/\/support.google.com\/analytics\/answer\/6004245\">https:\/\/support.google.com\/analytics\/answer\/6004245<\/a>. Hvis du \u00f8nsker \u00e5 melde deg ut av Google Analytics, kan du gj\u00f8re dette ved \u00e5 installere et tilleggsprogram for nettlesere som du finner p\u00e5 <a href=\"https:\/\/tools.google.com\/dlpage\/gaoptout?hl=en\">https:\/\/tools.google.com\/dlpage\/gaoptout?hl=en<\/a>.<\/p><p><a name=\"_Toc7\"><\/a><strong>8. GOOGLE reCAPCHA<\/strong><\/p><p>Vi bruker reCAPCHA, en tjeneste fra Google, for \u00e5 verifisere at du er et menneske og ikke en robot. Dette bidrar til \u00e5 beskytte uketasupport.com mot spam og misbruk. reCAPTCHA-analysen foreg\u00e5r i bakgrunnen. N\u00e5r du bruker reCAPCHA, vil Google samle inn noen personlige og ikke-personlige data fra deg, for eksempel:<\/p><ul><li>Alle informasjonskapsler som Google har lagret i nettleseren din de siste 6 m\u00e5nedene;<\/li><li>Informasjon om museklikkene dine;<\/li><li>CSS-informasjon;<\/li><li>Dato;<\/li><li>Nettleserspr\u00e5k;<\/li><li>Eventuelle plugin-moduler installert i nettleseren; og<\/li><li>Javascript-objekter.<\/li><\/ul><p>Ovennevnte data vil bli sendt til Google i USA. Vi har en legitim interesse i \u00e5 beskytte uketasupport.com mot misbruk av automatisert gjennoms\u00f8king og spam. For mer informasjon om Google reCAPTCHA og Googles personvernpolicy, vennligst bes\u00f8k f\u00f8lgende lenker: <a href=\"https:\/\/www.google.com\/intl\/de\/policies\/privacy\/\">https:\/\/www.google.com\/intl\/de\/policies\/privacy\/<\/a> og <a href=\"https:\/\/www.google.com\/recaptcha\/intro\/v3.html\">https:\/\/www.google.com\/recaptcha\/intro\/v3.html<\/a> .<\/p><p><a name=\"_Toc8\"><\/a><strong>9. FACEBOOK CUSTOM AUDIENCE<\/strong><\/p><p>Vi bruker Facebook Custom Audience og Remarketing. Dette er en tjeneste for remarketing og atferdsbasert m\u00e5lretting som tilbys av Meta Platforms, Inc. i USA, og som kobler din aktivitet p\u00e5 uketasupport.com til Facebooks annonseringsnettverk. Informasjonen som kan samles inn om deg, er dine cookie-relaterte data og e-postadresse. Der det er n\u00f8dvendig, vil vi be om ditt samtykke til bruk av dette verkt\u00f8yet eller cookies relatert til dette verkt\u00f8yet. Bruk av dette verkt\u00f8yet gj\u00f8r det mulig for oss \u00e5 vise interessebaserte annonser n\u00e5r du bes\u00f8ker det sosiale nettverket Facebook eller andre nettsteder som ogs\u00e5 bruker dette verkt\u00f8yet. P\u00e5 denne m\u00e5ten kan du se annonser som kan v\u00e6re relevante eller interessante for deg. Du kan velge \u00e5 ikke se slike annonser ved \u00e5 justere innstillingene for informasjonskapsler. Se ogs\u00e5 avsnitt 6 i denne informasjonskapselpolicyen for lenker som gir mer informasjon om hvordan du kan kontrollere interessebasert annonsering.<\/p><p><a name=\"_Toc9\"><\/a><strong>10. KONTAKT<\/strong><\/p><p>Hvis du har sp\u00f8rsm\u00e5l om denne informasjonskapselpolicyen eller v\u00e5re personvernpraksiser, kan du kontakte oss ved \u00e5 bruke f\u00f8lgende kontaktopplysninger:<\/p><p><strong>E-post: <\/strong><a href=\"mailto:info@uketasupport.com\">info@uketasupport.com<\/a><\/p>\t\t\t\t\t\t\t\t<\/div>\n\t\t\t\t<\/div>\n\t\t\t\t<\/div>\n\t\t\t\t<\/div>\n\t\t\t\t\t<\/div>\n\t\t\t\t<\/div>\n\t\t\t\t<\/div>\n\t\t","protected":false},"excerpt":{"rendered":"<p>Vi bruker informasjonskapsler (cookies) p\u00e5 dette nettstedet. Nedenfor finner du detaljert informasjon om typene informasjonskapsler v\u00e5re, deres form\u00e5l og din rett til \u00e5 administrere informasjonskapsler. 1. HVEM ER ANSVARLIG FOR COOKIES P\u00c5 UKETASUPPORT.COM? 2. HVA B\u00d8R DU VITE OM COOKIES? 3. HVA SLAGS COOKIES BRUKER VI? 4. SAMTYKKE TIL COOKIES 5. HVORDAN DEAKTIVERER DU COOKIES? [&hellip;]<\/p>\n","protected":false},"author":3,"featured_media":0,"parent":0,"menu_order":0,"comment_status":"closed","ping_status":"closed","template":"elementor_header_footer","meta":{"footnotes":""},"class_list":["post-7572","page","type-page","status-publish","hentry"],"aioseo_notices":[],"_links":{"self":[{"href":"https:\/\/govisaglobal.com\/no\/wp-json\/wp\/v2\/pages\/7572","targetHints":{"allow":["GET"]}}],"collection":[{"href":"https:\/\/govisaglobal.com\/no\/wp-json\/wp\/v2\/pages"}],"about":[{"href":"https:\/\/govisaglobal.com\/no\/wp-json\/wp\/v2\/types\/page"}],"author":[{"embeddable":true,"href":"https:\/\/govisaglobal.com\/no\/wp-json\/wp\/v2\/users\/3"}],"replies":[{"embeddable":true,"href":"https:\/\/govisaglobal.com\/no\/wp-json\/wp\/v2\/comments?post=7572"}],"version-history":[{"count":4,"href":"https:\/\/govisaglobal.com\/no\/wp-json\/wp\/v2\/pages\/7572\/revisions"}],"predecessor-version":[{"id":12515,"href":"https:\/\/govisaglobal.com\/no\/wp-json\/wp\/v2\/pages\/7572\/revisions\/12515"}],"wp:attachment":[{"href":"https:\/\/govisaglobal.com\/no\/wp-json\/wp\/v2\/media?parent=7572"}],"curies":[{"name":"wp","href":"https:\/\/api.w.org\/{rel}","templated":true}]}}