{"id":6027,"date":"2025-06-19T15:06:38","date_gmt":"2025-06-19T15:06:38","guid":{"rendered":"https:\/\/govisaglobal.com\/eta-para-o-reino-unido-para-cidadaos-italianos\/"},"modified":"2025-06-28T06:03:49","modified_gmt":"2025-06-28T06:03:49","slug":"eta-para-o-reino-unido-para-cidadaos-italianos","status":"publish","type":"page","link":"https:\/\/govisaglobal.com\/pt-pt\/pedido-de-eta-no-reino-unido\/eta-para-o-reino-unido-para-cidadaos-italianos\/","title":{"rendered":"ETA para o Reino Unido para cidad\u00e3os italianos"},"content":{"rendered":"","protected":false},"excerpt":{"rendered":"<p>Saiba tudo sobre a ETA do Reino Unido para cidad\u00e3os italianos. Descubra o processo de inscri\u00e7\u00e3o, os benef\u00edcios e a validade da ETA (Autoriza\u00e7\u00e3o Eletr\u00f4nica de Viagem), incluindo v\u00e1rias entradas para at\u00e9 6 meses de viagem. <\/p>\n","protected":false},"author":3,"featured_media":0,"parent":6031,"menu_order":0,"comment_status":"closed","ping_status":"closed","template":"elementor_header_footer","meta":{"footnotes":""},"class_list":["post-6027","page","type-page","status-publish","hentry"],"aioseo_notices":[],"_links":{"self":[{"href":"https:\/\/govisaglobal.com\/pt-pt\/wp-json\/wp\/v2\/pages\/6027","targetHints":{"allow":["GET"]}}],"collection":[{"href":"https:\/\/govisaglobal.com\/pt-pt\/wp-json\/wp\/v2\/pages"}],"about":[{"href":"https:\/\/govisaglobal.com\/pt-pt\/wp-json\/wp\/v2\/types\/page"}],"author":[{"embeddable":true,"href":"https:\/\/govisaglobal.com\/pt-pt\/wp-json\/wp\/v2\/users\/3"}],"replies":[{"embeddable":true,"href":"https:\/\/govisaglobal.com\/pt-pt\/wp-json\/wp\/v2\/comments?post=6027"}],"version-history":[{"count":1,"href":"https:\/\/govisaglobal.com\/pt-pt\/wp-json\/wp\/v2\/pages\/6027\/revisions"}],"predecessor-version":[{"id":6033,"href":"https:\/\/govisaglobal.com\/pt-pt\/wp-json\/wp\/v2\/pages\/6027\/revisions\/6033"}],"up":[{"embeddable":true,"href":"https:\/\/govisaglobal.com\/pt-pt\/wp-json\/wp\/v2\/pages\/6031"}],"wp:attachment":[{"href":"https:\/\/govisaglobal.com\/pt-pt\/wp-json\/wp\/v2\/media?parent=6027"}],"curies":[{"name":"wp","href":"https:\/\/api.w.org\/{rel}","templated":true}]}}