{"id":9700,"date":"2025-06-21T06:03:29","date_gmt":"2025-06-21T06:03:29","guid":{"rendered":"https:\/\/govisaglobal.com\/politica-de-cookie-uri\/"},"modified":"2025-07-13T18:49:06","modified_gmt":"2025-07-13T18:49:06","slug":"politica-de-cookie-uri","status":"publish","type":"page","link":"https:\/\/govisaglobal.com\/ro\/politica-de-cookie-uri\/","title":{"rendered":"Politica de cookie-uri"},"content":{"rendered":"\t\t<div data-elementor-type=\"wp-page\" data-elementor-id=\"9700\" class=\"elementor elementor-9700 elementor-1742\" data-elementor-post-type=\"page\">\n\t\t\t\t<div class=\"elementor-element elementor-element-6005376 e-flex e-con-boxed e-con e-parent\" data-id=\"6005376\" data-element_type=\"container\" data-e-type=\"container\">\n\t\t\t\t\t<div class=\"e-con-inner\">\n\t\t<div class=\"elementor-element elementor-element-1b6ff59 e-con-full e-flex e-con e-child\" data-id=\"1b6ff59\" data-element_type=\"container\" data-e-type=\"container\">\n\t\t<div class=\"elementor-element elementor-element-9a256bc e-con-full e-flex e-con e-child\" data-id=\"9a256bc\" data-element_type=\"container\" data-e-type=\"container\" data-settings=\"{&quot;background_background&quot;:&quot;classic&quot;}\">\n\t\t\t\t<div class=\"elementor-element elementor-element-2b6ce32 elementor-widget elementor-widget-post-info\" data-id=\"2b6ce32\" data-element_type=\"widget\" data-e-type=\"widget\" data-widget_type=\"post-info.default\">\n\t\t\t\t<div class=\"elementor-widget-container\">\n\t\t\t\t\t\t\t<ul class=\"elementor-inline-items elementor-icon-list-items elementor-post-info\">\n\t\t\t\t\t\t\t\t<li class=\"elementor-icon-list-item elementor-repeater-item-40ac0bb elementor-inline-item\">\n\t\t\t\t\t\t\t\t\t\t\t\t\t<span class=\"elementor-icon-list-text elementor-post-info__item elementor-post-info__item--type-custom\">\n\t\t\t\t\t\t\t\t\t\tUltima actualizare: 13 iulie 2025\t\t\t\t\t<\/span>\n\t\t\t\t\t\t\t\t<\/li>\n\t\t\t\t<\/ul>\n\t\t\t\t\t\t<\/div>\n\t\t\t\t<\/div>\n\t\t\t\t<div class=\"elementor-element elementor-element-479a149 elementor-widget elementor-widget-spacer\" data-id=\"479a149\" data-element_type=\"widget\" data-e-type=\"widget\" data-widget_type=\"spacer.default\">\n\t\t\t\t<div class=\"elementor-widget-container\">\n\t\t\t\t\t\t\t<div class=\"elementor-spacer\">\n\t\t\t<div class=\"elementor-spacer-inner\"><\/div>\n\t\t<\/div>\n\t\t\t\t\t\t<\/div>\n\t\t\t\t<\/div>\n\t\t\t\t<div class=\"elementor-element elementor-element-08b9d0c elementor-widget elementor-widget-text-editor\" data-id=\"08b9d0c\" data-element_type=\"widget\" data-e-type=\"widget\" data-widget_type=\"text-editor.default\">\n\t\t\t\t<div class=\"elementor-widget-container\">\n\t\t\t\t\t\t\t\t\t<p><em>Folosim cookie-uri pe acest site web. Mai jos, pute\u021bi g\u0103si informa\u021bii detaliate despre tipurile de cookie-uri ale noastre, scopurile acestora \u0219i dreptul dumneavoastr\u0103 de a gestiona cookie-urile. <\/em><\/p>\t\t\t\t\t\t\t\t<\/div>\n\t\t\t\t<\/div>\n\t\t\t\t<div class=\"elementor-element elementor-element-d964092 elementor-widget-mobile__width-inherit elementor-widget elementor-widget-text-editor\" data-id=\"d964092\" data-element_type=\"widget\" data-e-type=\"widget\" data-widget_type=\"text-editor.default\">\n\t\t\t\t<div class=\"elementor-widget-container\">\n\t\t\t\t\t\t\t\t\t<p>1. CINE ESTE RESPONSABIL PENTRU COOKIE-URILE DE PE UKETASUPPORT.COM?<\/p><p>2. CE TREBUIE S\u0102 \u0218TI\u021aI DESPRE COOKIE-URI?<\/p><p>3. CE COOKIE-URI UTILIZ\u0102M?<\/p><p>4. CONSIM\u021a\u0102M\u00c2N\u021aUL PENTRU COOKIE-URI<\/p><p>5. CUM SE DEZACTIVEZ\u0102 COOKIE-URILE?<\/p><p>6. PUBLICITATE BAZAT\u0102 PE INTERESE<\/p><p>7. GOOGLE ANALYTICS<\/p><p>8. GOOGLE reCAPCHA<\/p><p>9. FACEBOOK CUSTOM AUDIENCE<\/p><p>10. CONTACT<\/p><p><a name=\"_Toc\"><\/a><strong>1. CINE ESTE RESPONSABIL PENTRU COOKIE-URILE DE PE UKETASUPPORT.COM?<\/strong><\/p><p>Operatorul de date responsabil pentru prelucrarea datelor cu caracter personal prin intermediul site-ului web <a href=\"https:\/\/govisaglobal.com\">https:\/\/govisaglobal.com<\/a>, a numelor de domeniu, a software-ului \u0219i a serviciilor conexe (denumite colectiv \u201e<strong>uketasupport.com<\/strong>\u201d), inclusiv plasarea cookie-urilor proprii, este TRAVEL MUNDO \u2013 FZCO cu num\u0103rul de licen\u021b\u0103 28833 (\u201e<strong>noi<\/strong>\u201d, \u201e<strong>nou\u0103<\/strong>\u201d sau \u201e<strong>al nostru<\/strong>\u201d).<\/p><p><a name=\"_Toc1\"><\/a><strong>2. CE TREBUIE S\u0102 \u0218TI\u021aI DESPRE COOKIE-URI?<\/strong><\/p><p>Un cookie este un mic fi\u0219ier de date care con\u021bine de obicei litere \u0219i cifre. C\u00e2nd vizita\u021bi un site web, acesta poate trimite un cookie c\u0103tre browserul dvs. Ulterior, browserul poate stoca cookie-ul pe computerul sau dispozitivul dvs. mobil pentru o anumit\u0103 perioad\u0103 de timp (data de expirare a cookie-ului depinde de tipul acestuia). Cookie-urile sunt utilizate pentru a recunoa\u0219te dispozitivul dvs. \u0219i pentru a colecta anumite informa\u021bii despre utilizarea site-urilor web. Astfel, \u00een timp, cookie-urile permit site-urilor web s\u0103 \u201ememoreze\u201d ac\u021biunile \u0219i preferin\u021bele dvs. Exist\u0103 mai multe tipuri de cookie-uri, \u0219i anume (i) cookie-uri persistente, care r\u0103m\u00e2n valabile p\u00e2n\u0103 c\u00e2nd sunt \u0219terse de dvs., (ii) cookie-uri care r\u0103m\u00e2n valabile p\u00e2n\u0103 la data expir\u0103rii lor \u0219i (iii) cookie-uri de sesiune, care sunt stocate pe un browser web \u0219i r\u0103m\u00e2n valabile p\u00e2n\u0103 \u00een momentul \u00eenchiderii browserului. Cookie-urile pot fi, de asemenea, (i) cookie-uri proprii (setate de site-ul web original) \u0219i (ii) cookie-uri ter\u021be (plasate de site-uri web ter\u021be).<\/p><p><a name=\"_Toc2\"><\/a><strong>3. CE COOKIE-URI UTILIZ\u0102M?<\/strong><\/p><p>Putem utiliza diferite tipuri de cookie-uri pe uketasupport.com, inclusiv:<\/p><ul><li><strong>Cookie-uri tehnice esen\u021biale <\/strong>care sunt strict necesare pentru a asigura func\u021bionarea corect\u0103 a uketasupport.com \u0219i pentru a furniza serviciile solicitate de dvs.;<\/li><li><strong>Cookie-uri de preferin\u021be<\/strong> care ne permit s\u0103 salv\u0103m \u0219i s\u0103 p\u0103str\u0103m preferin\u021bele dvs.;<\/li><li><strong>Cookie-uri de marketing<\/strong> care ne permit s\u0103 cre\u0103m, s\u0103 implement\u0103m \u0219i s\u0103 examin\u0103m campaniile noastre de marketing. Aceste cookie-uri ne permit s\u0103 ajungem la clien\u021bii potrivi\u021bi, s\u0103 analiz\u0103m productivitatea campaniilor noastre de marketing \u0219i s\u0103 v\u0103 oferim reclame personalizate; \u0219i<\/li><li><strong>Cookie-uri statistice<\/strong> care ne permit s\u0103 gener\u0103m rapoarte statistice despre modul \u00een care utiliza\u021bi uketasupport.com.<\/li><\/ul><p><a name=\"_Toc3\"><\/a><strong>4. CONSIM\u021a\u0102M\u00c2N\u021aUL PENTRU COOKIE-URI<\/strong><\/p><p>C\u00e2nd vizita\u021bi uketasupport.com, v\u0103 vom solicita s\u0103 ne acorda\u021bi consim\u021b\u0103m\u00e2ntul pentru utilizarea tuturor cookie-urilor prin intermediul unui banner de consim\u021b\u0103m\u00e2nt pentru cookie-uri. Dac\u0103 nu v\u0103 da\u021bi consim\u021b\u0103m\u00e2ntul, nu v\u0103 vom furniza cookie-urile noastre neesen\u021biale (statistice \u0219i de marketing). V\u0103 rug\u0103m s\u0103 re\u021bine\u021bi c\u0103 este posibil s\u0103 nu v\u0103 putem oferi cea mai bun\u0103 experien\u021b\u0103 de utilizare pe uketasupport.com dac\u0103 nu sunt activate toate cookie-urile.<\/p><p><a name=\"_Toc4\"><\/a><strong>5. CUM SE DEZACTIVEAZ\u0102 COOKIE-URILE?<\/strong><\/p><p>C\u00e2nd v\u0103 solicit\u0103m consim\u021b\u0103m\u00e2ntul pentru utilizarea cookie-urilor neesen\u021biale, ave\u021bi libertatea de a nu v\u0103 da consim\u021b\u0103m\u00e2ntul. Dac\u0103 dori\u021bi s\u0103 refuza\u021bi utilizarea cookie-urilor neesen\u021biale ulterior, pute\u021bi face acest lucru \u00een orice moment, refuz\u00e2nd cookie-urile \u00een browserul sau dispozitivul dvs. Pentru mai multe informa\u021bii, pute\u021bi consulta instruc\u021biunile de gestionare a cookie-urilor din browserul dvs.:<\/p><ul><li><strong>Apple Safari:<\/strong> <a href=\"https:\/\/support.apple.com\/en-gb\/guide\/safari\/manage-cookies-and-website-data-sfri11471\/mac\">https:\/\/support.apple.com\/en-gb\/guide\/safari\/manage-cookies-and-website-data-sfri11471\/mac<\/a><\/li><li><strong>Google Chrome: <\/strong><a href=\"https:\/\/support.google.com\/chrome\/answer\/95647\">https:\/\/support.google.com\/chrome\/answer\/95647<\/a><\/li><li><strong>Firefox:<\/strong> <a href=\"https:\/\/support.mozilla.org\/en-US\/kb\/enable-and-disable-cookies-website-preferences\">https:\/\/support.mozilla.org\/en-US\/kb\/enable-and-disable-cookies-website-preferences<\/a><\/li><li><strong>Opera:<\/strong> <a href=\"https:\/\/blogs.opera.com\/news\/2015\/08\/how-to-manage-cookies-in-opera\/\">https:\/\/blogs.opera.com\/news\/2015\/08\/how-to-manage-cookies-in-opera\/<\/a><\/li><li><strong>Microsoft Edge:<\/strong> <a href=\"https:\/\/support.microsoft.com\/en-us\/help\/4468242\/microsoft-edge-browsing-data-and-privacy-microsoft-privacy\">https:\/\/support.microsoft.com\/en-us\/help\/4468242\/microsoft-edge-browsing-data-and-privacy-microsoft-privacy<\/a><\/li><\/ul><p><a name=\"_Toc5\"><\/a><strong>6. PUBLICITATE BAZAT\u0102 PE INTERESE<\/strong><\/p><p>Este posibil s\u0103 \u00eent\u00e2lni\u021bi publicitate personalizat\u0103 bazat\u0103 pe interesele dvs., \u00een func\u021bie de utilizarea site-ului uketasupport.com \u0219i a altor site-uri web de pe Internet. Dac\u0103 este necesar, v\u0103 vom solicita consim\u021b\u0103m\u00e2ntul. Pute\u021bi controla modul \u00een care vi se afi\u0219eaz\u0103 astfel de reclame sau pute\u021bi renun\u021ba la reclamele personalizate consult\u00e2nd ghidul furnizat de Digital Advertising Alliance, disponibil la https:\/\/youradchoices.com. Pentru mai multe informa\u021bii despre renun\u021barea la func\u021biile de publicitate de pe dispozitivul dvs., vizita\u021bi <a href=\"https:\/\/www.networkadvertising.org\/\">https:\/\/www.networkadvertising.org<\/a> .<\/p><p><a name=\"_Toc6\"><\/a><strong>7. GOOGLE ANALYTICS<\/strong><\/p><p>Utiliz\u0103m Google Analytics, un serviciu de analiz\u0103 web furnizat de Google LLC, \u00eenregistrat la adresa 1600 Amphitheatre Parkway, Mountain View, CA 94043, SUA (\u201e<strong>Google<\/strong>\u201d). Google genereaz\u0103 informa\u021bii statistice prin intermediul cookie-urilor \u0219i creeaz\u0103 rapoarte despre utilizarea dvs. a site-ului uketasupport.com. Cookie-urile furnizate de Google sunt cookie-uri anonime de prim\u0103 parte, care nu ne permit s\u0103 v\u0103 identific\u0103m \u00een niciun fel. Informa\u021biile generate de cookie-uri vor fi transmise \u0219i stocate de Google pe servere din Statele Unite. Pentru a v\u0103 asigura confiden\u021bialitatea, adresa dvs. IP va fi anonimizat\u0103, iar Google nu va combina adresa dvs. IP cu alte informa\u021bii pe care le de\u021bine despre dvs. Astfel, Google nu va putea s\u0103 v\u0103 identifice. \u00cen anumite cazuri (de exemplu, atunci c\u00e2nd este cerut de lege sau c\u00e2nd ter\u021be p\u0103r\u021bi presteaz\u0103 servicii \u00een numele Google), Google poate transfera informa\u021biile c\u0103tre ter\u021be p\u0103r\u021bi. Pentru mai multe informa\u021bii despre practicile de confiden\u021bialitate ale Google Analytics, v\u0103 rug\u0103m s\u0103 vizita\u021bi <a href=\"https:\/\/support.google.com\/analytics\/answer\/6004245\">https:\/\/support.google.com\/analytics\/answer\/6004245<\/a>. Dac\u0103 dori\u021bi s\u0103 renun\u021ba\u021bi la Google Analytics, pute\u021bi face acest lucru instal\u00e2nd un modul de extensie pentru browserul Google Analytics, disponibil la <a href=\"https:\/\/tools.google.com\/dlpage\/gaoptout?hl=en\">https:\/\/tools.google.com\/dlpage\/gaoptout?hl=en<\/a>.<\/p><p><a name=\"_Toc7\"><\/a><strong>8. GOOGLE reCAPCHA<\/strong><\/p><p>Utiliz\u0103m reCAPCHA, serviciul furnizat de Google, pentru a verifica dac\u0103 sunte\u021bi o persoan\u0103 fizic\u0103 \u0219i nu un robot. Acesta ajut\u0103 la protejarea uketasupport.com \u00eempotriva spamului \u0219i abuzurilor. Analiza reCAPTCHA are loc \u00een fundal. C\u00e2nd utiliza\u021bi reCAPCHA, Google va colecta unele date personale \u0219i nepersonale de la dvs., cum ar fi:<\/p><ul><li>Toate cookie-urile setate \u00een browserul dvs. de Google \u00een ultimele 6 luni;<\/li><li>Informa\u021bii despre clicurile mouse-ului;<\/li><li>Informa\u021bii CSS;<\/li><li>Data;<\/li><li>Limba browserului;<\/li><li>Orice plug-in instalat \u00een browser; \u0219i<\/li><li>Obiecte Javascript.<\/li><\/ul><p>Datele men\u021bionate mai sus vor fi trimise c\u0103tre Google, cu sediul \u00een Statele Unite. Avem un interes legitim \u00een protejarea uketasupport.com \u00eempotriva crawlerelor automate abuzive \u0219i a spamului. Pentru mai multe informa\u021bii despre Google reCAPTCHA \u0219i politica de confiden\u021bialitate a Google, v\u0103 rug\u0103m s\u0103 vizita\u021bi urm\u0103toarele linkuri: <a href=\"https:\/\/www.google.com\/intl\/de\/policies\/privacy\/\">https:\/\/www.google.com\/intl\/de\/policies\/privacy\/<\/a> \u0219i <a href=\"https:\/\/www.google.com\/recaptcha\/intro\/v3.html\">https:\/\/www.google.com\/recaptcha\/intro\/v3.html<\/a> .<\/p><p><a name=\"_Toc8\"><\/a><strong>9. FACEBOOK CUSTOM AUDIENCE<\/strong><\/p><p>Utiliz\u0103m Facebook Custom Audience \u0219i Remarketing. Este un serviciu de remarketing \u0219i targetare comportamental\u0103 furnizat de Meta Platforms, Inc. cu sediul \u00een Statele Unite, care conecteaz\u0103 activitatea dvs. pe uketasupport.com cu re\u021beaua de publicitate Facebook. Informa\u021biile care pot fi colectate de dvs. sunt datele dvs. legate de cookie-uri \u0219i adresa de e-mail. Dac\u0103 este necesar, vom solicita consim\u021b\u0103m\u00e2ntul dvs. pentru utilizarea acestui instrument sau a cookie-urilor legate de acest instrument. Utilizarea acestui instrument ne permite s\u0103 afi\u0219\u0103m reclame bazate pe interese atunci c\u00e2nd vizita\u021bi re\u021beaua social\u0103 Facebook sau alte site-uri web care utilizeaz\u0103, de asemenea, acest instrument. \u00cen acest fel, pute\u021bi vedea reclame care pot fi relevante sau interesante pentru dvs. Pute\u021bi renun\u021ba la afi\u0219area acestor reclame ajust\u00e2nd set\u0103rile cookie-urilor. De asemenea, v\u0103 rug\u0103m s\u0103 consulta\u021bi sec\u021biunea 6 din prezenta politic\u0103 privind cookie-urile pentru linkuri care ofer\u0103 mai multe informa\u021bii despre controlul reclamelor bazate pe interese.<\/p><p><a name=\"_Toc9\"><\/a><strong>10. CONTACT<\/strong><\/p><p>Dac\u0103 ave\u021bi \u00eentreb\u0103ri despre aceast\u0103 politic\u0103 privind cookie-urile sau practicile noastre de protec\u021bie a datelor, v\u0103 rug\u0103m s\u0103 ne contacta\u021bi utiliz\u00e2nd urm\u0103toarele date de contact:<\/p><p><strong>E-mail: <\/strong><a href=\"mailto:info@uketasupport.com\">info@uketasupport.com<\/a><\/p>\t\t\t\t\t\t\t\t<\/div>\n\t\t\t\t<\/div>\n\t\t\t\t<\/div>\n\t\t\t\t<\/div>\n\t\t\t\t\t<\/div>\n\t\t\t\t<\/div>\n\t\t\t\t<\/div>\n\t\t","protected":false},"excerpt":{"rendered":"<p>Folosim cookie-uri pe acest site web. Mai jos, pute\u021bi g\u0103si informa\u021bii detaliate despre tipurile de cookie-uri ale noastre, scopurile acestora \u0219i dreptul dumneavoastr\u0103 de a gestiona cookie-urile. 1. CINE ESTE RESPONSABIL PENTRU COOKIE-URILE DE PE UKETASUPPORT.COM? 2. CE TREBUIE S\u0102 \u0218TI\u021aI DESPRE COOKIE-URI? 3. CE COOKIE-URI UTILIZ\u0102M? 4. CONSIM\u021a\u0102M\u00c2N\u021aUL PENTRU COOKIE-URI 5. CUM SE DEZACTIVEZ\u0102 [&hellip;]<\/p>\n","protected":false},"author":3,"featured_media":0,"parent":0,"menu_order":0,"comment_status":"closed","ping_status":"closed","template":"elementor_header_footer","meta":{"footnotes":""},"class_list":["post-9700","page","type-page","status-publish","hentry"],"aioseo_notices":[],"_links":{"self":[{"href":"https:\/\/govisaglobal.com\/ro\/wp-json\/wp\/v2\/pages\/9700","targetHints":{"allow":["GET"]}}],"collection":[{"href":"https:\/\/govisaglobal.com\/ro\/wp-json\/wp\/v2\/pages"}],"about":[{"href":"https:\/\/govisaglobal.com\/ro\/wp-json\/wp\/v2\/types\/page"}],"author":[{"embeddable":true,"href":"https:\/\/govisaglobal.com\/ro\/wp-json\/wp\/v2\/users\/3"}],"replies":[{"embeddable":true,"href":"https:\/\/govisaglobal.com\/ro\/wp-json\/wp\/v2\/comments?post=9700"}],"version-history":[{"count":4,"href":"https:\/\/govisaglobal.com\/ro\/wp-json\/wp\/v2\/pages\/9700\/revisions"}],"predecessor-version":[{"id":12497,"href":"https:\/\/govisaglobal.com\/ro\/wp-json\/wp\/v2\/pages\/9700\/revisions\/12497"}],"wp:attachment":[{"href":"https:\/\/govisaglobal.com\/ro\/wp-json\/wp\/v2\/media?parent=9700"}],"curies":[{"name":"wp","href":"https:\/\/api.w.org\/{rel}","templated":true}]}}