{"id":9696,"date":"2025-06-21T06:03:29","date_gmt":"2025-06-21T06:03:29","guid":{"rendered":"https:\/\/govisaglobal.com\/zasady-pouzivania-suborov-cookie\/"},"modified":"2025-07-13T18:54:33","modified_gmt":"2025-07-13T18:54:33","slug":"zasady-pouzivania-suborov-cookie","status":"publish","type":"page","link":"https:\/\/govisaglobal.com\/sk\/zasady-pouzivania-suborov-cookie\/","title":{"rendered":"Z\u00e1sady pou\u017e\u00edvania s\u00faborov cookie"},"content":{"rendered":"\t\t<div data-elementor-type=\"wp-page\" data-elementor-id=\"9696\" class=\"elementor elementor-9696 elementor-1742\" data-elementor-post-type=\"page\">\n\t\t\t\t<div class=\"elementor-element elementor-element-6005376 e-flex e-con-boxed e-con e-parent\" data-id=\"6005376\" data-element_type=\"container\" data-e-type=\"container\">\n\t\t\t\t\t<div class=\"e-con-inner\">\n\t\t<div class=\"elementor-element elementor-element-1b6ff59 e-con-full e-flex e-con e-child\" data-id=\"1b6ff59\" data-element_type=\"container\" data-e-type=\"container\">\n\t\t<div class=\"elementor-element elementor-element-9a256bc e-con-full e-flex e-con e-child\" data-id=\"9a256bc\" data-element_type=\"container\" data-e-type=\"container\" data-settings=\"{&quot;background_background&quot;:&quot;classic&quot;}\">\n\t\t\t\t<div class=\"elementor-element elementor-element-2b6ce32 elementor-widget elementor-widget-post-info\" data-id=\"2b6ce32\" data-element_type=\"widget\" data-e-type=\"widget\" data-widget_type=\"post-info.default\">\n\t\t\t\t<div class=\"elementor-widget-container\">\n\t\t\t\t\t\t\t<ul class=\"elementor-inline-items elementor-icon-list-items elementor-post-info\">\n\t\t\t\t\t\t\t\t<li class=\"elementor-icon-list-item elementor-repeater-item-40ac0bb elementor-inline-item\">\n\t\t\t\t\t\t\t\t\t\t\t\t\t<span class=\"elementor-icon-list-text elementor-post-info__item elementor-post-info__item--type-custom\">\n\t\t\t\t\t\t\t\t\t\tPosledn\u00e1 aktualiz\u00e1cia: 13 j\u00fala 2025\t\t\t\t\t<\/span>\n\t\t\t\t\t\t\t\t<\/li>\n\t\t\t\t<\/ul>\n\t\t\t\t\t\t<\/div>\n\t\t\t\t<\/div>\n\t\t\t\t<div class=\"elementor-element elementor-element-479a149 elementor-widget elementor-widget-spacer\" data-id=\"479a149\" data-element_type=\"widget\" data-e-type=\"widget\" data-widget_type=\"spacer.default\">\n\t\t\t\t<div class=\"elementor-widget-container\">\n\t\t\t\t\t\t\t<div class=\"elementor-spacer\">\n\t\t\t<div class=\"elementor-spacer-inner\"><\/div>\n\t\t<\/div>\n\t\t\t\t\t\t<\/div>\n\t\t\t\t<\/div>\n\t\t\t\t<div class=\"elementor-element elementor-element-08b9d0c elementor-widget elementor-widget-text-editor\" data-id=\"08b9d0c\" data-element_type=\"widget\" data-e-type=\"widget\" data-widget_type=\"text-editor.default\">\n\t\t\t\t<div class=\"elementor-widget-container\">\n\t\t\t\t\t\t\t\t\t<p><em>Na tejto webovej str\u00e1nke pou\u017e\u00edvame s\u00fabory cookie. Ni\u017e\u0161ie n\u00e1jdete podrobn\u00e9 inform\u00e1cie o typoch na\u0161ich s\u00faborov cookie, ich \u00fa\u010deloch a va\u0161om pr\u00e1ve na spr\u00e1vu s\u00faborov cookie. <\/em><\/p>\t\t\t\t\t\t\t\t<\/div>\n\t\t\t\t<\/div>\n\t\t\t\t<div class=\"elementor-element elementor-element-d964092 elementor-widget-mobile__width-inherit elementor-widget elementor-widget-text-editor\" data-id=\"d964092\" data-element_type=\"widget\" data-e-type=\"widget\" data-widget_type=\"text-editor.default\">\n\t\t\t\t<div class=\"elementor-widget-container\">\n\t\t\t\t\t\t\t\t\t<p>1. KTO JE ZODPOVEDN\u00dd ZA S\u00daBORY COOKIE NA STR\u00c1NKE UKETASUPPORT.COM?<\/p><p>2. \u010cO BY STE MALI VEDIE\u0164 O S\u00daBOROCH COOKIE?<\/p><p>3. AK\u00c9 S\u00daBORY COOKIE POU\u017d\u00cdVAME?<\/p><p>4. S\u00daHLAS S POU\u017d\u00cdVAN\u00cdM S\u00daBOROV COOKIE<\/p><p>5. AKO VYPN\u00da\u0164 S\u00daBORY COOKIE?<\/p><p>6. REKLAMA NA Z\u00c1KLADE Z\u00c1UJMOV<\/p><p>7. GOOGLE ANALYTICS<\/p><p>8. GOOGLE reCAPCHA<\/p><p>9. FACEBOOK CUSTOM AUDIENCE<\/p><p>10. KONTAKT<\/p><p><a name=\"_Toc\"><\/a><strong>1. KTO JE ZODPOVEDN\u00dd ZA S\u00daBORY COOKIE NA STR\u00c1NKE UKETASUPPORT.COM?<\/strong><\/p><p>Spr\u00e1vcom \u00fadajov zodpovedn\u00fdm za spracovanie osobn\u00fdch \u00fadajov prostredn\u00edctvom webovej str\u00e1nky <a href=\"https:\/\/govisaglobal.com\">https:\/\/govisaglobal.com<\/a>, s\u00favisiacich dom\u00e9nov\u00fdch mien, softv\u00e9ru a slu\u017eieb (spolo\u010dne \u201e<strong>uketasupport.com<\/strong>\u201c), vr\u00e1tane umiest\u0148ovania prvotn\u00fdch s\u00faborov cookie, je TRAVEL MUNDO \u2013 FZCO s licenciou \u010d. 28833 (\u201e<strong>my<\/strong>\u201c, \u201e<strong>n\u00e1s<\/strong>\u201c alebo \u201e<strong>n\u00e1\u0161<\/strong>\u201c).<\/p><p><a name=\"_Toc1\"><\/a><strong>2. \u010cO BY STE MALI VEDIE\u0164 O S\u00daBOROCH COOKIE?<\/strong><\/p><p>S\u00fabor cookie je mal\u00fd s\u00fabor \u00fadajov, ktor\u00fd sa zvy\u010dajne sklad\u00e1 z p\u00edsmen a \u010d\u00edsiel. Ke\u010f nav\u0161t\u00edvite webov\u00fa str\u00e1nku, t\u00e1to str\u00e1nka m\u00f4\u017ee do v\u00e1\u0161ho prehliada\u010da odosla\u0165 s\u00fabor cookie. N\u00e1sledne m\u00f4\u017ee prehliada\u010d s\u00fabor cookie na ur\u010dit\u00fd \u010das ulo\u017ei\u0165 do v\u00e1\u0161ho po\u010d\u00edta\u010da alebo mobiln\u00e9ho zariadenia (doba platnosti s\u00faboru cookie z\u00e1vis\u00ed od jeho typu). S\u00fabory cookie sa pou\u017e\u00edvaj\u00fa na rozpoznanie v\u00e1\u0161ho zariadenia a zhroma\u017e\u010fovanie ur\u010dit\u00fdch inform\u00e1ci\u00ed o va\u0161om pou\u017e\u00edvan\u00ed webov\u00fdch str\u00e1nok. V\u010faka tomu si webov\u00e9 str\u00e1nky m\u00f4\u017eu postupom \u010dasu \u201ezapam\u00e4ta\u0165\u201c va\u0161e kroky a preferencie. Existuje nieko\u013eko typov s\u00faborov cookie, a to (i) trval\u00e9 s\u00fabory cookie, ktor\u00e9 zost\u00e1vaj\u00fa platn\u00e9, k\u00fdm ich nevyma\u017eete, (ii) s\u00fabory cookie, ktor\u00e9 zost\u00e1vaj\u00fa platn\u00e9 do d\u00e1tumu ich vypr\u0161ania, a (iii) rel\u00e1ciov\u00e9 s\u00fabory cookie, ktor\u00e9 sa ukladaj\u00fa do webov\u00e9ho prehliada\u010da a zost\u00e1vaj\u00fa platn\u00e9 do momentu zatvorenia prehliada\u010da. S\u00fabory cookie m\u00f4\u017eu by\u0165 tie\u017e (i) s\u00fabory cookie prvej strany (nastaven\u00e9 samotnou p\u00f4vodnou webovou str\u00e1nkou) a (ii) s\u00fabory cookie tretej strany (umiestnen\u00e9 webov\u00fdmi str\u00e1nkami tret\u00edch str\u00e1n).<\/p><p><a name=\"_Toc2\"><\/a><strong>3. AK\u00c9 S\u00daBORY COOKIE POU\u017d\u00cdVAME?<\/strong><\/p><p>Na str\u00e1nke uketasupport.com m\u00f4\u017eeme pou\u017e\u00edva\u0165 r\u00f4zne typy s\u00faborov cookie, vr\u00e1tane:<\/p><ul><li><strong>Nezbytn\u00e9 technick\u00e9 s\u00fabory cookie<\/strong>, ktor\u00e9 s\u00fa nevyhnutne potrebn\u00e9 na zabezpe\u010denie spr\u00e1vneho fungovania str\u00e1nky uketasupport.com a poskytovanie slu\u017eieb, ktor\u00e9 po\u017eadujete;<\/li><li><strong>Preferen\u010dn\u00e9 s\u00fabory cookie<\/strong>, ktor\u00e9 n\u00e1m umo\u017e\u0148uj\u00fa uklada\u0165 a uchov\u00e1va\u0165 va\u0161e preferencie;<\/li><li><strong>Marketingov\u00e9 s\u00fabory cookie<\/strong>, ktor\u00e9 n\u00e1m umo\u017e\u0148uj\u00fa vytv\u00e1ra\u0165, implementova\u0165 a sk\u00fama\u0165 na\u0161e marketingov\u00e9 kampane. Tieto s\u00fabory cookie n\u00e1m umo\u017e\u0148uj\u00fa oslovi\u0165 spr\u00e1vnych z\u00e1kazn\u00edkov, analyzova\u0165 produktivitu na\u0161ich marketingov\u00fdch kampan\u00ed a pon\u00faka\u0165 v\u00e1m personalizovan\u00fa reklamu; a<\/li><li><strong>\u0160tatistick\u00e9 s\u00fabory cookie<\/strong>, ktor\u00e9 n\u00e1m umo\u017e\u0148uj\u00fa generova\u0165 \u0161tatistick\u00e9 spr\u00e1vy o tom, ako pou\u017e\u00edvate uketasupport.com.<\/li><\/ul><p><a name=\"_Toc3\"><\/a><strong>4. S\u00daHLAS S POU\u017d\u00cdVAN\u00cdM S\u00daBOROV COOKIE<\/strong><\/p><p>Ke\u010f nav\u0161t\u00edvite uketasupport.com, prostredn\u00edctvom banneru so s\u00fahlasom s pou\u017e\u00edvan\u00edm s\u00faborov cookie v\u00e1s po\u017eiadame o s\u00fahlas s pou\u017e\u00edvan\u00edm v\u0161etk\u00fdch s\u00faborov cookie. Ak n\u00e1m svoj s\u00fahlas neposkytnete, nebudeme v\u00e1m poskytova\u0165 na\u0161e nepovinn\u00e9 s\u00fabory cookie (\u0161tatistick\u00e9 a marketingov\u00e9). Upozor\u0148ujeme, \u017ee ak nebud\u00fa povolen\u00e9 v\u0161etky s\u00fabory cookie, nem\u00f4\u017eeme v\u00e1m na str\u00e1nke uketasupport.com poskytn\u00fa\u0165 optim\u00e1lny pou\u017e\u00edvate\u013esk\u00fd z\u00e1\u017eitok.<\/p><p><a name=\"_Toc4\"><\/a><strong>5. AKO VYPN\u00da\u0164 S\u00daBORY COOKIE?<\/strong><\/p><p>Ke\u010f v\u00e1s po\u017eiadame o s\u00fahlas s pou\u017e\u00edvan\u00edm nepovinn\u00fdch s\u00faborov cookie, m\u00e1te pr\u00e1vo tento s\u00fahlas neudeli\u0165. Ak nesk\u00f4r odmietnete pou\u017e\u00edvanie nepovinn\u00fdch s\u00faborov cookie, m\u00f4\u017eete tak urobi\u0165 kedyko\u013evek odmietnut\u00edm s\u00faborov cookie vo svojom prehliada\u010di alebo zariaden\u00ed. \u010eal\u0161ie inform\u00e1cie n\u00e1jdete v pokynoch na spr\u00e1vu s\u00faborov cookie vo va\u0161om prehliada\u010di:<\/p><ul><li><strong>Apple Safari:<\/strong> <a href=\"https:\/\/support.apple.com\/en-gb\/guide\/safari\/manage-cookies-and-website-data-sfri11471\/mac\">https:\/\/support.apple.com\/en-gb\/guide\/safari\/manage-cookies-and-website-data-sfri11471\/mac<\/a><\/li><li><strong>Google Chrome: <\/strong><a href=\"https:\/\/support.google.com\/chrome\/answer\/95647\">https:\/\/support.google.com\/chrome\/answer\/95647<\/a><\/li><li><strong>Firefox:<\/strong> <a href=\"https:\/\/support.mozilla.org\/en-US\/kb\/enable-and-disable-cookies-website-preferences\">https:\/\/support.mozilla.org\/en-US\/kb\/enable-and-disable-cookies-website-preferences<\/a><\/li><li><strong>Opera:<\/strong> <a href=\"https:\/\/blogs.opera.com\/news\/2015\/08\/how-to-manage-cookies-in-opera\/\">https:\/\/blogs.opera.com\/news\/2015\/08\/how-to-manage-cookies-in-opera\/<\/a><\/li><li><strong>Microsoft Edge:<\/strong> <a href=\"https:\/\/support.microsoft.com\/en-us\/help\/4468242\/microsoft-edge-browsing-data-and-privacy-microsoft-privacy\">https:\/\/support.microsoft.com\/en-us\/help\/4468242\/microsoft-edge-browsing-data-and-privacy-microsoft-privacy<\/a><\/li><\/ul><p><a name=\"_Toc5\"><\/a><strong>6. REKLAMA Z\u00c1KLADN\u00c1 NA Z\u00c1UJMOCH<\/strong><\/p><p>M\u00f4\u017eete sa stretn\u00fa\u0165 s cielenou reklamou zalo\u017eenou na va\u0161om pou\u017e\u00edvan\u00ed uketasupport.com a in\u00fdch webov\u00fdch str\u00e1nok na internete. V pr\u00edpade potreby po\u017eiadame o v\u00e1\u0161 s\u00fahlas. M\u00f4\u017eete kontrolova\u0165, ako sa v\u00e1m t\u00e1to reklama zobrazuje, alebo sa odhl\u00e1si\u0165 z cielen\u00fdch rekl\u00e1m pomocou sprievodcu poskytovan\u00e9ho organiz\u00e1ciou Digital Advertising Alliance, ktor\u00fd je k dispoz\u00edcii na adrese https:\/\/youradchoices.com. \u010eal\u0161ie inform\u00e1cie o odhl\u00e1sen\u00ed sa z reklamn\u00fdch funkci\u00ed na va\u0161om zariaden\u00ed n\u00e1jdete na adrese <a href=\"https:\/\/www.networkadvertising.org\/\">https:\/\/www.networkadvertising.org<\/a>.<\/p><p><a name=\"_Toc6\"><\/a><strong>7. GOOGLE ANALYTICS<\/strong><\/p><p>Pou\u017e\u00edvame Google Analytics, slu\u017ebu webovej anal\u00fdzy poskytovan\u00fa spolo\u010dnos\u0165ou Google LLC so s\u00eddlom na adrese 1600 Amphitheatre Parkway, Mountain View, CA 94043, USA (\u201e<strong>Google<\/strong>\u201c). Google generuje \u0161tatistick\u00e9 inform\u00e1cie prostredn\u00edctvom s\u00faborov cookie a vytv\u00e1ra spr\u00e1vy o va\u0161om pou\u017e\u00edvan\u00ed str\u00e1nky uketasupport.com. S\u00fabory cookie pou\u017e\u00edvan\u00e9 spolo\u010dnos\u0165ou Google s\u00fa anonymn\u00e9 s\u00fabory cookie prvej strany, ktor\u00e9 n\u00e1m neumo\u017e\u0148uj\u00fa v\u00e1s nijak identifikova\u0165. Inform\u00e1cie generovan\u00e9 s\u00fabormi cookie bud\u00fa odoslan\u00e9 a ulo\u017een\u00e9 spolo\u010dnos\u0165ou Google na serveroch v Spojen\u00fdch \u0161t\u00e1toch. Aby bola zabezpe\u010den\u00e1 va\u0161a s\u00fakromnos\u0165, va\u0161a IP adresa bude anonymizovan\u00e1 a spolo\u010dnos\u0165 Google nebude kombinova\u0165 va\u0161u IP adresu s in\u00fdmi inform\u00e1ciami, ktor\u00e9 o v\u00e1s m\u00e1. Spolo\u010dnos\u0165 Google v\u00e1s tak nebude m\u00f4c\u0165 identifikova\u0165. V ur\u010dit\u00fdch pr\u00edpadoch (napr. ak to vy\u017eaduje z\u00e1kon alebo ak tretie strany poskytuj\u00fa slu\u017eby v mene spolo\u010dnosti Google) m\u00f4\u017ee spolo\u010dnos\u0165 Google prenies\u0165 inform\u00e1cie tret\u00edm stran\u00e1m. \u010eal\u0161ie inform\u00e1cie o postupoch spolo\u010dnosti Google v oblasti ochrany osobn\u00fdch \u00fadajov n\u00e1jdete na str\u00e1nke <a href=\"https:\/\/support.google.com\/analytics\/answer\/6004245\">https:\/\/support.google.com\/analytics\/answer\/6004245<\/a>. Ak si \u017eel\u00e1te odhl\u00e1si\u0165 sa zo slu\u017eby Google Analytics, m\u00f4\u017eete tak urobi\u0165 in\u0161tal\u00e1ciou doplnku prehliada\u010da na odhl\u00e1senie zo slu\u017eby Google Analytics, ktor\u00fd je k dispoz\u00edcii na adrese <a href=\"https:\/\/tools.google.com\/dlpage\/gaoptout?hl=en\">https:\/\/tools.google.com\/dlpage\/gaoptout?hl=en<\/a>.<\/p><p><a name=\"_Toc7\"><\/a><strong>8. GOOGLE reCAPCHA<\/strong><\/p><p>Pou\u017e\u00edvame slu\u017ebu reCAPCHA, ktor\u00fa poskytuje spolo\u010dnos\u0165 Google, na overenie, \u010di ste \u010dlovek a nie robot. Pom\u00e1ha chr\u00e1ni\u0165 uketasupport.com pred spamom a zneu\u017eit\u00edm. Anal\u00fdza reCAPTCHA prebieha na pozad\u00ed. Ke\u010f pou\u017e\u00edvate reCAPCHA, Google zhroma\u017e\u010fuje niektor\u00e9 va\u0161e osobn\u00e9 a neosobn\u00e9 \u00fadaje, ako napr\u00edklad:<\/p><ul><li>V\u0161etky s\u00fabory cookie, ktor\u00e9 Google ulo\u017eil do v\u00e1\u0161ho prehliada\u010da za posledn\u00fdch 6 mesiacov;<\/li><li>Inform\u00e1cie o kliknutiach my\u0161i;<\/li><li>Inform\u00e1cie o CSS;<\/li><li>D\u00e1tum;<\/li><li>Jazyk prehliada\u010da;<\/li><li>V\u0161etky doplnky nain\u0161talovan\u00e9 v prehliada\u010di; a<\/li><li>Objekty Javascript.<\/li><\/ul><p>Vy\u0161\u0161ie uveden\u00e9 \u00fadaje bud\u00fa odoslan\u00e9 spolo\u010dnosti Google so s\u00eddlom v Spojen\u00fdch \u0161t\u00e1toch. M\u00e1me opr\u00e1vnen\u00fd z\u00e1ujem chr\u00e1ni\u0165 uketasupport.com pred zneu\u017e\u00edvaj\u00facim automatick\u00fdm prehliadan\u00edm a spamom. \u010eal\u0161ie inform\u00e1cie o slu\u017ebe Google reCAPTCHA a z\u00e1sad\u00e1ch ochrany osobn\u00fdch \u00fadajov spolo\u010dnosti Google n\u00e1jdete na nasleduj\u00facich odkazoch: <a href=\"https:\/\/www.google.com\/intl\/de\/policies\/privacy\/\">https:\/\/www.google.com\/intl\/de\/policies\/privacy\/<\/a> a <a href=\"https:\/\/www.google.com\/recaptcha\/intro\/v3.html\">https:\/\/www.google.com\/recaptcha\/intro\/v3.html<\/a> .<\/p><p><a name=\"_Toc8\"><\/a><strong>9. FACEBOOK CUSTOM AUDIENCE<\/strong><\/p><p>Pou\u017e\u00edvame Facebook Custom Audience a Remarketing. Ide o slu\u017ebu re-marketingu a behavior\u00e1lneho cielenia poskytovan\u00fa spolo\u010dnos\u0165ou Meta Platforms, Inc. so s\u00eddlom v Spojen\u00fdch \u0161t\u00e1toch, ktor\u00e1 sp\u00e1ja va\u0161u aktivitu na uketasupport.com s reklamnou sie\u0165ou Facebook. Inform\u00e1cie, ktor\u00e9 m\u00f4\u017eu by\u0165 zhroma\u017e\u010fovan\u00e9, s\u00fa va\u0161e \u00fadaje s\u00favisiace s cookies a e-mailov\u00e1 adresa. V pr\u00edpade potreby po\u017eiadame o v\u00e1\u0161 s\u00fahlas s pou\u017e\u00edvan\u00edm tohto n\u00e1stroja alebo cookies s\u00favisiacich s t\u00fdmto n\u00e1strojom. Pou\u017eitie tohto n\u00e1stroja n\u00e1m umo\u017e\u0148uje zobrazova\u0165 reklamy zalo\u017een\u00e9 na z\u00e1ujmoch, ke\u010f nav\u0161t\u00edvite soci\u00e1lnu sie\u0165 Facebook alebo in\u00e9 webov\u00e9 str\u00e1nky, ktor\u00e9 tie\u017e pou\u017e\u00edvaj\u00fa tento n\u00e1stroj. T\u00fdmto sp\u00f4sobom m\u00f4\u017eete vidie\u0165 reklamy, ktor\u00e9 m\u00f4\u017eu by\u0165 pre v\u00e1s relevantn\u00e9 alebo zauj\u00edmav\u00e9. Zobrazenie tak\u00fdchto rekl\u00e1m m\u00f4\u017eete odmietnu\u0165 \u00fapravou nastaven\u00ed s\u00faborov cookie. \u010eal\u0161ie inform\u00e1cie o kontrole rekl\u00e1m zalo\u017een\u00fdch na z\u00e1ujmoch n\u00e1jdete v \u010dasti 6 t\u00fdchto z\u00e1sad pou\u017e\u00edvania s\u00faborov cookie.<\/p><p><a name=\"_Toc9\"><\/a><strong>10. KONTAKT<\/strong><\/p><p>Ak m\u00e1te ak\u00e9ko\u013evek ot\u00e1zky t\u00fdkaj\u00face sa t\u00fdchto z\u00e1sad pou\u017e\u00edvania s\u00faborov cookie alebo na\u0161ich postupov v oblasti ochrany \u00fadajov, kontaktujte n\u00e1s prostredn\u00edctvom nasleduj\u00facich kontaktn\u00fdch \u00fadajov:<\/p><p><strong>E-mail: <\/strong><a href=\"mailto:info@uketasupport.com\">info@uketasupport.com<\/a><\/p>\t\t\t\t\t\t\t\t<\/div>\n\t\t\t\t<\/div>\n\t\t\t\t<\/div>\n\t\t\t\t<\/div>\n\t\t\t\t\t<\/div>\n\t\t\t\t<\/div>\n\t\t\t\t<\/div>\n\t\t","protected":false},"excerpt":{"rendered":"<p>Na tejto webovej str\u00e1nke pou\u017e\u00edvame s\u00fabory cookie. Ni\u017e\u0161ie n\u00e1jdete podrobn\u00e9 inform\u00e1cie o typoch na\u0161ich s\u00faborov cookie, ich \u00fa\u010deloch a va\u0161om pr\u00e1ve na spr\u00e1vu s\u00faborov cookie. 1. KTO JE ZODPOVEDN\u00dd ZA S\u00daBORY COOKIE NA STR\u00c1NKE UKETASUPPORT.COM? 2. \u010cO BY STE MALI VEDIE\u0164 O S\u00daBOROCH COOKIE? 3. AK\u00c9 S\u00daBORY COOKIE POU\u017d\u00cdVAME? 4. S\u00daHLAS S POU\u017d\u00cdVAN\u00cdM S\u00daBOROV COOKIE [&hellip;]<\/p>\n","protected":false},"author":3,"featured_media":0,"parent":0,"menu_order":0,"comment_status":"closed","ping_status":"closed","template":"elementor_header_footer","meta":{"footnotes":""},"class_list":["post-9696","page","type-page","status-publish","hentry"],"aioseo_notices":[],"_links":{"self":[{"href":"https:\/\/govisaglobal.com\/sk\/wp-json\/wp\/v2\/pages\/9696","targetHints":{"allow":["GET"]}}],"collection":[{"href":"https:\/\/govisaglobal.com\/sk\/wp-json\/wp\/v2\/pages"}],"about":[{"href":"https:\/\/govisaglobal.com\/sk\/wp-json\/wp\/v2\/types\/page"}],"author":[{"embeddable":true,"href":"https:\/\/govisaglobal.com\/sk\/wp-json\/wp\/v2\/users\/3"}],"replies":[{"embeddable":true,"href":"https:\/\/govisaglobal.com\/sk\/wp-json\/wp\/v2\/comments?post=9696"}],"version-history":[{"count":4,"href":"https:\/\/govisaglobal.com\/sk\/wp-json\/wp\/v2\/pages\/9696\/revisions"}],"predecessor-version":[{"id":12533,"href":"https:\/\/govisaglobal.com\/sk\/wp-json\/wp\/v2\/pages\/9696\/revisions\/12533"}],"wp:attachment":[{"href":"https:\/\/govisaglobal.com\/sk\/wp-json\/wp\/v2\/media?parent=9696"}],"curies":[{"name":"wp","href":"https:\/\/api.w.org\/{rel}","templated":true}]}}