{"id":7571,"date":"2025-06-21T06:03:29","date_gmt":"2025-06-21T06:03:29","guid":{"rendered":"https:\/\/govisaglobal.com\/policy-for-cookies\/"},"modified":"2025-07-13T18:50:48","modified_gmt":"2025-07-13T18:50:48","slug":"policy-for-cookies","status":"publish","type":"page","link":"https:\/\/govisaglobal.com\/sv\/policy-for-cookies\/","title":{"rendered":"Policy f\u00f6r cookies"},"content":{"rendered":"\t\t<div data-elementor-type=\"wp-page\" data-elementor-id=\"7571\" class=\"elementor elementor-7571 elementor-1742\" data-elementor-post-type=\"page\">\n\t\t\t\t<div class=\"elementor-element elementor-element-6005376 e-flex e-con-boxed e-con e-parent\" data-id=\"6005376\" data-element_type=\"container\" data-e-type=\"container\">\n\t\t\t\t\t<div class=\"e-con-inner\">\n\t\t<div class=\"elementor-element elementor-element-1b6ff59 e-con-full e-flex e-con e-child\" data-id=\"1b6ff59\" data-element_type=\"container\" data-e-type=\"container\">\n\t\t<div class=\"elementor-element elementor-element-9a256bc e-con-full e-flex e-con e-child\" data-id=\"9a256bc\" data-element_type=\"container\" data-e-type=\"container\" data-settings=\"{&quot;background_background&quot;:&quot;classic&quot;}\">\n\t\t\t\t<div class=\"elementor-element elementor-element-2b6ce32 elementor-widget elementor-widget-post-info\" data-id=\"2b6ce32\" data-element_type=\"widget\" data-e-type=\"widget\" data-widget_type=\"post-info.default\">\n\t\t\t\t<div class=\"elementor-widget-container\">\n\t\t\t\t\t\t\t<ul class=\"elementor-inline-items elementor-icon-list-items elementor-post-info\">\n\t\t\t\t\t\t\t\t<li class=\"elementor-icon-list-item elementor-repeater-item-40ac0bb elementor-inline-item\">\n\t\t\t\t\t\t\t\t\t\t\t\t\t<span class=\"elementor-icon-list-text elementor-post-info__item elementor-post-info__item--type-custom\">\n\t\t\t\t\t\t\t\t\t\tSenast uppdaterad: 13 juli 2025\t\t\t\t\t<\/span>\n\t\t\t\t\t\t\t\t<\/li>\n\t\t\t\t<\/ul>\n\t\t\t\t\t\t<\/div>\n\t\t\t\t<\/div>\n\t\t\t\t<div class=\"elementor-element elementor-element-479a149 elementor-widget elementor-widget-spacer\" data-id=\"479a149\" data-element_type=\"widget\" data-e-type=\"widget\" data-widget_type=\"spacer.default\">\n\t\t\t\t<div class=\"elementor-widget-container\">\n\t\t\t\t\t\t\t<div class=\"elementor-spacer\">\n\t\t\t<div class=\"elementor-spacer-inner\"><\/div>\n\t\t<\/div>\n\t\t\t\t\t\t<\/div>\n\t\t\t\t<\/div>\n\t\t\t\t<div class=\"elementor-element elementor-element-08b9d0c elementor-widget elementor-widget-text-editor\" data-id=\"08b9d0c\" data-element_type=\"widget\" data-e-type=\"widget\" data-widget_type=\"text-editor.default\">\n\t\t\t\t<div class=\"elementor-widget-container\">\n\t\t\t\t\t\t\t\t\t<p><em>Vi anv\u00e4nder cookies p\u00e5 denna webbplats. Nedan hittar du detaljerad information om vilka typer av cookies vi anv\u00e4nder, deras syften och din r\u00e4tt att hantera cookies. <\/em><\/p>\t\t\t\t\t\t\t\t<\/div>\n\t\t\t\t<\/div>\n\t\t\t\t<div class=\"elementor-element elementor-element-d964092 elementor-widget-mobile__width-inherit elementor-widget elementor-widget-text-editor\" data-id=\"d964092\" data-element_type=\"widget\" data-e-type=\"widget\" data-widget_type=\"text-editor.default\">\n\t\t\t\t<div class=\"elementor-widget-container\">\n\t\t\t\t\t\t\t\t\t<p>1. VEM \u00c4R ANSVARIG F\u00d6R COOKIES P\u00c5 UKETASUPPORT.COM?<\/p><p>2. VAD B\u00d6R DU VETA OM COOKIES?<\/p><p>3. VILKA COOKIES ANV\u00c4NDER VI?<\/p><p>4. SAMTYCKE TILL COOKIES<\/p><p>5. HUR INAKTIVERAR DU COOKIES?<\/p><p>6. INTRESSEBASERAD ANNONSERING<\/p><p>7. GOOGLE ANALYTICS<\/p><p>8. GOOGLE reCAPCHA<\/p><p>9. FACEBOOK CUSTOM AUDIENCE<\/p><p>10. KONTAKT<\/p><p><a name=\"_Toc\"><\/a><strong>1. VEM \u00c4R ANSVARIG F\u00d6R COOKIES P\u00c5 UKETASUPPORT.COM?<\/strong><\/p><p>Den personuppgiftsansvarige som ansvarar f\u00f6r behandlingen av personuppgifter via webbplatsen <a href=\"https:\/\/govisaglobal.com\">https:\/\/govisaglobal.com<\/a>, relaterade dom\u00e4nnamn, programvara och tj\u00e4nster (tillsammans \u201d<strong>uketasupport.com<\/strong>\u201d), inklusive placering av f\u00f6rstapartscookies, \u00e4r TRAVEL MUNDO \u2013 FZCO med licensnummer 28833 (\u201d<strong>vi<\/strong>\u201d, \u201d<strong>oss<\/strong>\u201d eller \u201d<strong>v\u00e5r<\/strong>\u201d).<\/p><p><a name=\"_Toc1\"><\/a><strong>2. VAD B\u00d6R DU VETA OM COOKIES?<\/strong><\/p><p>En cookie \u00e4r en liten datafil som vanligtvis best\u00e5r av bokst\u00e4ver och siffror. N\u00e4r du bes\u00f6ker en webbplats kan den webbplatsen skicka en cookie till din webbl\u00e4sare. D\u00e4refter kan webbl\u00e4saren lagra cookien p\u00e5 din dator eller mobila enhet under en viss tid (cookiens utg\u00e5ngsdatum beror p\u00e5 dess typ). Cookies anv\u00e4nds f\u00f6r att k\u00e4nna igen din enhet och samla in viss information om din anv\u00e4ndning av webbplatser. P\u00e5 s\u00e5 s\u00e4tt kan webbplatser med tiden \u201dkomma ih\u00e5g\u201d dina \u00e5tg\u00e4rder och preferenser. Det finns flera typer av cookies, n\u00e4mligen (i) permanenta cookies, som f\u00f6rblir giltiga tills du raderar dem, (ii) cookies som f\u00f6rblir giltiga tills de l\u00f6per ut, och (iii) sessionscookies som lagras i en webbl\u00e4sare och f\u00f6rblir giltiga tills webbl\u00e4saren st\u00e4ngs. Cookies kan ocks\u00e5 vara (i) f\u00f6rstapartscookies (som s\u00e4tts av den ursprungliga webbplatsen sj\u00e4lv) och (ii) tredjepartscookies (som placeras av tredjepartswebbplatser).<\/p><p><a name=\"_Toc2\"><\/a><strong>3. VILKA COOKIES ANV\u00c4NDER VI?<\/strong><\/p><p>Vi kan anv\u00e4nda olika typer av cookies p\u00e5 uketasupport.com, inklusive:<\/p><ul><li><strong>V\u00e4sentliga tekniska cookies <\/strong>som \u00e4r absolut n\u00f6dv\u00e4ndiga f\u00f6r att uketasupport.com ska fungera korrekt och f\u00f6r att tillhandah\u00e5lla de tj\u00e4nster du beg\u00e4r;<\/li><li><strong>Preferenskakor<\/strong> som g\u00f6r det m\u00f6jligt f\u00f6r oss att spara och bevara dina preferenser;<\/li><li><strong>Marknadsf\u00f6ringskakor<\/strong> som g\u00f6r det m\u00f6jligt f\u00f6r oss att skapa, genomf\u00f6ra och utv\u00e4rdera v\u00e5ra marknadsf\u00f6ringskampanjer. S\u00e5dana kakor g\u00f6r det m\u00f6jligt f\u00f6r oss att n\u00e5 r\u00e4tt kunder, analysera produktiviteten i v\u00e5ra marknadsf\u00f6ringskampanjer och erbjuda dig personlig reklam; och<\/li><li><strong>Statistikcookies<\/strong> som g\u00f6r det m\u00f6jligt f\u00f6r oss att generera statistiska rapporter om hur du anv\u00e4nder uketasupport.com.<\/li><\/ul><p><a name=\"_Toc3\"><\/a><strong>4. SAMTYCKE TILL COOKIES<\/strong><\/p><p>N\u00e4r du bes\u00f6ker uketasupport.com kommer vi att be dig att ge ditt samtycke till v\u00e5r anv\u00e4ndning av alla cookies via en cookie-banner. Om du inte ger ditt samtycke kommer vi inte att anv\u00e4nda v\u00e5ra icke-n\u00f6dv\u00e4ndiga cookies (statistik- och marknadsf\u00f6ringscookies). Observera att vi kanske inte kan ge dig den b\u00e4sta m\u00f6jliga anv\u00e4ndarupplevelsen p\u00e5 uketasupport.com om inte alla cookies \u00e4r aktiverade.<\/p><p><a name=\"_Toc4\"><\/a><strong>5. HUR INAKTIVERAR DU COOKIES?<\/strong><\/p><p>N\u00e4r vi ber dig att ge ditt samtycke till v\u00e5r anv\u00e4ndning av icke-n\u00f6dv\u00e4ndiga cookies har du friheten att inte ge s\u00e5dant samtycke. Om du senare vill v\u00e4gra v\u00e5r anv\u00e4ndning av icke-n\u00f6dv\u00e4ndiga cookies kan du g\u00f6ra det n\u00e4r som helst genom att avvisa cookies i din webbl\u00e4sare eller enhet. F\u00f6r mer information kan du l\u00e4sa instruktionerna f\u00f6r cookiehantering i din webbl\u00e4sare:<\/p><ul><li><strong>Apple Safari:<\/strong> <a href=\"https:\/\/support.apple.com\/en-gb\/guide\/safari\/manage-cookies-and-website-data-sfri11471\/mac\">https:\/\/support.apple.com\/en-gb\/guide\/safari\/manage-cookies-and-website-data-sfri11471\/mac<\/a><\/li><li><strong>Google Chrome: <\/strong><a href=\"https:\/\/support.google.com\/chrome\/answer\/95647\">https:\/\/support.google.com\/chrome\/answer\/95647<\/a><\/li><li><strong>Firefox:<\/strong> <a href=\"https:\/\/support.mozilla.org\/en-US\/kb\/enable-and-disable-cookies-website-preferences\">https:\/\/support.mozilla.org\/en-US\/kb\/enable-and-disable-cookies-website-preferences<\/a><\/li><li><strong>Opera:<\/strong> <a href=\"https:\/\/blogs.opera.com\/news\/2015\/08\/how-to-manage-cookies-in-opera\/\">https:\/\/blogs.opera.com\/news\/2015\/08\/how-to-manage-cookies-in-opera\/<\/a><\/li><li><strong>Microsoft Edge:<\/strong> <a href=\"https:\/\/support.microsoft.com\/en-us\/help\/4468242\/microsoft-edge-browsing-data-and-privacy-microsoft-privacy\">https:\/\/support.microsoft.com\/en-us\/help\/4468242\/microsoft-edge-browsing-data-and-privacy-microsoft-privacy<\/a><\/li><\/ul><p><a name=\"_Toc5\"><\/a><strong>6. INTRESSEBASERAD ANNONSERING<\/strong><\/p><p>Du kan st\u00f6ta p\u00e5 riktad intressebaserad annonsering baserad p\u00e5 din anv\u00e4ndning av uketasupport.com och andra webbplatser p\u00e5 Internet. Vid behov kommer vi att beg\u00e4ra ditt samtycke. Du kan kontrollera hur s\u00e5dan reklam visas f\u00f6r dig eller v\u00e4lja bort riktad reklam genom att l\u00e4sa guiden fr\u00e5n Digital Advertising Alliance som finns p\u00e5 https:\/\/youradchoices.com. F\u00f6r mer information om hur du v\u00e4ljer bort reklamfunktioner p\u00e5 din enhet, bes\u00f6k <a href=\"https:\/\/www.networkadvertising.org\/\">https:\/\/www.networkadvertising.org<\/a> .<\/p><p><a name=\"_Toc6\"><\/a><strong>7. GOOGLE ANALYTICS<\/strong><\/p><p>Vi anv\u00e4nder Google Analytics, en webbanalystj\u00e4nst som tillhandah\u00e5lls av Google LLC, registrerat p\u00e5 1600 Amphitheatre Parkway, Mountain View, CA 94043, USA (\u201d<strong>Google<\/strong>\u201d). Google genererar statistisk information med hj\u00e4lp av cookies och skapar rapporter om din anv\u00e4ndning av uketasupport.com. De cookies som anv\u00e4nds av Google \u00e4r anonyma f\u00f6rstapartscookies som inte g\u00f6r det m\u00f6jligt f\u00f6r oss att identifiera dig p\u00e5 n\u00e5got s\u00e4tt. Den information som genereras av cookies \u00f6verf\u00f6rs till och lagras av Google p\u00e5 servrar i USA. F\u00f6r att s\u00e4kerst\u00e4lla din integritet anonymiseras din IP-adress och Google kommer inte att koppla din IP-adress till annan information som Google har om dig. Google kommer d\u00e4rmed inte att kunna identifiera dig. I vissa fall (t.ex. n\u00e4r det kr\u00e4vs enligt lag eller n\u00e4r tredje part utf\u00f6r tj\u00e4nster p\u00e5 Googles v\u00e4gnar) kan Google \u00f6verf\u00f6ra informationen till tredje part. F\u00f6r mer information om Google Analytics integritetspolicy, bes\u00f6k <a href=\"https:\/\/support.google.com\/analytics\/answer\/6004245\">https:\/\/support.google.com\/analytics\/answer\/6004245<\/a>. Om du vill v\u00e4lja bort Google Analytics kan du g\u00f6ra det genom att installera ett till\u00e4gg f\u00f6r webbl\u00e4sare som g\u00f6r det m\u00f6jligt att v\u00e4lja bort Google Analytics, tillg\u00e4ngligt p\u00e5 <a href=\"https:\/\/tools.google.com\/dlpage\/gaoptout?hl=en\">https:\/\/tools.google.com\/dlpage\/gaoptout?hl=en<\/a>.<\/p><p><a name=\"_Toc7\"><\/a><strong>8. GOOGLE reCAPCHA<\/strong><\/p><p>Vi anv\u00e4nder reCAPCHA, en tj\u00e4nst som tillhandah\u00e5lls av Google, f\u00f6r att verifiera att du \u00e4r en m\u00e4nniska och inte en robot. Det hj\u00e4lper till att skydda uketasupport.com mot spam och missbruk. reCAPTCHA-analysen sker i bakgrunden. N\u00e4r du anv\u00e4nder reCAPTCHA samlar Google in vissa personuppgifter och icke-personuppgifter fr\u00e5n dig, till exempel:<\/p><ul><li>Alla cookies som Google har placerat i din webbl\u00e4sare under de senaste 6 m\u00e5naderna;<\/li><li>Information om dina musklick;<\/li><li>CSS-information;<\/li><li>Datum;<\/li><li>Webbl\u00e4sarspr\u00e5k;<\/li><li>Eventuella plugin-program som \u00e4r installerade i webbl\u00e4saren; och<\/li><li>Javascript-objekt.<\/li><\/ul><p>Ovanst\u00e5ende uppgifter skickas till Google i USA. Vi har ett ber\u00e4ttigat intresse av att skydda uketasupport.com fr\u00e5n missbruk av automatiserad genoms\u00f6kning och skr\u00e4ppost. F\u00f6r mer information om Google reCAPTCHA och Googles sekretesspolicy, bes\u00f6k f\u00f6ljande l\u00e4nkar: <a href=\"https:\/\/www.google.com\/intl\/de\/policies\/privacy\/\">https:\/\/www.google.com\/intl\/de\/policies\/privacy\/<\/a> och <a href=\"https:\/\/www.google.com\/recaptcha\/intro\/v3.html\">https:\/\/www.google.com\/recaptcha\/intro\/v3.html<\/a> .<\/p><p><a name=\"_Toc8\"><\/a><strong>9. FACEBOOK CUSTOM AUDIENCE<\/strong><\/p><p>Vi anv\u00e4nder Facebook Custom Audience och Remarketing. Det \u00e4r en tj\u00e4nst f\u00f6r remarketing och beteendestyrd annonsering som tillhandah\u00e5lls av Meta Platforms, Inc. i USA, som kopplar samman din aktivitet p\u00e5 uketasupport.com med Facebooks annonsn\u00e4tverk. Den information som kan samlas in om dig \u00e4r dina cookie-relaterade data och din e-postadress. Vid behov kommer vi att be om ditt samtycke f\u00f6r att anv\u00e4nda detta verktyg eller de cookies som \u00e4r relaterade till detta verktyg. Anv\u00e4ndningen av detta verktyg g\u00f6r det m\u00f6jligt f\u00f6r oss att visa intressebaserade annonser n\u00e4r du bes\u00f6ker det sociala n\u00e4tverket Facebook eller andra webbplatser som ocks\u00e5 anv\u00e4nder detta verktyg. P\u00e5 s\u00e5 s\u00e4tt kan du se annonser som kan vara relevanta eller intressanta f\u00f6r dig. Du kan v\u00e4lja att inte se s\u00e5dana annonser genom att justera dina cookie-inst\u00e4llningar. Se \u00e4ven avsnitt 6 i denna cookiepolicy f\u00f6r l\u00e4nkar som ger mer information om hur du kontrollerar intressebaserad annonsering.<\/p><p><a name=\"_Toc9\"><\/a><strong>10. KONTAKT<\/strong><\/p><p>Om du har n\u00e5gra fr\u00e5gor om denna cookiepolicy eller v\u00e5ra dataskyddsrutiner, v\u00e4nligen kontakta oss via f\u00f6ljande kontaktuppgifter:<\/p><p><strong>E-post: <\/strong><a href=\"mailto:info@uketasupport.com\">info@uketasupport.com<\/a><\/p>\t\t\t\t\t\t\t\t<\/div>\n\t\t\t\t<\/div>\n\t\t\t\t<\/div>\n\t\t\t\t<\/div>\n\t\t\t\t\t<\/div>\n\t\t\t\t<\/div>\n\t\t\t\t<\/div>\n\t\t","protected":false},"excerpt":{"rendered":"<p>Vi anv\u00e4nder cookies p\u00e5 denna webbplats. Nedan hittar du detaljerad information om vilka typer av cookies vi anv\u00e4nder, deras syften och din r\u00e4tt att hantera cookies. 1. VEM \u00c4R ANSVARIG F\u00d6R COOKIES P\u00c5 UKETASUPPORT.COM? 2. VAD B\u00d6R DU VETA OM COOKIES? 3. VILKA COOKIES ANV\u00c4NDER VI? 4. SAMTYCKE TILL COOKIES 5. HUR INAKTIVERAR DU COOKIES? [&hellip;]<\/p>\n","protected":false},"author":3,"featured_media":0,"parent":0,"menu_order":0,"comment_status":"closed","ping_status":"closed","template":"elementor_header_footer","meta":{"footnotes":""},"class_list":["post-7571","page","type-page","status-publish","hentry"],"aioseo_notices":[],"_links":{"self":[{"href":"https:\/\/govisaglobal.com\/sv\/wp-json\/wp\/v2\/pages\/7571","targetHints":{"allow":["GET"]}}],"collection":[{"href":"https:\/\/govisaglobal.com\/sv\/wp-json\/wp\/v2\/pages"}],"about":[{"href":"https:\/\/govisaglobal.com\/sv\/wp-json\/wp\/v2\/types\/page"}],"author":[{"embeddable":true,"href":"https:\/\/govisaglobal.com\/sv\/wp-json\/wp\/v2\/users\/3"}],"replies":[{"embeddable":true,"href":"https:\/\/govisaglobal.com\/sv\/wp-json\/wp\/v2\/comments?post=7571"}],"version-history":[{"count":4,"href":"https:\/\/govisaglobal.com\/sv\/wp-json\/wp\/v2\/pages\/7571\/revisions"}],"predecessor-version":[{"id":12512,"href":"https:\/\/govisaglobal.com\/sv\/wp-json\/wp\/v2\/pages\/7571\/revisions\/12512"}],"wp:attachment":[{"href":"https:\/\/govisaglobal.com\/sv\/wp-json\/wp\/v2\/media?parent=7571"}],"curies":[{"name":"wp","href":"https:\/\/api.w.org\/{rel}","templated":true}]}}